{"id":1860,"date":"2023-06-21T08:52:58","date_gmt":"2023-06-21T08:52:58","guid":{"rendered":"http:\/\/clinicadentaldoctoreslopez.es\/?page_id=1860"},"modified":"2024-06-21T12:44:51","modified_gmt":"2024-06-21T12:44:51","slug":"hair-mesotherapy","status":"publish","type":"page","link":"https:\/\/clinicadoctoreslopez.com\/en\/hair-mesotherapy\/","title":{"rendered":"Hair Mesotherapy"},"content":{"rendered":"<div data-elementor-type=\"wp-page\" data-elementor-id=\"1860\" class=\"elementor elementor-1860\" data-elementor-post-type=\"page\">\n\t\t\t\t\t\t<section class=\"elementor-section elementor-top-section elementor-element elementor-element-4d008b3b elementor-section-full_width elementor-section-height-min-height elementor-section-items-stretch elementor-section-height-default\" data-id=\"4d008b3b\" data-element_type=\"section\" data-e-type=\"section\" data-settings=\"{&quot;shape_divider_top&quot;:&quot;triangle&quot;}\">\n\t\t\t\t\t<div class=\"elementor-shape elementor-shape-top\" aria-hidden=\"true\" data-negative=\"false\">\n\t\t\t<svg xmlns=\"http:\/\/www.w3.org\/2000\/svg\" viewbox=\"0 0 1000 100\" preserveaspectratio=\"none\">\n\t<path class=\"elementor-shape-fill\" d=\"M500,98.9L0,6.1V0h1000v6.1L500,98.9z\"\/>\n<\/svg>\t\t<\/div>\n\t\t\t\t\t<div class=\"elementor-container elementor-column-gap-default\">\n\t\t\t\t\t<div class=\"elementor-column elementor-col-100 elementor-top-column elementor-element elementor-element-5a8abf38\" data-id=\"5a8abf38\" data-element_type=\"column\" data-e-type=\"column\">\n\t\t\t<div class=\"elementor-widget-wrap elementor-element-populated\">\n\t\t\t\t\t\t<div class=\"elementor-element elementor-element-5bee32cf elementor-widget elementor-widget-heading\" data-id=\"5bee32cf\" data-element_type=\"widget\" data-e-type=\"widget\" data-widget_type=\"heading.default\">\n\t\t\t\t<div class=\"elementor-widget-container\">\n\t\t\t\t\t<p class=\"elementor-heading-title elementor-size-default\">CAPILLARY UNIT<\/p>\t\t\t\t<\/div>\n\t\t\t\t<\/div>\n\t\t\t\t<div class=\"elementor-element elementor-element-43b3142c elementor-widget elementor-widget-heading\" data-id=\"43b3142c\" data-element_type=\"widget\" data-e-type=\"widget\" data-widget_type=\"heading.default\">\n\t\t\t\t<div class=\"elementor-widget-container\">\n\t\t\t\t\t<h1 class=\"elementor-heading-title elementor-size-default\">HAIR MESOTHERAPY<\/h1>\t\t\t\t<\/div>\n\t\t\t\t<\/div>\n\t\t\t\t\t<\/div>\n\t\t<\/div>\n\t\t\t\t\t<\/div>\n\t\t<\/section>\n\t\t\t\t<section class=\"elementor-section elementor-top-section elementor-element elementor-element-2a1ce7bd elementor-section-boxed elementor-section-height-default elementor-section-height-default\" data-id=\"2a1ce7bd\" data-element_type=\"section\" data-e-type=\"section\">\n\t\t\t\t\t\t<div class=\"elementor-container elementor-column-gap-default\">\n\t\t\t\t\t<div class=\"elementor-column elementor-col-100 elementor-top-column elementor-element elementor-element-537705b3\" data-id=\"537705b3\" data-element_type=\"column\" data-e-type=\"column\">\n\t\t\t<div class=\"elementor-widget-wrap elementor-element-populated\">\n\t\t\t\t\t\t<div class=\"elementor-element elementor-element-7da60a08 elementor-widget elementor-widget-heading\" data-id=\"7da60a08\" data-element_type=\"widget\" data-e-type=\"widget\" data-widget_type=\"heading.default\">\n\t\t\t\t<div class=\"elementor-widget-container\">\n\t\t\t\t\t<h2 class=\"elementor-heading-title elementor-size-default\">What is it?<\/h2>\t\t\t\t<\/div>\n\t\t\t\t<\/div>\n\t\t\t\t<div class=\"elementor-element elementor-element-1b3eeb4b elementor-widget elementor-widget-text-editor\" data-id=\"1b3eeb4b\" data-element_type=\"widget\" data-e-type=\"widget\" data-widget_type=\"text-editor.default\">\n\t\t\t\t<div class=\"elementor-widget-container\">\n\t\t\t\t\t\t\t\t\t<p>The <b>mesotherapy <a href=\"\/en\/capillary-unit\/\"><b>capillary<\/b><\/a><\/b> consists of a\u00a0<strong>biostimulation treatment<\/strong>, which through small subcutaneous injections biologically activate hair cells. Consequently, we reverse the miniaturization of the follicle and\u00a0<strong>we increase the thickness of the hair.<\/strong><\/p>\t\t\t\t\t\t\t\t<\/div>\n\t\t\t\t<\/div>\n\t\t\t\t<div class=\"elementor-element elementor-element-2d64abd8 elementor-align-left elementor-widget elementor-widget-button\" data-id=\"2d64abd8\" data-element_type=\"widget\" data-e-type=\"widget\" data-widget_type=\"button.default\">\n\t\t\t\t<div class=\"elementor-widget-container\">\n\t\t\t\t\t\t\t\t\t<div class=\"elementor-button-wrapper\">\n\t\t\t\t\t<a class=\"elementor-button elementor-button-link elementor-size-sm\" href=\"\/en\/contact\/\">\n\t\t\t\t\t\t<span class=\"elementor-button-content-wrapper\">\n\t\t\t\t\t\t\t\t\t<span class=\"elementor-button-text\">Make an appointment<\/span>\n\t\t\t\t\t<\/span>\n\t\t\t\t\t<\/a>\n\t\t\t\t<\/div>\n\t\t\t\t\t\t\t\t<\/div>\n\t\t\t\t<\/div>\n\t\t\t\t\t<\/div>\n\t\t<\/div>\n\t\t\t\t\t<\/div>\n\t\t<\/section>\n\t\t\t\t<section class=\"elementor-section elementor-top-section elementor-element elementor-element-7b17c9b elementor-section-boxed elementor-section-height-default elementor-section-height-default\" data-id=\"7b17c9b\" data-element_type=\"section\" data-e-type=\"section\">\n\t\t\t\t\t\t<div class=\"elementor-container elementor-column-gap-default\">\n\t\t\t\t\t<div class=\"elementor-column elementor-col-100 elementor-top-column elementor-element elementor-element-a23f3ad\" data-id=\"a23f3ad\" data-element_type=\"column\" data-e-type=\"column\">\n\t\t\t<div class=\"elementor-widget-wrap elementor-element-populated\">\n\t\t\t\t\t\t<div class=\"elementor-element elementor-element-ff13d3c elementor-widget elementor-widget-text-editor\" data-id=\"ff13d3c\" data-element_type=\"widget\" data-e-type=\"widget\" data-widget_type=\"text-editor.default\">\n\t\t\t\t<div class=\"elementor-widget-container\">\n\t\t\t\t\t\t\t\t\t<div class=\"et_pb_module et_pb_text et_pb_text_5 et_pb_text_align_center et_pb_bg_layout_light et_had_animation\"><div class=\"et_pb_text_inner\"><div class=\"et_pb_module et_pb_text et_pb_text_5 et_pb_text_align_center et_pb_bg_layout_light et_had_animation\"><div class=\"et_pb_text_inner\"><h3><strong>WHAT PRODUCTS DO WE INJECT?<\/strong><\/h3><div><strong>\u00a0<\/strong><\/div><\/div><\/div><div class=\"et_pb_module et_pb_text et_pb_text_6 et_pb_text_align_left et_pb_bg_layout_light\"><div class=\"et_pb_text_inner\"><p>There are different types of substances, and we are going to use them depending on the medical diagnosis of the hair&#039;s needs:\u00a0<\/p><ul><li>Vitamin and amino acid complexes.<\/li><li>Biomimetic peptides.<\/li><\/ul><p>In hair mesotherapy, thanks to a very fine needle, which does not cause pain, we can deliver a whole series of treatments to the dermis.\u00a0<strong>nutrients, vitamins, minerals, trace elements, which will restore vitality to our hair.<\/strong><\/p><\/div><p>Platelet-rich plasma is a\u00a0<strong>autologous treatment<\/strong>, and it is still another type of mesotherapy. In this case, the patient, through his own centrifuged blood, is the provider for said treatment.\u00a0<\/p><p>The plasma with growth factors reaches the hair follicle directly and contributes to the <b>hair regeneration<\/b>, since its application on tissues helps in the formation of collagen and the appearance of new blood vessels, essential to stimulate the growth of new hair.<\/p><\/div><\/div><\/div>\t\t\t\t\t\t\t\t<\/div>\n\t\t\t\t<\/div>\n\t\t\t\t\t<\/div>\n\t\t<\/div>\n\t\t\t\t\t<\/div>\n\t\t<\/section>\n\t\t\t\t<section class=\"elementor-section elementor-top-section elementor-element elementor-element-eecb0c3 elementor-section-boxed elementor-section-height-default elementor-section-height-default\" data-id=\"eecb0c3\" data-element_type=\"section\" data-e-type=\"section\" data-settings=\"{&quot;background_background&quot;:&quot;classic&quot;}\">\n\t\t\t\t\t\t<div class=\"elementor-container elementor-column-gap-default\">\n\t\t\t\t\t<div class=\"elementor-column elementor-col-100 elementor-top-column elementor-element elementor-element-35457839\" data-id=\"35457839\" data-element_type=\"column\" data-e-type=\"column\">\n\t\t\t<div class=\"elementor-widget-wrap elementor-element-populated\">\n\t\t\t\t\t\t<section class=\"elementor-section elementor-inner-section elementor-element elementor-element-1714b7f8 elementor-section-boxed elementor-section-height-default elementor-section-height-default\" data-id=\"1714b7f8\" data-element_type=\"section\" data-e-type=\"section\">\n\t\t\t\t\t\t<div class=\"elementor-container elementor-column-gap-default\">\n\t\t\t\t\t<div class=\"elementor-column elementor-col-25 elementor-inner-column elementor-element elementor-element-901a1ec\" data-id=\"901a1ec\" data-element_type=\"column\" data-e-type=\"column\">\n\t\t\t<div class=\"elementor-widget-wrap elementor-element-populated\">\n\t\t\t\t\t\t<div class=\"elementor-element elementor-element-3cbbba5 elementor-position-top elementor-widget elementor-widget-image-box\" data-id=\"3cbbba5\" data-element_type=\"widget\" data-e-type=\"widget\" data-widget_type=\"image-box.default\">\n\t\t\t\t<div class=\"elementor-widget-container\">\n\t\t\t\t\t<div class=\"elementor-image-box-wrapper\"><figure class=\"elementor-image-box-img\"><img decoding=\"async\" width=\"66\" height=\"94\" src=\"https:\/\/clinicadoctoreslopez.com\/wp-content\/uploads\/2023\/03\/ICON-7.svg\" class=\"attachment-full size-full wp-image-493\" alt=\"\" title=\"\"><\/figure><div class=\"elementor-image-box-content\"><h3 class=\"elementor-image-box-title\">Zone<\/h3><p class=\"elementor-image-box-description\">Head<\/p><\/div><\/div>\t\t\t\t<\/div>\n\t\t\t\t<\/div>\n\t\t\t\t\t<\/div>\n\t\t<\/div>\n\t\t\t\t<div class=\"elementor-column elementor-col-25 elementor-inner-column elementor-element elementor-element-72bf75b6\" data-id=\"72bf75b6\" data-element_type=\"column\" data-e-type=\"column\">\n\t\t\t<div class=\"elementor-widget-wrap elementor-element-populated\">\n\t\t\t\t\t\t<div class=\"elementor-element elementor-element-5b3e8ca7 elementor-position-top elementor-widget elementor-widget-image-box\" data-id=\"5b3e8ca7\" data-element_type=\"widget\" data-e-type=\"widget\" data-widget_type=\"image-box.default\">\n\t\t\t\t<div class=\"elementor-widget-container\">\n\t\t\t\t\t<div class=\"elementor-image-box-wrapper\"><figure class=\"elementor-image-box-img\"><img decoding=\"async\" width=\"94\" height=\"94\" src=\"https:\/\/clinicadoctoreslopez.com\/wp-content\/uploads\/2023\/03\/ICON-6.svg\" class=\"attachment-full size-full wp-image-494\" alt=\"\" title=\"\"><\/figure><div class=\"elementor-image-box-content\"><h3 class=\"elementor-image-box-title\">Sessions<\/h3><p class=\"elementor-image-box-description\">1<\/p><\/div><\/div>\t\t\t\t<\/div>\n\t\t\t\t<\/div>\n\t\t\t\t\t<\/div>\n\t\t<\/div>\n\t\t\t\t<div class=\"elementor-column elementor-col-25 elementor-inner-column elementor-element elementor-element-7b3fad5\" data-id=\"7b3fad5\" data-element_type=\"column\" data-e-type=\"column\">\n\t\t\t<div class=\"elementor-widget-wrap elementor-element-populated\">\n\t\t\t\t\t\t<div class=\"elementor-element elementor-element-40f27e48 elementor-position-top elementor-widget elementor-widget-image-box\" data-id=\"40f27e48\" data-element_type=\"widget\" data-e-type=\"widget\" data-widget_type=\"image-box.default\">\n\t\t\t\t<div class=\"elementor-widget-container\">\n\t\t\t\t\t<div class=\"elementor-image-box-wrapper\"><figure class=\"elementor-image-box-img\"><img decoding=\"async\" width=\"70\" height=\"94\" src=\"https:\/\/clinicadoctoreslopez.com\/wp-content\/uploads\/2023\/03\/ICON-5.svg\" class=\"attachment-full size-full wp-image-495\" alt=\"\" title=\"\"><\/figure><div class=\"elementor-image-box-content\"><h3 class=\"elementor-image-box-title\">Location<\/h3><p class=\"elementor-image-box-description\">Torremolinos<\/p><\/div><\/div>\t\t\t\t<\/div>\n\t\t\t\t<\/div>\n\t\t\t\t\t<\/div>\n\t\t<\/div>\n\t\t\t\t<div class=\"elementor-column elementor-col-25 elementor-inner-column elementor-element elementor-element-4fe1d57e\" data-id=\"4fe1d57e\" data-element_type=\"column\" data-e-type=\"column\">\n\t\t\t<div class=\"elementor-widget-wrap elementor-element-populated\">\n\t\t\t\t\t\t<div class=\"elementor-element elementor-element-34f5599a elementor-position-top elementor-widget elementor-widget-image-box\" data-id=\"34f5599a\" data-element_type=\"widget\" data-e-type=\"widget\" data-widget_type=\"image-box.default\">\n\t\t\t\t<div class=\"elementor-widget-container\">\n\t\t\t\t\t<div class=\"elementor-image-box-wrapper\"><figure class=\"elementor-image-box-img\"><img loading=\"lazy\" decoding=\"async\" width=\"95\" height=\"94\" src=\"https:\/\/clinicadoctoreslopez.com\/wp-content\/uploads\/2023\/03\/ICON-4.svg\" class=\"attachment-full size-full wp-image-496\" alt=\"\" title=\"\"><\/figure><div class=\"elementor-image-box-content\"><h3 class=\"elementor-image-box-title\">Anesthesia<\/h3><p class=\"elementor-image-box-description\">Local<\/p><\/div><\/div>\t\t\t\t<\/div>\n\t\t\t\t<\/div>\n\t\t\t\t\t<\/div>\n\t\t<\/div>\n\t\t\t\t\t<\/div>\n\t\t<\/section>\n\t\t\t\t<section class=\"elementor-section elementor-inner-section elementor-element elementor-element-14d50cb7 elementor-section-boxed elementor-section-height-default elementor-section-height-default\" data-id=\"14d50cb7\" data-element_type=\"section\" data-e-type=\"section\">\n\t\t\t\t\t\t<div class=\"elementor-container elementor-column-gap-default\">\n\t\t\t\t\t<div class=\"elementor-column elementor-col-25 elementor-inner-column elementor-element elementor-element-575ab7d0\" data-id=\"575ab7d0\" data-element_type=\"column\" data-e-type=\"column\">\n\t\t\t<div class=\"elementor-widget-wrap elementor-element-populated\">\n\t\t\t\t\t\t<div class=\"elementor-element elementor-element-d72a44f elementor-position-top elementor-widget elementor-widget-image-box\" data-id=\"d72a44f\" data-element_type=\"widget\" data-e-type=\"widget\" data-widget_type=\"image-box.default\">\n\t\t\t\t<div class=\"elementor-widget-container\">\n\t\t\t\t\t<div class=\"elementor-image-box-wrapper\"><figure class=\"elementor-image-box-img\"><img loading=\"lazy\" decoding=\"async\" width=\"133\" height=\"94\" src=\"https:\/\/clinicadoctoreslopez.com\/wp-content\/uploads\/2023\/03\/ICON-3.svg\" class=\"attachment-full size-full wp-image-497\" alt=\"\" title=\"\"><\/figure><div class=\"elementor-image-box-content\"><h3 class=\"elementor-image-box-title\">Recovery<\/h3><p class=\"elementor-image-box-description\">Minimum time<\/p><\/div><\/div>\t\t\t\t<\/div>\n\t\t\t\t<\/div>\n\t\t\t\t\t<\/div>\n\t\t<\/div>\n\t\t\t\t<div class=\"elementor-column elementor-col-25 elementor-inner-column elementor-element elementor-element-5acd0362\" data-id=\"5acd0362\" data-element_type=\"column\" data-e-type=\"column\">\n\t\t\t<div class=\"elementor-widget-wrap elementor-element-populated\">\n\t\t\t\t\t\t<div class=\"elementor-element elementor-element-571854fb elementor-position-top elementor-widget elementor-widget-image-box\" data-id=\"571854fb\" data-element_type=\"widget\" data-e-type=\"widget\" data-widget_type=\"image-box.default\">\n\t\t\t\t<div class=\"elementor-widget-container\">\n\t\t\t\t\t<div class=\"elementor-image-box-wrapper\"><figure class=\"elementor-image-box-img\"><img loading=\"lazy\" decoding=\"async\" width=\"148\" height=\"94\" src=\"https:\/\/clinicadoctoreslopez.com\/wp-content\/uploads\/2023\/03\/ICON-2.svg\" class=\"attachment-full size-full wp-image-498\" alt=\"\" title=\"\"><\/figure><div class=\"elementor-image-box-content\"><h3 class=\"elementor-image-box-title\">Visibility<\/h3><p class=\"elementor-image-box-description\">6 MONTHS<\/p><\/div><\/div>\t\t\t\t<\/div>\n\t\t\t\t<\/div>\n\t\t\t\t\t<\/div>\n\t\t<\/div>\n\t\t\t\t<div class=\"elementor-column elementor-col-25 elementor-inner-column elementor-element elementor-element-579d982c\" data-id=\"579d982c\" data-element_type=\"column\" data-e-type=\"column\">\n\t\t\t<div class=\"elementor-widget-wrap elementor-element-populated\">\n\t\t\t\t\t\t<div class=\"elementor-element elementor-element-325bcb4a elementor-position-top elementor-widget elementor-widget-image-box\" data-id=\"325bcb4a\" data-element_type=\"widget\" data-e-type=\"widget\" data-widget_type=\"image-box.default\">\n\t\t\t\t<div class=\"elementor-widget-container\">\n\t\t\t\t\t<div class=\"elementor-image-box-wrapper\"><figure class=\"elementor-image-box-img\"><img loading=\"lazy\" decoding=\"async\" width=\"108\" height=\"94\" src=\"https:\/\/clinicadoctoreslopez.com\/wp-content\/uploads\/2023\/03\/ICON-1.svg\" class=\"attachment-full size-full wp-image-499\" alt=\"\" title=\"\"><\/figure><div class=\"elementor-image-box-content\"><h3 class=\"elementor-image-box-title\">Epoch<\/h3><p class=\"elementor-image-box-description\">All year<\/p><\/div><\/div>\t\t\t\t<\/div>\n\t\t\t\t<\/div>\n\t\t\t\t\t<\/div>\n\t\t<\/div>\n\t\t\t\t<div class=\"elementor-column elementor-col-25 elementor-inner-column elementor-element elementor-element-a974d5c\" data-id=\"a974d5c\" data-element_type=\"column\" data-e-type=\"column\">\n\t\t\t<div class=\"elementor-widget-wrap elementor-element-populated\">\n\t\t\t\t\t\t<div class=\"elementor-element elementor-element-46b44742 elementor-position-top elementor-widget elementor-widget-image-box\" data-id=\"46b44742\" data-element_type=\"widget\" data-e-type=\"widget\" data-widget_type=\"image-box.default\">\n\t\t\t\t<div class=\"elementor-widget-container\">\n\t\t\t\t\t<div class=\"elementor-image-box-wrapper\"><figure class=\"elementor-image-box-img\"><img loading=\"lazy\" decoding=\"async\" width=\"93\" height=\"93\" src=\"https:\/\/clinicadoctoreslopez.com\/wp-content\/uploads\/2023\/03\/ICON.svg\" class=\"attachment-full size-full wp-image-500\" alt=\"\" title=\"\"><\/figure><div class=\"elementor-image-box-content\"><h3 class=\"elementor-image-box-title\">Indicated<\/h3><p class=\"elementor-image-box-description\">Hair loss<\/p><\/div><\/div>\t\t\t\t<\/div>\n\t\t\t\t<\/div>\n\t\t\t\t\t<\/div>\n\t\t<\/div>\n\t\t\t\t\t<\/div>\n\t\t<\/section>\n\t\t\t\t\t<\/div>\n\t\t<\/div>\n\t\t\t\t\t<\/div>\n\t\t<\/section>\n\t\t\t\t<\/div>","protected":false},"excerpt":{"rendered":"<p>UNIDAD CAPILAR MESOTERAPIA CAPILAR \u00bfQu\u00e9 es? La mesoterapia capilar consiste en un\u00a0tratamiento de bioestimulaci\u00f3n, que a trav\u00e9s de peque\u00f1as inyecciones subcut\u00e1neas activan biol\u00f3gicamente las c\u00e9lulas capilares. Por consiguiente, revertimos la miniaturizaci\u00f3n del fol\u00edculo y\u00a0aumentamos el espesor del cabello. Pide Cita \u00bfQU\u00c9 PRODUCTOS INYECTAMOS? \u00a0 Hay diferentes tipos de sustancias, y las vamos a utilizar en [&hellip;]<\/p>\n","protected":false},"author":1,"featured_media":0,"parent":0,"menu_order":0,"comment_status":"closed","ping_status":"closed","template":"","meta":{"site-sidebar-layout":"no-sidebar","site-content-layout":"page-builder","ast-site-content-layout":"default","site-content-style":"default","site-sidebar-style":"default","ast-global-header-display":"","ast-banner-title-visibility":"","ast-main-header-display":"","ast-hfb-above-header-display":"","ast-hfb-below-header-display":"","ast-hfb-mobile-header-display":"","site-post-title":"disabled","ast-breadcrumbs-content":"","ast-featured-img":"disabled","footer-sml-layout":"","ast-disable-related-posts":"","theme-transparent-header-meta":"","adv-header-id-meta":"","stick-header-meta":"","header-above-stick-meta":"","header-main-stick-meta":"","header-below-stick-meta":"","astra-migrate-meta-layouts":"default","ast-page-background-enabled":"default","ast-page-background-meta":{"desktop":{"background-color":"var(--ast-global-color-4)","background-image":"","background-repeat":"repeat","background-position":"center center","background-size":"auto","background-attachment":"scroll","background-type":"","background-media":"","overlay-type":"","overlay-color":"","overlay-opacity":"","overlay-gradient":""},"tablet":{"background-color":"","background-image":"","background-repeat":"repeat","background-position":"center center","background-size":"auto","background-attachment":"scroll","background-type":"","background-media":"","overlay-type":"","overlay-color":"","overlay-opacity":"","overlay-gradient":""},"mobile":{"background-color":"","background-image":"","background-repeat":"repeat","background-position":"center center","background-size":"auto","background-attachment":"scroll","background-type":"","background-media":"","overlay-type":"","overlay-color":"","overlay-opacity":"","overlay-gradient":""}},"ast-content-background-meta":{"desktop":{"background-color":"var(--ast-global-color-5)","background-image":"","background-repeat":"repeat","background-position":"center center","background-size":"auto","background-attachment":"scroll","background-type":"","background-media":"","overlay-type":"","overlay-color":"","overlay-opacity":"","overlay-gradient":""},"tablet":{"background-color":"var(--ast-global-color-5)","background-image":"","background-repeat":"repeat","background-position":"center center","background-size":"auto","background-attachment":"scroll","background-type":"","background-media":"","overlay-type":"","overlay-color":"","overlay-opacity":"","overlay-gradient":""},"mobile":{"background-color":"var(--ast-global-color-5)","background-image":"","background-repeat":"repeat","background-position":"center center","background-size":"auto","background-attachment":"scroll","background-type":"","background-media":"","overlay-type":"","overlay-color":"","overlay-opacity":"","overlay-gradient":""}},"footnotes":""},"class_list":["post-1860","page","type-page","status-publish","hentry"],"_links":{"self":[{"href":"https:\/\/clinicadoctoreslopez.com\/en\/wp-json\/wp\/v2\/pages\/1860","targetHints":{"allow":["GET"]}}],"collection":[{"href":"https:\/\/clinicadoctoreslopez.com\/en\/wp-json\/wp\/v2\/pages"}],"about":[{"href":"https:\/\/clinicadoctoreslopez.com\/en\/wp-json\/wp\/v2\/types\/page"}],"author":[{"embeddable":true,"href":"https:\/\/clinicadoctoreslopez.com\/en\/wp-json\/wp\/v2\/users\/1"}],"replies":[{"embeddable":true,"href":"https:\/\/clinicadoctoreslopez.com\/en\/wp-json\/wp\/v2\/comments?post=1860"}],"version-history":[{"count":0,"href":"https:\/\/clinicadoctoreslopez.com\/en\/wp-json\/wp\/v2\/pages\/1860\/revisions"}],"wp:attachment":[{"href":"https:\/\/clinicadoctoreslopez.com\/en\/wp-json\/wp\/v2\/media?parent=1860"}],"curies":[{"name":"wp","href":"https:\/\/api.w.org\/{rel}","templated":true}]}}