{"id":1879,"date":"2023-06-21T09:00:29","date_gmt":"2023-06-21T09:00:29","guid":{"rendered":"http:\/\/clinicadentaldoctoreslopez.es\/?page_id=1879"},"modified":"2024-06-19T17:21:34","modified_gmt":"2024-06-19T17:21:34","slug":"male-aesthetic-unit","status":"publish","type":"page","link":"https:\/\/clinicadoctoreslopez.com\/en\/male-aesthetic-unit\/","title":{"rendered":"Male Aesthetic Unit"},"content":{"rendered":"<div data-elementor-type=\"wp-page\" data-elementor-id=\"1879\" class=\"elementor elementor-1879\" data-elementor-post-type=\"page\">\n\t\t\t\t\t\t<section class=\"elementor-section elementor-top-section elementor-element elementor-element-4d008b3b elementor-section-full_width elementor-section-height-min-height elementor-section-items-stretch elementor-section-height-default\" data-id=\"4d008b3b\" data-element_type=\"section\" data-e-type=\"section\" data-settings=\"{&quot;shape_divider_top&quot;:&quot;triangle&quot;}\">\n\t\t\t\t\t<div class=\"elementor-shape elementor-shape-top\" aria-hidden=\"true\" data-negative=\"false\">\n\t\t\t<svg xmlns=\"http:\/\/www.w3.org\/2000\/svg\" viewbox=\"0 0 1000 100\" preserveaspectratio=\"none\">\n\t<path class=\"elementor-shape-fill\" d=\"M500,98.9L0,6.1V0h1000v6.1L500,98.9z\"\/>\n<\/svg>\t\t<\/div>\n\t\t\t\t\t<div class=\"elementor-container elementor-column-gap-default\">\n\t\t\t\t\t<div class=\"elementor-column elementor-col-100 elementor-top-column elementor-element elementor-element-5a8abf38\" data-id=\"5a8abf38\" data-element_type=\"column\" data-e-type=\"column\">\n\t\t\t<div class=\"elementor-widget-wrap elementor-element-populated\">\n\t\t\t\t\t\t<div class=\"elementor-element elementor-element-43b3142c elementor-widget elementor-widget-heading\" data-id=\"43b3142c\" data-element_type=\"widget\" data-e-type=\"widget\" data-widget_type=\"heading.default\">\n\t\t\t\t<div class=\"elementor-widget-container\">\n\t\t\t\t\t<h1 class=\"elementor-heading-title elementor-size-default\">Male Aesthetic UNIT<\/h1>\t\t\t\t<\/div>\n\t\t\t\t<\/div>\n\t\t\t\t\t<\/div>\n\t\t<\/div>\n\t\t\t\t\t<\/div>\n\t\t<\/section>\n\t\t\t\t<section class=\"elementor-section elementor-top-section elementor-element elementor-element-2a1ce7bd elementor-section-boxed elementor-section-height-default elementor-section-height-default\" data-id=\"2a1ce7bd\" data-element_type=\"section\" data-e-type=\"section\">\n\t\t\t\t\t\t<div class=\"elementor-container elementor-column-gap-default\">\n\t\t\t\t\t<div class=\"elementor-column elementor-col-100 elementor-top-column elementor-element elementor-element-537705b3\" data-id=\"537705b3\" data-element_type=\"column\" data-e-type=\"column\">\n\t\t\t<div class=\"elementor-widget-wrap elementor-element-populated\">\n\t\t\t\t\t\t<div class=\"elementor-element elementor-element-1b3eeb4b elementor-widget elementor-widget-text-editor\" data-id=\"1b3eeb4b\" data-element_type=\"widget\" data-e-type=\"widget\" data-widget_type=\"text-editor.default\">\n\t\t\t\t<div class=\"elementor-widget-container\">\n\t\t\t\t\t\t\t\t\t<p><strong>The 20% of Aesthetic Medicine treatments focus on men, especially between 40 and 55 years old.<\/strong><\/p><p>The treatments most in demand by men are mainly: fat reduction in the abdominal area, bags treatments, elimination of expression wrinkles and tired appearance, correction of protruding ears, alopecia and facial rejuvenation.<\/p><p>A recent study of the <a href=\"https:\/\/www.seme.org\" rel=\"nofollow noopener\" target=\"_blank\"><b>Spanish Society of Aesthetic Medicine (SEME)<\/b><\/a>, points out that 20 % of treatments currently performed in Aesthetic Medicine clinics involve men, especially between 40 and 55 years old. This same study explains that the treatments preferred by them are those that do not require surgical intervention and that, however, offer very positive results. That is, they usually look for less aggressive aesthetic procedures, less invasive options, but that give effective results in the short and medium term.<\/p>\t\t\t\t\t\t\t\t<\/div>\n\t\t\t\t<\/div>\n\t\t\t\t<div class=\"elementor-element elementor-element-2d64abd8 elementor-align-left elementor-widget elementor-widget-button\" data-id=\"2d64abd8\" data-element_type=\"widget\" data-e-type=\"widget\" data-widget_type=\"button.default\">\n\t\t\t\t<div class=\"elementor-widget-container\">\n\t\t\t\t\t\t\t\t\t<div class=\"elementor-button-wrapper\">\n\t\t\t\t\t<a class=\"elementor-button elementor-button-link elementor-size-sm\" href=\"\/en\/contact\/\">\n\t\t\t\t\t\t<span class=\"elementor-button-content-wrapper\">\n\t\t\t\t\t\t\t\t\t<span class=\"elementor-button-text\">Make an appointment<\/span>\n\t\t\t\t\t<\/span>\n\t\t\t\t\t<\/a>\n\t\t\t\t<\/div>\n\t\t\t\t\t\t\t\t<\/div>\n\t\t\t\t<\/div>\n\t\t\t\t\t<\/div>\n\t\t<\/div>\n\t\t\t\t\t<\/div>\n\t\t<\/section>\n\t\t\t\t<section class=\"elementor-section elementor-top-section elementor-element elementor-element-ca0a69a elementor-section-boxed elementor-section-height-default elementor-section-height-default\" data-id=\"ca0a69a\" data-element_type=\"section\" data-e-type=\"section\">\n\t\t\t\t\t\t<div class=\"elementor-container elementor-column-gap-default\">\n\t\t\t\t\t<div class=\"elementor-column elementor-col-100 elementor-top-column elementor-element elementor-element-7d9759f\" data-id=\"7d9759f\" data-element_type=\"column\" data-e-type=\"column\">\n\t\t\t<div class=\"elementor-widget-wrap elementor-element-populated\">\n\t\t\t\t\t\t<div class=\"elementor-element elementor-element-30c6530 elementor-widget elementor-widget-text-editor\" data-id=\"30c6530\" data-element_type=\"widget\" data-e-type=\"widget\" data-widget_type=\"text-editor.default\">\n\t\t\t\t<div class=\"elementor-widget-container\">\n\t\t\t\t\t\t\t\t\t<h3><strong>1. FACIAL<\/strong><\/h3><div><strong>\u00a0<\/strong><\/div><p><strong>\u2013 Dynamic wrinkles and dark circles<\/strong> (reduce tired appearance).<\/p><p><strong>\u2013 Masculook:\u00a0<\/strong>Facial modeling treatment without a scalpel to accentuate masculinity, the result of collaboration with the renowned international expert Dr. Sina Djalaei. <a href=\"https:\/\/clinicadoctoreslopez.com\/en\/\"><b>Doctors Lopez Clinic<\/b><\/a>, has launched in the Aesthetic Medicine unit for men, Masculook, a pioneering technique in the world for facial modeling without using a scalpel, for treatments of wrinkles, expression lines, nose correction, chin construction, cheek reshaping and lip correction, among others.<\/p>\t\t\t\t\t\t\t\t<\/div>\n\t\t\t\t<\/div>\n\t\t\t\t\t<\/div>\n\t\t<\/div>\n\t\t\t\t\t<\/div>\n\t\t<\/section>\n\t\t\t\t<section class=\"elementor-section elementor-top-section elementor-element elementor-element-4757b58 elementor-section-boxed elementor-section-height-default elementor-section-height-default\" data-id=\"4757b58\" data-element_type=\"section\" data-e-type=\"section\">\n\t\t\t\t\t\t<div class=\"elementor-container elementor-column-gap-default\">\n\t\t\t\t\t<div class=\"elementor-column elementor-col-100 elementor-top-column elementor-element elementor-element-6de4a77\" data-id=\"6de4a77\" data-element_type=\"column\" data-e-type=\"column\">\n\t\t\t<div class=\"elementor-widget-wrap elementor-element-populated\">\n\t\t\t\t\t\t<div class=\"elementor-element elementor-element-a5e9fa3 elementor-widget elementor-widget-image\" data-id=\"a5e9fa3\" data-element_type=\"widget\" data-e-type=\"widget\" data-widget_type=\"image.default\">\n\t\t\t\t<div class=\"elementor-widget-container\">\n\t\t\t\t\t\t\t\t\t\t\t\t\t\t\t<img fetchpriority=\"high\" decoding=\"async\" width=\"1024\" height=\"682\" src=\"https:\/\/clinicadoctoreslopez.com\/wp-content\/uploads\/2023\/06\/estetica-del-hombre-1024x682.jpg\" class=\"attachment-large size-large wp-image-1884\" alt=\"aesthetics of man\" srcset=\"https:\/\/clinicadoctoreslopez.com\/wp-content\/uploads\/2023\/06\/estetica-del-hombre-1024x682.jpg 1024w, https:\/\/clinicadoctoreslopez.com\/wp-content\/uploads\/2023\/06\/estetica-del-hombre-300x200.jpg 300w, https:\/\/clinicadoctoreslopez.com\/wp-content\/uploads\/2023\/06\/estetica-del-hombre-768x512.jpg 768w, https:\/\/clinicadoctoreslopez.com\/wp-content\/uploads\/2023\/06\/estetica-del-hombre.jpg 1181w\" sizes=\"(max-width: 1024px) 100vw, 1024px\" title=\"\">\t\t\t\t\t\t\t\t\t\t\t\t\t\t\t<\/div>\n\t\t\t\t<\/div>\n\t\t\t\t\t<\/div>\n\t\t<\/div>\n\t\t\t\t\t<\/div>\n\t\t<\/section>\n\t\t\t\t<section class=\"elementor-section elementor-top-section elementor-element elementor-element-2f71a90 elementor-section-boxed elementor-section-height-default elementor-section-height-default\" data-id=\"2f71a90\" data-element_type=\"section\" data-e-type=\"section\">\n\t\t\t\t\t\t<div class=\"elementor-container elementor-column-gap-default\">\n\t\t\t\t\t<div class=\"elementor-column elementor-col-100 elementor-top-column elementor-element elementor-element-14bf20e\" data-id=\"14bf20e\" data-element_type=\"column\" data-e-type=\"column\">\n\t\t\t<div class=\"elementor-widget-wrap elementor-element-populated\">\n\t\t\t\t\t\t<div class=\"elementor-element elementor-element-9499455 elementor-widget elementor-widget-text-editor\" data-id=\"9499455\" data-element_type=\"widget\" data-e-type=\"widget\" data-widget_type=\"text-editor.default\">\n\t\t\t\t<div class=\"elementor-widget-container\">\n\t\t\t\t\t\t\t\t\t<p><strong style=\"font-style: inherit; color: var( --e-global-color-text ); font-family: var( --e-global-typography-text-font-family ), Sans-serif; background-color: var(--ast-global-color-5);\">\u2013 Eyelids.<\/strong><br><\/p>\n<p><strong>\u2013 Photorejuvenation: <\/strong>Facial photorejuvenation consists of a laser rejuvenation method, using the pulsed light method, also called facial IPL. It is one of the most used facial treatments for men in our aesthetic medicine center, where pulses of intense light (IPL) are applied that penetrate the skin, stimulating the formation of new collagen that disappears over time.<\/p>\n<p>The fractionated Co2 laser is an excellent technique for the treatment of scars and marks, among other skin disorders. Fractional Co2 laser equipment emits tiny beams of energy, with a microscopic diameter, well separated from each other. These microbeams penetrate the skin forming columns, and healthy tissue remains between them, allowing a much faster healing response of the tissue and reduction of side effects. The use of neodymium laser is also very effective for the treatment of skin spots that appear on the face, neckline or hands such as lentigines, ephelides or freckles.<\/p>\n<p><strong>\u2013 Facial mesotherapy: <\/strong>It is a minimally invasive method, in which the application route is through microinjections with the aim of restoring smoothness and firming the skin tissues.<\/p>\n<p><\/p>\n<h3><strong>2. BODY<\/strong><\/h3>\n<div><strong>&nbsp;<\/strong><\/div>\n<p><strong>- Nutrition.<\/strong><\/p>\n<p><strong>\u2013 Localized fat accumulations: <\/strong>There are areas of our body that accumulate more fat than others. Liposculpture or liposuction allows for lasting volume reduction, since excess fat is eliminated by suction. We also have other techniques that can be used depending on the patient&#039;s diagnosis, such as mesotherapy, laserlipolysis or cavitation, among others.<\/p>\n<p><strong>- Permanent hair removal:<\/strong> Whether for hygiene reasons, to avoid folliculitis or to practice sports, more and more men decide to start a laser hair removal treatment. The areas that are shaved the most are legs, back, chest and abdomen.<\/p>\n<p>Laser hair removal for men responds very well on the legs, since the hair in this area is stable, thick and pigmented. The hair on the back, chest and abdomen is conditioned by the influence of male hormones. The patient can keep hair clean by applying 2 or 3 annual sessions over time.<\/p>\t\t\t\t\t\t\t\t<\/div>\n\t\t\t\t<\/div>\n\t\t\t\t\t<\/div>\n\t\t<\/div>\n\t\t\t\t\t<\/div>\n\t\t<\/section>\n\t\t\t\t<section class=\"elementor-section elementor-top-section elementor-element elementor-element-a2dadf6 elementor-section-boxed elementor-section-height-default elementor-section-height-default\" data-id=\"a2dadf6\" data-element_type=\"section\" data-e-type=\"section\">\n\t\t\t\t\t\t<div class=\"elementor-container elementor-column-gap-default\">\n\t\t\t\t\t<div class=\"elementor-column elementor-col-100 elementor-top-column elementor-element elementor-element-8310028\" data-id=\"8310028\" data-element_type=\"column\" data-e-type=\"column\">\n\t\t\t<div class=\"elementor-widget-wrap elementor-element-populated\">\n\t\t\t\t\t\t<div class=\"elementor-element elementor-element-85cff21 elementor-align-left elementor-widget elementor-widget-button\" data-id=\"85cff21\" data-element_type=\"widget\" data-e-type=\"widget\" data-widget_type=\"button.default\">\n\t\t\t\t<div class=\"elementor-widget-container\">\n\t\t\t\t\t\t\t\t\t<div class=\"elementor-button-wrapper\">\n\t\t\t\t\t<a class=\"elementor-button elementor-button-link elementor-size-sm\" href=\"\/en\/contact\/\">\n\t\t\t\t\t\t<span class=\"elementor-button-content-wrapper\">\n\t\t\t\t\t\t\t\t\t<span class=\"elementor-button-text\">Make an appointment<\/span>\n\t\t\t\t\t<\/span>\n\t\t\t\t\t<\/a>\n\t\t\t\t<\/div>\n\t\t\t\t\t\t\t\t<\/div>\n\t\t\t\t<\/div>\n\t\t\t\t\t<\/div>\n\t\t<\/div>\n\t\t\t\t\t<\/div>\n\t\t<\/section>\n\t\t\t\t<\/div>","protected":false},"excerpt":{"rendered":"<p>UNIdAD EST\u00e9tica masculina El 20% de los tratamientos de Medicina Est\u00e9tica tienen como protagonista a los hombres, sobre todo entre 40 y 55 a\u00f1os. Los tratamientos m\u00e1s demandados por los hombres son principalmente: la reducci\u00f3n de grasa en la zona abdominal, tratamientos de las bolsas, eliminaci\u00f3n de arrugas de expresi\u00f3n y aspecto cansado, correcci\u00f3n de [&hellip;]<\/p>\n","protected":false},"author":1,"featured_media":0,"parent":0,"menu_order":0,"comment_status":"closed","ping_status":"closed","template":"","meta":{"site-sidebar-layout":"no-sidebar","site-content-layout":"page-builder","ast-site-content-layout":"default","site-content-style":"default","site-sidebar-style":"default","ast-global-header-display":"","ast-banner-title-visibility":"","ast-main-header-display":"","ast-hfb-above-header-display":"","ast-hfb-below-header-display":"","ast-hfb-mobile-header-display":"","site-post-title":"disabled","ast-breadcrumbs-content":"","ast-featured-img":"disabled","footer-sml-layout":"","ast-disable-related-posts":"","theme-transparent-header-meta":"","adv-header-id-meta":"","stick-header-meta":"","header-above-stick-meta":"","header-main-stick-meta":"","header-below-stick-meta":"","astra-migrate-meta-layouts":"default","ast-page-background-enabled":"default","ast-page-background-meta":{"desktop":{"background-color":"var(--ast-global-color-4)","background-image":"","background-repeat":"repeat","background-position":"center center","background-size":"auto","background-attachment":"scroll","background-type":"","background-media":"","overlay-type":"","overlay-color":"","overlay-opacity":"","overlay-gradient":""},"tablet":{"background-color":"","background-image":"","background-repeat":"repeat","background-position":"center center","background-size":"auto","background-attachment":"scroll","background-type":"","background-media":"","overlay-type":"","overlay-color":"","overlay-opacity":"","overlay-gradient":""},"mobile":{"background-color":"","background-image":"","background-repeat":"repeat","background-position":"center center","background-size":"auto","background-attachment":"scroll","background-type":"","background-media":"","overlay-type":"","overlay-color":"","overlay-opacity":"","overlay-gradient":""}},"ast-content-background-meta":{"desktop":{"background-color":"var(--ast-global-color-5)","background-image":"","background-repeat":"repeat","background-position":"center center","background-size":"auto","background-attachment":"scroll","background-type":"","background-media":"","overlay-type":"","overlay-color":"","overlay-opacity":"","overlay-gradient":""},"tablet":{"background-color":"var(--ast-global-color-5)","background-image":"","background-repeat":"repeat","background-position":"center center","background-size":"auto","background-attachment":"scroll","background-type":"","background-media":"","overlay-type":"","overlay-color":"","overlay-opacity":"","overlay-gradient":""},"mobile":{"background-color":"var(--ast-global-color-5)","background-image":"","background-repeat":"repeat","background-position":"center center","background-size":"auto","background-attachment":"scroll","background-type":"","background-media":"","overlay-type":"","overlay-color":"","overlay-opacity":"","overlay-gradient":""}},"footnotes":""},"class_list":["post-1879","page","type-page","status-publish","hentry"],"_links":{"self":[{"href":"https:\/\/clinicadoctoreslopez.com\/en\/wp-json\/wp\/v2\/pages\/1879","targetHints":{"allow":["GET"]}}],"collection":[{"href":"https:\/\/clinicadoctoreslopez.com\/en\/wp-json\/wp\/v2\/pages"}],"about":[{"href":"https:\/\/clinicadoctoreslopez.com\/en\/wp-json\/wp\/v2\/types\/page"}],"author":[{"embeddable":true,"href":"https:\/\/clinicadoctoreslopez.com\/en\/wp-json\/wp\/v2\/users\/1"}],"replies":[{"embeddable":true,"href":"https:\/\/clinicadoctoreslopez.com\/en\/wp-json\/wp\/v2\/comments?post=1879"}],"version-history":[{"count":0,"href":"https:\/\/clinicadoctoreslopez.com\/en\/wp-json\/wp\/v2\/pages\/1879\/revisions"}],"wp:attachment":[{"href":"https:\/\/clinicadoctoreslopez.com\/en\/wp-json\/wp\/v2\/media?parent=1879"}],"curies":[{"name":"wp","href":"https:\/\/api.w.org\/{rel}","templated":true}]}}