{"id":2009,"date":"2023-06-21T10:37:48","date_gmt":"2023-06-21T10:37:48","guid":{"rendered":"http:\/\/clinicadentaldoctoreslopez.es\/?page_id=2009"},"modified":"2024-06-21T12:28:38","modified_gmt":"2024-06-21T12:28:38","slug":"nutrition","status":"publish","type":"page","link":"https:\/\/clinicadoctoreslopez.com\/en\/nutrition\/","title":{"rendered":"Nutrition"},"content":{"rendered":"<div data-elementor-type=\"wp-page\" data-elementor-id=\"2009\" class=\"elementor elementor-2009\" data-elementor-post-type=\"page\">\n\t\t\t\t\t\t<section class=\"elementor-section elementor-top-section elementor-element elementor-element-4d008b3b elementor-section-full_width elementor-section-height-min-height elementor-section-items-stretch elementor-section-height-default\" data-id=\"4d008b3b\" data-element_type=\"section\" data-e-type=\"section\" data-settings=\"{&quot;shape_divider_top&quot;:&quot;triangle&quot;}\">\n\t\t\t\t\t<div class=\"elementor-shape elementor-shape-top\" aria-hidden=\"true\" data-negative=\"false\">\n\t\t\t<svg xmlns=\"http:\/\/www.w3.org\/2000\/svg\" viewbox=\"0 0 1000 100\" preserveaspectratio=\"none\">\n\t<path class=\"elementor-shape-fill\" d=\"M500,98.9L0,6.1V0h1000v6.1L500,98.9z\"\/>\n<\/svg>\t\t<\/div>\n\t\t\t\t\t<div class=\"elementor-container elementor-column-gap-default\">\n\t\t\t\t\t<div class=\"elementor-column elementor-col-100 elementor-top-column elementor-element elementor-element-5a8abf38\" data-id=\"5a8abf38\" data-element_type=\"column\" data-e-type=\"column\">\n\t\t\t<div class=\"elementor-widget-wrap elementor-element-populated\">\n\t\t\t\t\t\t<div class=\"elementor-element elementor-element-5bee32cf elementor-widget elementor-widget-heading\" data-id=\"5bee32cf\" data-element_type=\"widget\" data-e-type=\"widget\" data-widget_type=\"heading.default\">\n\t\t\t\t<div class=\"elementor-widget-container\">\n\t\t\t\t\t<p class=\"elementor-heading-title elementor-size-default\">TREATMENTS<\/p>\t\t\t\t<\/div>\n\t\t\t\t<\/div>\n\t\t\t\t<div class=\"elementor-element elementor-element-43b3142c elementor-widget elementor-widget-heading\" data-id=\"43b3142c\" data-element_type=\"widget\" data-e-type=\"widget\" data-widget_type=\"heading.default\">\n\t\t\t\t<div class=\"elementor-widget-container\">\n\t\t\t\t\t<h1 class=\"elementor-heading-title elementor-size-default\">NUTRITION<\/h1>\t\t\t\t<\/div>\n\t\t\t\t<\/div>\n\t\t\t\t\t<\/div>\n\t\t<\/div>\n\t\t\t\t\t<\/div>\n\t\t<\/section>\n\t\t\t\t<section class=\"elementor-section elementor-top-section elementor-element elementor-element-2a1ce7bd elementor-section-boxed elementor-section-height-default elementor-section-height-default\" data-id=\"2a1ce7bd\" data-element_type=\"section\" data-e-type=\"section\">\n\t\t\t\t\t\t<div class=\"elementor-container elementor-column-gap-default\">\n\t\t\t\t\t<div class=\"elementor-column elementor-col-100 elementor-top-column elementor-element elementor-element-537705b3\" data-id=\"537705b3\" data-element_type=\"column\" data-e-type=\"column\">\n\t\t\t<div class=\"elementor-widget-wrap elementor-element-populated\">\n\t\t\t\t\t\t<div class=\"elementor-element elementor-element-7da60a08 elementor-widget elementor-widget-heading\" data-id=\"7da60a08\" data-element_type=\"widget\" data-e-type=\"widget\" data-widget_type=\"heading.default\">\n\t\t\t\t<div class=\"elementor-widget-container\">\n\t\t\t\t\t<h2 class=\"elementor-heading-title elementor-size-default\">What is it?<\/h2>\t\t\t\t<\/div>\n\t\t\t\t<\/div>\n\t\t\t\t<div class=\"elementor-element elementor-element-1b3eeb4b elementor-widget elementor-widget-text-editor\" data-id=\"1b3eeb4b\" data-element_type=\"widget\" data-e-type=\"widget\" data-widget_type=\"text-editor.default\">\n\t\t\t\t<div class=\"elementor-widget-container\">\n\t\t\t\t\t\t\t\t\t<div class=\"et_pb_module et_pb_text et_pb_text_2 et_pb_text_align_left et_pb_bg_layout_light et_had_animation\"><div class=\"et_pb_text_inner\"><p>The <a href=\"\/en\/fundamental-pillar-nutrition-for-a-healthy-life\/\"><b>diet and nutrition<\/b><\/a> are two of the most determining factors in the health of the population, excess weight and especially obesity (excess body fat) reduces the life expectancy of people who suffer from it, this leads to high blood pressure, diabetes, elevated cholesterol, uric acid, etc.<\/p><p>In <a href=\"https:\/\/clinicadoctoreslopez.com\/en\/clinic\/\">our <\/a><b><a href=\"https:\/\/clinicadoctoreslopez.com\/en\/clinic\/\">clinics<\/a> <\/b>of <b>Aesthetic medicine in Malaga, Torremolinos and Marbella<\/b>, we have diet and nutrition treatments that improve the quality of life of our patients.<\/p><p><span style=\"font-style: inherit; background-color: var(--ast-global-color-5);\">For a correct assessment of the patient <\/span><b style=\"font-style: inherit;\">analytical control is essential<\/b><span style=\"font-style: inherit; background-color: var(--ast-global-color-5);\">, a diagnosis of body comparison by first evaluating the patient&#039;s fat mass, body water content, muscle mass and basal metabolism using impedancemetry. AND<\/span><b style=\"font-style: inherit;\">Food intolerance analysis is also a very useful tool for developing a diet.<\/b><span style=\"font-style: inherit; background-color: var(--ast-global-color-5);\"> specific to the patient.<\/span><\/p><p><strong>FOOD EDUCATION AND WEIGHT LOSS IN CHILDREN.<\/strong><\/p><p><b>It is very important to carry out correct nutritional education<\/b> and create new habits in children aged 8-15, especially in those who exceed the appropriate BMI (overweight or even obesity). In this case, specific diets that are easy to accept for them are used.<\/p><p>In <a href=\"https:\/\/clinicadoctoreslopez.com\/en\/\">our clinic<\/a> They include specific complementary treatments and diets to lose weight safely and in order to improve health in adults or in those women who have come out of pregnancy and want to regain their silhouette.<\/p><p><strong>PROBLEMS IN MATURE AGE.<\/strong><\/p><p>In the second half of life, it is difficult to maintain weight without reducing food intake, due to changes in body compression. In <a href=\"https:\/\/clinicadoctoreslopez.com\/en\/\">Doctors Lopez Clinic<\/a> <a href=\"https:\/\/clinicadoctoreslopez.com\/en\/\">We not only reduce excess weight and control it, but we also <b>we accompany with specific treatments to eliminate gr<\/b><\/a><b>localized handle<\/b> (central or abdominal adiposity) to recover your silhouette.<\/p><p><strong>OBESITY TREATMENT ON DEMAND.<\/strong><\/p><p>Various factors influence the causes of obesity and <b>Your treatment must also be multifactorial.<\/b>, taking into account the specific diet according to clinical \u2013 metabolic \u2013 dietary history; as well as, their physical or professional activity.<\/p><p><strong>PERSONALIZED ASSESSMENT<\/strong><\/p><p>We offer <b>personalized treatment with a diagnostic study.<\/b>\u00a0Our specialists will take a complete history of your health, habits, physical exercise, food tastes, etc. \u00a0<b>With the data collected, our experts create an appropriate diet for each patient.<\/b> and always under strict qualified medical control, all with a good purpose to ensure that your weight loss is healthy, safe and controlled.<\/p><p><strong>COMPLEMENTARY TECHNIQUES<\/strong><\/p><p>Any of these diets can be complemented with techniques such as cosmetic surgery: <b>liposuction, abdominoplasty or intragastric balloon<\/b>, the latter is a device designed to facilitate weight loss in patients with obesity, <b>produces a decrease in the feeling of hunger and the appearance of early satiety when eating<\/b>. With these two effects it is easier to follow an adequate diet and be able to change the dietary and exercise habits necessary to not only achieve weight loss, but also maintain it during the following months.<\/p><p><strong style=\"color: var( --e-global-color-primary ); font-family: 'Plus Jakarta Sans', sans-serif; font-size: 1.3333333333333rem; font-style: inherit;\">INTRAGASTRIC BALLOON (BIG)<\/strong><\/p><div><strong>\u00a0<\/strong><span style=\"font-style: inherit; background-color: var(--ast-global-color-5);\">He <\/span><b style=\"font-style: inherit;\">BIG intragastric balloon <\/b><span style=\"font-style: inherit; background-color: var(--ast-global-color-5);\">It is a soft silicone balloon that is introduced into the stomach through the mouth, via endoscopy. Therefore, it is not a surgical act. <\/span><b style=\"font-style: inherit;\">The deflated intragastric balloon is introduced and once inside the stomach it is filled with a sterile saline solution.<\/b><span style=\"font-style: inherit; background-color: var(--ast-global-color-5);\">l, stained with methylene blue. This procedure is performed under sedation (not general anesthesia) and without pain.<\/span><\/div><p><b>The intragastric balloon helps you feel full<\/b>, thereby reducing your need for food, while you follow a weight loss program with the assistance of a team of doctors and dieticians. Think of it like the stabilizer wheels on a bicycle, without which learning to ride can be slow and painful. <b>With the help of your \u201cown training tool\u201d the intragastric balloon can help you transform your body in a safe and effective way, improving your health and quality of life.<\/b>.<\/p><p><b>Placement<\/b>: The implantation of the intragastric balloon lasts no more than 20 minutes and the patient can go home 2 or 3 hours later.<\/p><p><b>Duration<\/b>: The intragastric balloon remains in the stomach for about 6 months. After this period, it must be withdrawn. The balloon will be removed in the same way it was placed, that is, through the esophagus and mouth by a doctor specializing in the digestive system, using gastroscopy.<\/p><p><strong>WHO CAN BENEFIT FROM THE INTRAGASTRIC BALLOON?<\/strong><\/p><p>The purpose of the BIG system is <b>help people who are over their ideal weight by at least one 40% lose weight<\/b>, or what <b>In a standard adult it can be 20 \u2013 25 kilos overweight.<\/b>.  Additionally, the BIG system may be particularly useful for people considered too obese or at higher risk for serious surgical interventions. Using this system to lose weight before an operation can reduce the risks associated with it.<\/p><p><strong>HOW MUCH WEIGHT WILL BE LOST WITH THE BIG?<\/strong><\/p><p>The appropriate pace to lose weight in any obesity treatment should be around 1 kg per week. <b>Weight loss will depend on factors such as the length of time the balloon remains inside the stomach (maximum 6 months) and the rate of weight loss of each patient.<\/b>.<\/p><p>There is a possibility that you will lose little weight or not at all while carrying the ball, just as there is a possibility that you will lose weight in a way that is uncontrollable or harmful to your health. Be sure to talk to your doctor about these possibilities.<\/p><p><strong>WILL YOU GAIN WEIGHT AGAIN AFTER BIG REMOVAL?<\/strong><\/p><p>You<b> You will have a better chance of maintaining your weight loss after removing the balloon if you maintain the habits you have acquired.<\/b> <b>in your diet<\/b> and eating behavior, during the use of the ball. If the habits acquired in the diet are maintained, there is a greater possibility of maintaining weight loss after removing the balloon.<\/p><p><strong>WHAT UNPLEASANT EFFECTS CAN BE FELT WITH THE BIG SYSTEM?<\/strong><\/p><p>It is very likely that the presence of the balloon inside the stomach will cause nausea or vomiting for a few days after its placement. Your medical team may prescribe medications to alleviate these potential effects.<\/p><\/div><\/div>\t\t\t\t\t\t\t\t<\/div>\n\t\t\t\t<\/div>\n\t\t\t\t<div class=\"elementor-element elementor-element-2d64abd8 elementor-align-left elementor-widget elementor-widget-button\" data-id=\"2d64abd8\" data-element_type=\"widget\" data-e-type=\"widget\" data-widget_type=\"button.default\">\n\t\t\t\t<div class=\"elementor-widget-container\">\n\t\t\t\t\t\t\t\t\t<div class=\"elementor-button-wrapper\">\n\t\t\t\t\t<a class=\"elementor-button elementor-button-link elementor-size-sm\" href=\"\/en\/contact\/\">\n\t\t\t\t\t\t<span class=\"elementor-button-content-wrapper\">\n\t\t\t\t\t\t\t\t\t<span class=\"elementor-button-text\">Make an appointment<\/span>\n\t\t\t\t\t<\/span>\n\t\t\t\t\t<\/a>\n\t\t\t\t<\/div>\n\t\t\t\t\t\t\t\t<\/div>\n\t\t\t\t<\/div>\n\t\t\t\t\t<\/div>\n\t\t<\/div>\n\t\t\t\t\t<\/div>\n\t\t<\/section>\n\t\t\t\t<\/div>","protected":false},"excerpt":{"rendered":"<p>TRATAMIENTOS NUTRICI\u00d3N \u00bfQu\u00e9 es? La diet\u00e9tica y nutrici\u00f3n son dos de los factores m\u00e1s determinantes en la salud de la poblaci\u00f3n, el exceso de peso y sobre todo la obesidad (exceso de grasa corporal) reduce la esperanza de vida de las personas que la padecen, esto conlleva a producir hipertensi\u00f3n arterial, diabetes, elevaci\u00f3n de colesterol, [&hellip;]<\/p>\n","protected":false},"author":1,"featured_media":0,"parent":0,"menu_order":0,"comment_status":"closed","ping_status":"closed","template":"","meta":{"site-sidebar-layout":"no-sidebar","site-content-layout":"page-builder","ast-site-content-layout":"default","site-content-style":"default","site-sidebar-style":"default","ast-global-header-display":"","ast-banner-title-visibility":"","ast-main-header-display":"","ast-hfb-above-header-display":"","ast-hfb-below-header-display":"","ast-hfb-mobile-header-display":"","site-post-title":"disabled","ast-breadcrumbs-content":"","ast-featured-img":"disabled","footer-sml-layout":"","ast-disable-related-posts":"","theme-transparent-header-meta":"","adv-header-id-meta":"","stick-header-meta":"","header-above-stick-meta":"","header-main-stick-meta":"","header-below-stick-meta":"","astra-migrate-meta-layouts":"default","ast-page-background-enabled":"default","ast-page-background-meta":{"desktop":{"background-color":"var(--ast-global-color-4)","background-image":"","background-repeat":"repeat","background-position":"center center","background-size":"auto","background-attachment":"scroll","background-type":"","background-media":"","overlay-type":"","overlay-color":"","overlay-opacity":"","overlay-gradient":""},"tablet":{"background-color":"","background-image":"","background-repeat":"repeat","background-position":"center center","background-size":"auto","background-attachment":"scroll","background-type":"","background-media":"","overlay-type":"","overlay-color":"","overlay-opacity":"","overlay-gradient":""},"mobile":{"background-color":"","background-image":"","background-repeat":"repeat","background-position":"center center","background-size":"auto","background-attachment":"scroll","background-type":"","background-media":"","overlay-type":"","overlay-color":"","overlay-opacity":"","overlay-gradient":""}},"ast-content-background-meta":{"desktop":{"background-color":"var(--ast-global-color-5)","background-image":"","background-repeat":"repeat","background-position":"center center","background-size":"auto","background-attachment":"scroll","background-type":"","background-media":"","overlay-type":"","overlay-color":"","overlay-opacity":"","overlay-gradient":""},"tablet":{"background-color":"var(--ast-global-color-5)","background-image":"","background-repeat":"repeat","background-position":"center center","background-size":"auto","background-attachment":"scroll","background-type":"","background-media":"","overlay-type":"","overlay-color":"","overlay-opacity":"","overlay-gradient":""},"mobile":{"background-color":"var(--ast-global-color-5)","background-image":"","background-repeat":"repeat","background-position":"center center","background-size":"auto","background-attachment":"scroll","background-type":"","background-media":"","overlay-type":"","overlay-color":"","overlay-opacity":"","overlay-gradient":""}},"footnotes":""},"class_list":["post-2009","page","type-page","status-publish","hentry"],"_links":{"self":[{"href":"https:\/\/clinicadoctoreslopez.com\/en\/wp-json\/wp\/v2\/pages\/2009","targetHints":{"allow":["GET"]}}],"collection":[{"href":"https:\/\/clinicadoctoreslopez.com\/en\/wp-json\/wp\/v2\/pages"}],"about":[{"href":"https:\/\/clinicadoctoreslopez.com\/en\/wp-json\/wp\/v2\/types\/page"}],"author":[{"embeddable":true,"href":"https:\/\/clinicadoctoreslopez.com\/en\/wp-json\/wp\/v2\/users\/1"}],"replies":[{"embeddable":true,"href":"https:\/\/clinicadoctoreslopez.com\/en\/wp-json\/wp\/v2\/comments?post=2009"}],"version-history":[{"count":0,"href":"https:\/\/clinicadoctoreslopez.com\/en\/wp-json\/wp\/v2\/pages\/2009\/revisions"}],"wp:attachment":[{"href":"https:\/\/clinicadoctoreslopez.com\/en\/wp-json\/wp\/v2\/media?parent=2009"}],"curies":[{"name":"wp","href":"https:\/\/api.w.org\/{rel}","templated":true}]}}