{"id":5346,"date":"2024-10-20T22:36:10","date_gmt":"2024-10-20T22:36:10","guid":{"rendered":"https:\/\/clinicadoctoreslopez.com\/?page_id=5346"},"modified":"2024-10-25T16:36:22","modified_gmt":"2024-10-25T16:36:22","slug":"rocio-lopez-lopez","status":"publish","type":"page","link":"https:\/\/clinicadoctoreslopez.com\/en\/medical-equipment\/rocio-lopez-lopez\/","title":{"rendered":"Dr. Rocio Lopez Lopez"},"content":{"rendered":"\t\t<div data-elementor-type=\"wp-page\" data-elementor-id=\"5346\" class=\"elementor elementor-5346\" data-elementor-post-type=\"page\">\n\t\t\t\t<div class=\"elementor-element elementor-element-8a252d7 e-con-full e-flex e-con e-parent\" data-id=\"8a252d7\" data-element_type=\"container\" data-e-type=\"container\">\n\t\t<div class=\"elementor-element elementor-element-20e8a4bb e-con-full e-flex e-con e-child\" data-id=\"20e8a4bb\" data-element_type=\"container\" data-e-type=\"container\">\n\t\t\t\t<div class=\"elementor-element elementor-element-1a316b3b elementor-widget__width-inherit elementor-widget elementor-widget-image\" data-id=\"1a316b3b\" data-element_type=\"widget\" data-e-type=\"widget\" data-widget_type=\"image.default\">\n\t\t\t\t<div class=\"elementor-widget-container\">\n\t\t\t\t\t\t\t\t\t\t\t\t\t\t\t<img fetchpriority=\"high\" decoding=\"async\" width=\"419\" height=\"419\" src=\"https:\/\/clinicadoctoreslopez.com\/wp-content\/uploads\/2024\/10\/Rocio-Lopez-Lopez.png\" class=\"attachment-full size-full wp-image-5213\" alt=\"Doctora Roc\u00edo L\u00f3pez L\u00f3pez\" srcset=\"https:\/\/clinicadoctoreslopez.com\/wp-content\/uploads\/2024\/10\/Rocio-Lopez-Lopez.png 419w, https:\/\/clinicadoctoreslopez.com\/wp-content\/uploads\/2024\/10\/Rocio-Lopez-Lopez-300x300.png 300w, https:\/\/clinicadoctoreslopez.com\/wp-content\/uploads\/2024\/10\/Rocio-Lopez-Lopez-150x150.png 150w, https:\/\/clinicadoctoreslopez.com\/wp-content\/uploads\/2024\/10\/Rocio-Lopez-Lopez-12x12.png 12w\" sizes=\"(max-width: 419px) 100vw, 419px\" title=\"\">\t\t\t\t\t\t\t\t\t\t\t\t\t\t\t<\/div>\n\t\t\t\t<\/div>\n\t\t\t\t<\/div>\n\t\t<div class=\"elementor-element elementor-element-410c6e8b e-con-full e-flex e-con e-child\" data-id=\"410c6e8b\" data-element_type=\"container\" data-e-type=\"container\">\n\t\t\t\t<div class=\"elementor-element elementor-element-6effc60 elementor-widget__width-inherit elementor-widget elementor-widget-heading\" data-id=\"6effc60\" data-element_type=\"widget\" data-e-type=\"widget\" data-widget_type=\"heading.default\">\n\t\t\t\t<div class=\"elementor-widget-container\">\n\t\t\t\t\t<h1 class=\"elementor-heading-title elementor-size-default\">Doctora Roc\u00edo L\u00f3pez L\u00f3pez<\/h1>\t\t\t\t<\/div>\n\t\t\t\t<\/div>\n\t\t\t\t<div class=\"elementor-element elementor-element-6b0408e0 elementor-widget__width-inherit elementor-widget elementor-widget-heading\" data-id=\"6b0408e0\" data-element_type=\"widget\" data-e-type=\"widget\" data-widget_type=\"heading.default\">\n\t\t\t\t<div class=\"elementor-widget-container\">\n\t\t\t\t\t<h2 class=\"elementor-heading-title elementor-size-default\">Medicina Oral y Est\u00e9tica Dental<\/h2>\t\t\t\t<\/div>\n\t\t\t\t<\/div>\n\t\t\t\t<div class=\"elementor-element elementor-element-51680022 elementor-widget__width-inherit elementor-widget elementor-widget-accordion\" data-id=\"51680022\" data-element_type=\"widget\" data-e-type=\"widget\" data-widget_type=\"accordion.default\">\n\t\t\t\t<div class=\"elementor-widget-container\">\n\t\t\t\t\t\t\t<div class=\"elementor-accordion\">\n\t\t\t\t\t\t\t<div class=\"elementor-accordion-item\">\n\t\t\t\t\t<div id=\"elementor-tab-title-1361\" class=\"elementor-tab-title\" data-tab=\"1\" role=\"button\" aria-controls=\"elementor-tab-content-1361\" aria-expanded=\"false\">\n\t\t\t\t\t\t\t\t\t\t\t\t\t<span class=\"elementor-accordion-icon elementor-accordion-icon-left\" aria-hidden=\"true\">\n\t\t\t\t\t\t\t\t\t\t\t\t\t\t\t<span class=\"elementor-accordion-icon-closed\"><svg xmlns=\"http:\/\/www.w3.org\/2000\/svg\" width=\"72\" height=\"94\" viewBox=\"0 0 72 94\" fill=\"none\"><g clip-path=\"url(#clip0_65_202)\"><path d=\"M67.2533 94.0019H4.58338C4.75029 93.9701 4.91509 93.9382 5.082 93.9064C4.43971 93.8873 3.81432 93.7897 3.23541 93.5202C1.12684 92.5398 0.0176202 90.8698 0.0155074 88.5378C0.00705623 61.9004 0.00916903 35.2609 0.00916903 8.62142C0.00916903 8.301 -0.0182974 7.97633 0.0218458 7.66016C0.275382 5.66124 1.31911 4.22253 3.1171 3.33554C3.98546 2.90689 4.9172 2.8305 5.86796 2.8305C11.2091 2.83687 16.5503 2.83262 21.8914 2.83262C22.0034 2.83262 22.1133 2.83262 22.2316 2.83262C22.2316 2.41671 22.2253 2.02202 22.2316 1.62945C22.2422 1.11169 22.3499 0.632118 22.7936 0.294721C23.1338 0.0315941 23.531 0.00188622 23.9366 0.00188622C31.6293 0.00188622 39.3199 0.00188622 47.0126 0.00188622C47.4141 0.00188622 47.8155 -0.00235777 48.2169 0.00188622C49.136 0.0167402 49.6811 0.536628 49.736 1.45757C49.7508 1.7207 49.7403 1.98383 49.7424 2.24695C49.7424 2.43369 49.7424 2.6183 49.7424 2.8114C49.8269 2.81777 49.8839 2.82414 49.9389 2.82414C53.0024 2.82414 56.066 2.82414 59.1295 2.82626C61.5867 2.82626 64.0439 2.82414 66.5011 2.82838C67.7202 2.8305 68.8695 3.13607 69.8393 3.88089C71.2802 4.98857 71.9986 6.49094 71.9986 8.32222C72.0007 13.4956 71.9986 18.669 71.9965 23.8425C71.9965 31.7469 71.9965 39.6513 71.9965 47.5536C71.9965 55.3583 71.9965 63.163 71.9965 70.9698C71.9965 76.226 71.9986 81.48 71.9923 86.7362C71.9923 87.6402 72.0261 88.5547 71.9056 89.4438C71.7028 90.9356 70.957 92.1494 69.6935 92.9918C68.8442 93.5584 67.9251 93.9467 66.8666 93.8788C66.9955 93.917 67.1244 93.9552 67.2533 93.9955V94.0019ZM60.655 82.5304C60.655 82.0933 60.655 81.6837 60.655 81.272C60.655 59.1354 60.655 36.9988 60.655 14.8622C60.655 14.2596 60.655 14.2574 60.0507 14.2574C50.1396 14.2574 40.2263 14.2574 30.3152 14.2574C24.0824 14.2574 17.8475 14.2617 11.6148 14.2574C11.4014 14.2574 11.3211 14.2935 11.3211 14.5375C11.3274 21.1157 11.3253 27.6918 11.3211 34.2699C11.319 50.3058 11.3148 66.3417 11.3126 82.3797C11.3126 82.4264 11.3232 82.4731 11.3274 82.5304H60.6507H60.655ZM49.7698 5.60182C49.7572 5.64638 49.7445 5.66973 49.7445 5.69307C49.7445 7.56254 49.7445 9.4299 49.7403 11.2994C49.7403 11.4522 49.7994 11.4925 49.9452 11.4925C53.763 11.4882 57.5808 11.4882 61.3966 11.4882C61.6417 11.4882 61.8888 11.4882 62.1339 11.5031C62.7889 11.5476 63.3108 12.0378 63.3678 12.6956C63.4058 13.1455 63.3995 13.5996 63.3995 14.0516C63.3995 37.1367 63.4016 60.2198 63.4016 83.3049C63.4016 83.5511 63.3995 83.7993 63.372 84.0455C63.3087 84.6248 62.996 85.0237 62.4466 85.2041C62.2184 85.2784 61.9649 85.306 61.7241 85.306C44.5533 85.3102 27.3826 85.3102 10.2119 85.3102C10.121 85.3102 10.0323 85.3102 9.94144 85.3081C9.29704 85.2741 8.77518 84.8816 8.63784 84.298C8.58502 84.0773 8.57657 83.8418 8.57657 83.6126C8.57446 60.4956 8.57657 37.3787 8.57657 14.2617C8.57657 13.8415 8.57446 13.4214 8.58291 13.0012C8.59981 12.2309 8.99702 11.6792 9.6541 11.537C9.89919 11.484 10.1591 11.4904 10.4126 11.4904C14.2304 11.4882 18.0483 11.4904 21.864 11.4904C21.9844 11.4904 22.1048 11.4904 22.2253 11.4904V5.61455C22.164 5.60819 22.1238 5.60182 22.0858 5.60182C16.8672 5.60182 11.6486 5.60182 6.43208 5.60607C5.96515 5.60607 5.494 5.58273 5.03341 5.64214C4.67634 5.6867 4.30027 5.78219 3.9918 5.95832C3.06428 6.49094 2.70721 7.35034 2.70933 8.40073C2.71567 13.5211 2.71567 18.6415 2.71567 23.7618C2.71567 44.969 2.71567 66.1762 2.71567 87.3834C2.71567 87.8269 2.7051 88.2725 2.722 88.716C2.76849 89.9552 3.61361 90.9589 4.83058 91.1457C5.39258 91.2306 5.9736 91.1987 6.54617 91.1987C25.2487 91.2009 43.9491 91.1987 62.6516 91.1987C64.0439 91.1987 65.4362 91.2199 66.8286 91.186C68.0941 91.1563 69.0724 90.2354 69.2329 88.9749C69.2773 88.6269 69.2604 88.2683 69.2604 87.916C69.2604 63.946 69.2604 39.9781 69.2604 16.0081C69.2604 13.415 69.2689 10.8219 69.2689 8.22885C69.2689 6.92807 68.4575 5.89254 67.2279 5.66336C66.8539 5.59334 66.4609 5.60394 66.0764 5.60394C60.8832 5.5997 55.6899 5.60394 50.4945 5.60394C50.2579 5.60394 50.0213 5.60394 49.7698 5.60394V5.60182ZM46.9788 2.77321C46.9176 2.75835 46.9028 2.74987 46.888 2.74987C44.3082 2.74138 41.7285 2.73077 39.1488 2.72865C34.5302 2.7244 29.9116 2.72865 25.2909 2.72016C25.0522 2.72016 24.9867 2.77745 24.9867 3.01936C24.9973 5.6867 24.9973 8.35192 24.9994 11.0193C24.9994 11.1657 24.9994 11.3121 24.9994 11.484C25.1726 11.484 25.3247 11.484 25.479 11.484C32.4808 11.484 39.4847 11.4861 46.4865 11.4882C46.8147 11.4882 46.9788 11.3227 46.9788 10.9917C46.9788 8.736 46.9788 6.48245 46.9788 4.22677C46.9788 3.74296 46.9788 3.26127 46.9788 2.77321Z\" fill=\"#9B1C80\"><\/path><path d=\"M44.9134 35.8438C47.5987 35.8438 50.2862 35.8438 52.9716 35.8438C53.335 35.8438 53.6899 35.8692 54.0068 36.0814C54.4653 36.387 54.7125 36.9599 54.6027 37.4968C54.4843 38.0782 54.0512 38.5005 53.4765 38.5854C53.3244 38.6087 53.166 38.6172 53.0117 38.6172C47.6156 38.6172 42.2195 38.6172 36.8234 38.6172C36.3354 38.6172 35.8748 38.5344 35.5304 38.1397C35.1607 37.7175 35.0783 37.2294 35.2769 36.7138C35.4691 36.2109 35.8621 35.935 36.3903 35.865C36.5509 35.8438 36.7178 35.8459 36.8805 35.8459C39.5574 35.8459 42.2364 35.8459 44.9134 35.8459V35.8438Z\" fill=\"#9B1C80\"><\/path><path d=\"M44.8476 69.6971C42.1284 69.6971 39.4093 69.6971 36.6922 69.6971C36.0689 69.6971 35.5724 69.4806 35.2978 68.8844C34.9322 68.0907 35.3971 67.1613 36.2485 66.9916C36.4408 66.9534 36.6373 66.9321 36.8338 66.9321C42.2066 66.93 47.5773 66.9279 52.9502 66.9321C53.3812 66.9321 53.7995 66.9852 54.146 67.2886C54.5707 67.66 54.7144 68.1268 54.5813 68.6658C54.4461 69.2048 54.0594 69.504 53.5418 69.6398C53.377 69.6822 53.2016 69.695 53.0305 69.695C50.3029 69.6992 47.5773 69.6971 44.8497 69.6971H44.8476Z\" fill=\"#9B1C80\"><\/path><path d=\"M44.8614 23.0622C42.1422 23.0622 39.423 23.0622 36.7018 23.0622C36.0996 23.0622 35.6094 22.8669 35.3221 22.3004C34.9164 21.4983 35.3686 20.5434 36.2433 20.3587C36.4271 20.3205 36.6172 20.2993 36.8032 20.2993C42.1929 20.2972 47.5827 20.2951 52.9724 20.2993C53.3865 20.2993 53.7901 20.3545 54.1239 20.641C54.5613 21.0144 54.7197 21.4855 54.5718 22.0351C54.4282 22.5656 54.0542 22.8818 53.5281 23.007C53.3549 23.0473 53.171 23.0622 52.9936 23.0622C50.2828 23.0664 47.57 23.0643 44.8593 23.0643L44.8614 23.0622Z\" fill=\"#9B1C80\"><\/path><path d=\"M44.9138 54.1551C42.2285 54.1551 39.5431 54.1508 36.8577 54.1572C36.1647 54.1572 35.5943 53.9683 35.2964 53.2851C34.952 52.4957 35.4612 51.5599 36.3105 51.4241C36.488 51.3965 36.6697 51.3838 36.8472 51.3838C42.201 51.3838 47.5569 51.3816 52.9108 51.3838C53.1474 51.3838 53.3904 51.3944 53.6165 51.4517C54.2841 51.6193 54.6919 52.2453 54.6179 52.9498C54.5545 53.5609 53.9989 54.0935 53.3629 54.1423C53.1516 54.1572 52.9382 54.1508 52.7249 54.153C50.1219 54.153 47.5168 54.153 44.9138 54.153V54.1551Z\" fill=\"#9B1C80\"><\/path><path d=\"M22.3837 57.6317C23.5753 56.4285 24.7437 55.2508 25.9099 54.0752C26.6494 53.3283 27.3847 52.5792 28.1326 51.8408C28.7749 51.2063 29.694 51.2636 30.2116 51.9533C30.575 52.4371 30.5792 53.0864 30.2158 53.5829C30.1186 53.7145 30.0067 53.8355 29.8905 53.9522C27.7777 56.0763 25.667 58.2025 23.5457 60.3203C23.3408 60.5261 23.0999 60.7277 22.8379 60.838C22.2294 61.0906 21.7076 60.8826 21.2618 60.4264C20.5329 59.6815 19.7955 58.9452 19.0602 58.2046C18.6314 57.7739 18.1961 57.3495 17.7736 56.9145C17.3721 56.5007 17.2517 56.0063 17.4355 55.4588C17.6066 54.9474 17.9848 54.6503 18.5088 54.5569C19.0222 54.4657 19.4279 54.6736 19.7828 55.0365C20.5561 55.8301 21.34 56.6132 22.1217 57.4004C22.1956 57.4747 22.278 57.5405 22.3816 57.6317H22.3837Z\" fill=\"#9B1C80\"><\/path><path d=\"M22.4811 29.8473C21.9846 29.8325 21.674 29.6967 21.4204 29.4442C20.2013 28.224 18.9844 27.0039 17.7737 25.7752C17.3829 25.3784 17.2603 24.8946 17.4653 24.3683C17.6702 23.8421 18.0759 23.5408 18.6336 23.475C18.9442 23.4368 19.2358 23.5344 19.4872 23.719C19.6246 23.8209 19.7555 23.9355 19.8781 24.0564C20.6345 24.8097 21.393 25.5609 22.1388 26.3248C22.2951 26.484 22.3839 26.5031 22.5487 26.3354C23.7635 25.1004 24.989 23.876 26.2102 22.6474C26.8482 22.0066 27.4799 21.3615 28.1222 20.7291C28.5131 20.3429 28.9843 20.1923 29.5188 20.3726C30.0428 20.5488 30.3618 20.9286 30.4653 21.4718C30.5541 21.9365 30.3893 22.3334 30.066 22.6601C29.4448 23.2925 28.8152 23.9185 28.192 24.5466C26.694 26.0553 25.196 27.5662 23.6938 29.0707C23.5037 29.2617 23.3051 29.4548 23.079 29.5948C22.8635 29.7285 22.6057 29.7943 22.4811 29.8431V29.8473Z\" fill=\"#9B1C80\"><\/path><path d=\"M22.3576 76.475C21.9963 76.4707 21.6836 76.3371 21.4301 76.0845C20.2047 74.8602 18.9793 73.6358 17.7665 72.3965C17.2277 71.8448 17.2425 71.1021 17.7602 70.5355C18.2461 70.005 18.9877 69.9562 19.5751 70.4188C19.6849 70.5058 19.7885 70.5992 19.8857 70.6968C20.6357 71.4459 21.39 72.1886 22.1273 72.9482C22.2942 73.1201 22.3872 73.1244 22.5541 72.9546C24.3437 71.1445 26.1353 69.3387 27.9418 67.5435C28.1678 67.3186 28.4467 67.1085 28.7404 67.0003C29.3003 66.7923 29.9257 67.0618 30.2553 67.5711C30.5933 68.0952 30.5701 68.7212 30.1539 69.1923C29.8391 69.5488 29.4904 69.8756 29.1545 70.213C27.3248 72.0528 25.4972 73.8925 23.6655 75.7302C23.5218 75.8745 23.3675 76.0124 23.2091 76.1418C22.9619 76.3434 22.683 76.4729 22.3555 76.4707L22.3576 76.475Z\" fill=\"#9B1C80\"><\/path><path d=\"M22.3628 42.0638C22.8064 41.614 23.229 41.1832 23.6558 40.7524C25.0967 39.3031 26.5419 37.858 27.9765 36.4023C28.4286 35.944 28.9315 35.7148 29.5674 35.9376C30.3956 36.2262 30.7273 37.196 30.2477 37.9344C30.159 38.0702 30.0491 38.1975 29.935 38.3121C27.7715 40.4893 25.6059 42.6665 23.4403 44.8415C22.7114 45.5736 21.955 45.5778 21.2324 44.8479C20.0788 43.6808 18.921 42.5158 17.7822 41.336C17.0153 40.5423 17.3385 39.3137 18.3738 39.0463C18.8893 38.9127 19.3478 39.0463 19.7239 39.4262C20.5162 40.224 21.3042 41.0262 22.0944 41.8262C22.1726 41.9047 22.2613 41.9747 22.3606 42.0638H22.3628Z\" fill=\"#9B1C80\"><\/path><path d=\"M40.7191 45.3936C39.3521 45.3936 37.983 45.3936 36.6161 45.3936C36.1005 45.3936 35.6632 45.2154 35.3864 44.7591C34.8138 43.817 35.4498 42.652 36.5548 42.6329C37.4147 42.6181 38.2746 42.6287 39.1345 42.6287C41.0424 42.6287 42.9523 42.6244 44.8602 42.6287C45.8765 42.6329 46.5166 43.5814 46.1638 44.5385C45.9694 45.0647 45.4708 45.3915 44.8496 45.3915C43.4742 45.3915 42.0967 45.3915 40.7212 45.3915L40.7191 45.3936Z\" fill=\"#9B1C80\"><\/path><path d=\"M40.7116 58.1925C42.1039 58.1925 43.4963 58.1862 44.8865 58.1925C45.8035 58.1968 46.4521 59.0519 46.2133 59.9368C46.0697 60.4673 45.7084 60.792 45.176 60.9044C45.009 60.9405 44.8337 60.9448 44.6625 60.9448C42.068 60.9448 39.4714 60.949 36.8769 60.9405C36.6022 60.9405 36.3149 60.9066 36.0571 60.8196C35.4296 60.6074 35.0873 59.9729 35.2014 59.3066C35.3092 58.6721 35.8522 58.1989 36.5114 58.1904C37.2149 58.1819 37.9185 58.1947 38.6242 58.1947C39.3193 58.1947 40.0165 58.1947 40.7116 58.1947V58.1883V58.1925Z\" fill=\"#9B1C80\"><\/path><path d=\"M40.7245 73.7287C42.0175 73.7287 43.3127 73.7287 44.6057 73.7287C44.8086 73.7287 45.0198 73.7287 45.2163 73.7732C45.865 73.9239 46.277 74.4799 46.2558 75.1462C46.2368 75.7807 45.734 76.3578 45.0938 76.4639C44.9417 76.4894 44.7853 76.4979 44.629 76.4979C42.0492 76.5 39.4695 76.5064 36.8919 76.4915C36.5729 76.4915 36.2348 76.4257 35.9433 76.3027C35.3981 76.0756 35.1002 75.4305 35.2101 74.8533C35.3263 74.2422 35.8186 73.7626 36.4271 73.7478C37.5152 73.7202 38.6054 73.7308 39.6935 73.7266C40.0379 73.7266 40.3822 73.7266 40.7245 73.7266V73.7287Z\" fill=\"#9B1C80\"><\/path><path d=\"M40.7476 27.0938C42.0407 27.0938 43.3358 27.0938 44.6289 27.0938C44.8253 27.0938 45.0261 27.0937 45.2141 27.1362C45.867 27.2826 46.2895 27.8619 46.2578 28.5325C46.2261 29.1691 45.7148 29.7378 45.0768 29.8332C44.9246 29.8566 44.7662 29.8651 44.612 29.8651C42.0407 29.8672 39.4694 29.8736 36.8981 29.8587C36.5791 29.8587 36.241 29.7929 35.9474 29.672C35.4001 29.4449 35.1001 28.802 35.21 28.2248C35.3262 27.6136 35.8164 27.1319 36.4227 27.115C37.42 27.0853 38.4215 27.1001 39.4187 27.0959C39.8603 27.0959 40.304 27.0959 40.7455 27.0959L40.7476 27.0938Z\" fill=\"#9B1C80\"><\/path><path d=\"M35.9621 8.50994C33.9148 8.50994 31.8654 8.50994 29.8181 8.50994C29.3744 8.50994 28.9498 8.45689 28.6117 8.12586C28.2039 7.72693 28.0772 7.24523 28.242 6.702C28.4047 6.16302 28.7871 5.85745 29.3364 5.76408C29.4653 5.74286 29.5963 5.73438 29.7273 5.73438C33.9043 5.73438 38.0834 5.73438 42.2604 5.73438C43.0548 5.73438 43.5957 6.11846 43.7563 6.78688C43.957 7.6187 43.3929 8.3996 42.5203 8.4866C42.3175 8.50782 42.1104 8.50357 41.9076 8.50357C39.9258 8.50357 37.9418 8.50357 35.96 8.50357V8.50782L35.9621 8.50994Z\" fill=\"#9B1C80\"><\/path><\/g><defs><clipPath id=\"clip0_65_202\"><rect width=\"72\" height=\"94\" fill=\"white\"><\/rect><\/clipPath><\/defs><\/svg><\/span>\n\t\t\t\t\t\t\t\t<span class=\"elementor-accordion-icon-opened\"><i class=\"fas fa-minus\"><\/i><\/span>\n\t\t\t\t\t\t\t\t\t\t\t\t\t\t<\/span>\n\t\t\t\t\t\t\t\t\t\t\t\t<a class=\"elementor-accordion-title\" tabindex=\"0\">VER EXPERIENCIA<\/a>\n\t\t\t\t\t<\/div>\n\t\t\t\t\t<div id=\"elementor-tab-content-1361\" class=\"elementor-tab-content elementor-clearfix\" data-tab=\"1\" role=\"region\" aria-labelledby=\"elementor-tab-title-1361\"><p>Licenciada en Odontolog\u00eda por la Universidad San Pablo CEU, Madrid.<\/p><p>M\u00e1ster en \u00abOrtodoncia Cl\u00ednica\u00bb por la Universidad Cat\u00f3lica San Antonio de Murcia.<\/p><p>M\u00e1ster en \u00abEst\u00e9tica Dental\u00bb por Institut Joan Aurtr\u00e1n de Barcelona.<\/p><p>Socia \u00abSEPA\u00bb. Congreso SEPA M\u00e1laga 2017.<\/p><p>Experiencia en cl\u00ednicas de Madrid y de M\u00e1laga.<\/p><p>Manejo de los idiomas ingl\u00e9s y franc\u00e9s.<\/p><\/div>\n\t\t\t\t<\/div>\n\t\t\t\t\t\t\t\t<\/div>\n\t\t\t\t\t\t<\/div>\n\t\t\t\t<\/div>\n\t\t<div class=\"elementor-element elementor-element-78793879 e-flex e-con-boxed e-con e-child\" data-id=\"78793879\" data-element_type=\"container\" data-e-type=\"container\" data-settings=\"{&quot;background_background&quot;:&quot;classic&quot;}\">\n\t\t\t\t\t<div class=\"e-con-inner\">\n\t\t\t\t<div class=\"elementor-element elementor-element-153f4c9a elementor-mobile-button-align-stretch elementor-widget-tablet__width-inherit elementor-button-align-stretch elementor-widget elementor-widget-form\" data-id=\"153f4c9a\" data-element_type=\"widget\" data-e-type=\"widget\" data-settings=\"{&quot;step_next_label&quot;:&quot;Next&quot;,&quot;step_previous_label&quot;:&quot;Previous&quot;,&quot;button_width_tablet&quot;:&quot;100&quot;,&quot;button_width&quot;:&quot;100&quot;,&quot;step_type&quot;:&quot;number_text&quot;,&quot;step_icon_shape&quot;:&quot;circle&quot;}\" data-widget_type=\"form.default\">\n\t\t\t\t<div class=\"elementor-widget-container\">\n\t\t\t\t\t\t\t<form class=\"elementor-form\" method=\"post\" name=\"Tratamiento\" aria-label=\"Tratamiento\">\n\t\t\t<input type=\"hidden\" name=\"post_id\" value=\"5346\"\/>\n\t\t\t<input type=\"hidden\" name=\"form_id\" value=\"153f4c9a\"\/>\n\t\t\t<input type=\"hidden\" name=\"referer_title\" value=\"\" \/>\n\n\t\t\t\n\t\t\t<div class=\"elementor-form-fields-wrapper elementor-labels-above\">\n\t\t\t\t\t\t\t\t<div class=\"elementor-field-type-text elementor-field-group elementor-column elementor-field-group-name elementor-col-100 elementor-md-100 elementor-field-required elementor-mark-required\">\n\t\t\t\t\t\t\t\t\t\t\t\t<label for=\"form-field-name\" class=\"elementor-field-label\">\n\t\t\t\t\t\t\t\tNOMBRE Y APELLIDOS\t\t\t\t\t\t\t<\/label>\n\t\t\t\t\t\t\t\t\t\t\t\t\t\t<input size=\"1\" type=\"text\" name=\"form_fields[name]\" id=\"form-field-name\" class=\"elementor-field elementor-size-xs  elementor-field-textual\" required=\"required\">\n\t\t\t\t\t\t\t\t\t\t\t<\/div>\n\t\t\t\t\t\t\t\t<div class=\"elementor-field-type-email elementor-field-group elementor-column elementor-field-group-email elementor-col-100 elementor-md-100 elementor-field-required elementor-mark-required\">\n\t\t\t\t\t\t\t\t\t\t\t\t<label for=\"form-field-email\" class=\"elementor-field-label\">\n\t\t\t\t\t\t\t\tEMAIL\t\t\t\t\t\t\t<\/label>\n\t\t\t\t\t\t\t\t\t\t\t\t\t\t<input size=\"1\" type=\"email\" name=\"form_fields[email]\" id=\"form-field-email\" class=\"elementor-field elementor-size-xs  elementor-field-textual\" required=\"required\">\n\t\t\t\t\t\t\t\t\t\t\t<\/div>\n\t\t\t\t\t\t\t\t<div class=\"elementor-field-type-tel elementor-field-group elementor-column elementor-field-group-field_87a8484 elementor-col-100 elementor-md-100\">\n\t\t\t\t\t\t\t\t\t\t\t\t<label for=\"form-field-field_87a8484\" class=\"elementor-field-label\">\n\t\t\t\t\t\t\t\tTEL\u00c9FONO\t\t\t\t\t\t\t<\/label>\n\t\t\t\t\t\t\t\t<input size=\"1\" type=\"tel\" name=\"form_fields[field_87a8484]\" id=\"form-field-field_87a8484\" class=\"elementor-field elementor-size-xs  elementor-field-textual\" pattern=\"[0-9()#&amp;+*-=.]+\" title=\"Only numbers and phone characters (#, -, *, etc) are accepted.\">\n\n\t\t\t\t\t\t<\/div>\n\t\t\t\t\t\t\t\t<div class=\"elementor-field-type-acceptance elementor-field-group elementor-column elementor-field-group-field_72b3356 elementor-col-100 elementor-md-100 elementor-field-required elementor-mark-required\">\n\t\t\t\t\t\t\t<div class=\"elementor-field-subgroup\">\n\t\t\t<span class=\"elementor-field-option\">\n\t\t\t\t<input type=\"checkbox\" name=\"form_fields[field_72b3356]\" id=\"form-field-field_72b3356\" class=\"elementor-field elementor-size-xs  elementor-acceptance-field\" required=\"required\">\n\t\t\t\t<label for=\"form-field-field_72b3356\">Acepto la <a href=\"\/politica-de-privacidad\/\">Pol\u00edtica de Privacidad<\/a>\n y el <a href=\"\/aviso-legal\/\">Aviso legal<\/a>.<\/label>\t\t\t<\/span>\n\t\t<\/div>\n\t\t\t\t\t\t<\/div>\n\t\t\t\t\t\t\t\t<div class=\"elementor-field-group elementor-column elementor-field-type-submit elementor-col-100 e-form__buttons elementor-md-100\">\n\t\t\t\t\t<button class=\"elementor-button elementor-size-md\" type=\"submit\" id=\"form_perfil_doctores\">\n\t\t\t\t\t\t<span class=\"elementor-button-content-wrapper\">\n\t\t\t\t\t\t\t\t\t\t\t\t\t\t\t\t\t\t\t\t\t\t<span class=\"elementor-button-text\">PIDE CITA GRATIS<\/span>\n\t\t\t\t\t\t\t\t\t\t\t\t\t<\/span>\n\t\t\t\t\t<\/button>\n\t\t\t\t<\/div>\n\t\t\t<\/div>\n\t\t<\/form>\n\t\t\t\t\t\t<\/div>\n\t\t\t\t<\/div>\n\t\t\t\t<div class=\"elementor-element elementor-element-422de25e elementor-widget elementor-widget-html\" data-id=\"422de25e\" data-element_type=\"widget\" data-e-type=\"widget\" data-widget_type=\"html.default\">\n\t\t\t\t<div class=\"elementor-widget-container\">\n\t\t\t\t\t<script>if(window.location.hash){forceCloseAccordion()}\r\ndocument.addEventListener(\"DOMContentLoaded\",function(){setTimeout(function(){forceCloseAccordion()},100)});function forceCloseAccordion(){let tabs=document.querySelectorAll(\".elementor-tab-title\");tabs.forEach(tab=>{tab.classList.remove(\"elementor-active\")});let tabContents=document.querySelectorAll(\".elementor-tab-content\");tabContents.forEach(tabContent=>{tabContent.style.display=\"none\"})}<\/script>\t\t\t\t<\/div>\n\t\t\t\t<\/div>\n\t\t\t\t\t<\/div>\n\t\t\t\t<\/div>\n\t\t\t\t<\/div>\n\t\t\t\t<\/div>\n\t\t\t\t<\/div>\n\t\t","protected":false},"excerpt":{"rendered":"<p>Doctora Roc\u00edo L\u00f3pez L\u00f3pez Medicina Oral y Est\u00e9tica Dental VER EXPERIENCIA Licenciada en Odontolog\u00eda por la Universidad San Pablo CEU, Madrid. M\u00e1ster en \u00abOrtodoncia Cl\u00ednica\u00bb por la Universidad Cat\u00f3lica San Antonio de Murcia. M\u00e1ster en \u00abEst\u00e9tica Dental\u00bb por Institut Joan Aurtr\u00e1n de Barcelona. Socia \u00abSEPA\u00bb. Congreso SEPA M\u00e1laga 2017. Experiencia en cl\u00ednicas de Madrid y [&hellip;]<\/p>\n","protected":false},"author":1,"featured_media":0,"parent":5357,"menu_order":0,"comment_status":"closed","ping_status":"closed","template":"","meta":{"site-sidebar-layout":"no-sidebar","site-content-layout":"page-builder","ast-site-content-layout":"full-width-container","site-content-style":"default","site-sidebar-style":"default","ast-global-header-display":"","ast-banner-title-visibility":"","ast-main-header-display":"","ast-hfb-above-header-display":"","ast-hfb-below-header-display":"","ast-hfb-mobile-header-display":"","site-post-title":"disabled","ast-breadcrumbs-content":"","ast-featured-img":"disabled","footer-sml-layout":"","ast-disable-related-posts":"","theme-transparent-header-meta":"","adv-header-id-meta":"","stick-header-meta":"","header-above-stick-meta":"","header-main-stick-meta":"","header-below-stick-meta":"","astra-migrate-meta-layouts":"set","ast-page-background-enabled":"default","ast-page-background-meta":{"desktop":{"background-color":"var(--ast-global-color-4)","background-image":"","background-repeat":"repeat","background-position":"center center","background-size":"auto","background-attachment":"scroll","background-type":"","background-media":"","overlay-type":"","overlay-color":"","overlay-opacity":"","overlay-gradient":""},"tablet":{"background-color":"","background-image":"","background-repeat":"repeat","background-position":"center center","background-size":"auto","background-attachment":"scroll","background-type":"","background-media":"","overlay-type":"","overlay-color":"","overlay-opacity":"","overlay-gradient":""},"mobile":{"background-color":"","background-image":"","background-repeat":"repeat","background-position":"center center","background-size":"auto","background-attachment":"scroll","background-type":"","background-media":"","overlay-type":"","overlay-color":"","overlay-opacity":"","overlay-gradient":""}},"ast-content-background-meta":{"desktop":{"background-color":"var(--ast-global-color-5)","background-image":"","background-repeat":"repeat","background-position":"center center","background-size":"auto","background-attachment":"scroll","background-type":"","background-media":"","overlay-type":"","overlay-color":"","overlay-opacity":"","overlay-gradient":""},"tablet":{"background-color":"var(--ast-global-color-5)","background-image":"","background-repeat":"repeat","background-position":"center center","background-size":"auto","background-attachment":"scroll","background-type":"","background-media":"","overlay-type":"","overlay-color":"","overlay-opacity":"","overlay-gradient":""},"mobile":{"background-color":"var(--ast-global-color-5)","background-image":"","background-repeat":"repeat","background-position":"center center","background-size":"auto","background-attachment":"scroll","background-type":"","background-media":"","overlay-type":"","overlay-color":"","overlay-opacity":"","overlay-gradient":""}},"footnotes":""},"class_list":["post-5346","page","type-page","status-publish","hentry"],"_links":{"self":[{"href":"https:\/\/clinicadoctoreslopez.com\/en\/wp-json\/wp\/v2\/pages\/5346","targetHints":{"allow":["GET"]}}],"collection":[{"href":"https:\/\/clinicadoctoreslopez.com\/en\/wp-json\/wp\/v2\/pages"}],"about":[{"href":"https:\/\/clinicadoctoreslopez.com\/en\/wp-json\/wp\/v2\/types\/page"}],"author":[{"embeddable":true,"href":"https:\/\/clinicadoctoreslopez.com\/en\/wp-json\/wp\/v2\/users\/1"}],"replies":[{"embeddable":true,"href":"https:\/\/clinicadoctoreslopez.com\/en\/wp-json\/wp\/v2\/comments?post=5346"}],"version-history":[{"count":0,"href":"https:\/\/clinicadoctoreslopez.com\/en\/wp-json\/wp\/v2\/pages\/5346\/revisions"}],"up":[{"embeddable":true,"href":"https:\/\/clinicadoctoreslopez.com\/en\/wp-json\/wp\/v2\/pages\/5357"}],"wp:attachment":[{"href":"https:\/\/clinicadoctoreslopez.com\/en\/wp-json\/wp\/v2\/media?parent=5346"}],"curies":[{"name":"wp","href":"https:\/\/api.w.org\/{rel}","templated":true}]}}