{"id":6045,"date":"2025-04-20T15:14:02","date_gmt":"2025-04-20T15:14:02","guid":{"rendered":"https:\/\/clinicadoctoreslopez.com\/?page_id=6045"},"modified":"2025-04-25T13:45:18","modified_gmt":"2025-04-25T13:45:18","slug":"test-11","status":"publish","type":"page","link":"https:\/\/clinicadoctoreslopez.com\/en\/test-11\/","title":{"rendered":"Ultrasound"},"content":{"rendered":"\t\t<div data-elementor-type=\"wp-page\" data-elementor-id=\"6045\" class=\"elementor elementor-6045\" data-elementor-post-type=\"page\">\n\t\t\t\t<div class=\"elementor-element elementor-element-1d61ba9b e-con-full e-flex e-con e-parent\" data-id=\"1d61ba9b\" data-element_type=\"container\" data-e-type=\"container\">\n\t\t\t\t<div class=\"elementor-element elementor-element-47022601 elementor-widget elementor-widget-heading\" data-id=\"47022601\" data-element_type=\"widget\" data-e-type=\"widget\" data-widget_type=\"heading.default\">\n\t\t\t\t<div class=\"elementor-widget-container\">\n\t\t\t\t\t<h1 class=\"elementor-heading-title elementor-size-default\">Ecograf\u00eda<\/h1>\t\t\t\t<\/div>\n\t\t\t\t<\/div>\n\t\t\t\t<\/div>\n\t\t<div class=\"elementor-element elementor-element-7691346a e-con-full e-flex e-con e-parent\" data-id=\"7691346a\" data-element_type=\"container\" data-e-type=\"container\">\n\t\t<div class=\"elementor-element elementor-element-15f1452e e-con-full e-flex e-con e-child\" data-id=\"15f1452e\" data-element_type=\"container\" data-e-type=\"container\">\n\t\t\t\t<div class=\"elementor-element elementor-element-4af4f04 elementor-widget__width-inherit elementor-widget elementor-widget-image\" data-id=\"4af4f04\" data-element_type=\"widget\" data-e-type=\"widget\" data-widget_type=\"image.default\">\n\t\t\t\t<div class=\"elementor-widget-container\">\n\t\t\t\t\t\t\t\t\t\t\t\t\t\t\t<img fetchpriority=\"high\" decoding=\"async\" width=\"720\" height=\"744\" src=\"https:\/\/clinicadoctoreslopez.com\/wp-content\/uploads\/2025\/04\/servicio-ecografia.jpg\" class=\"attachment-full size-full wp-image-6068\" alt=\"Ecograf\u00eda\" srcset=\"https:\/\/clinicadoctoreslopez.com\/wp-content\/uploads\/2025\/04\/servicio-ecografia.jpg 720w, https:\/\/clinicadoctoreslopez.com\/wp-content\/uploads\/2025\/04\/servicio-ecografia-290x300.jpg 290w, https:\/\/clinicadoctoreslopez.com\/wp-content\/uploads\/2025\/04\/servicio-ecografia-12x12.jpg 12w\" sizes=\"(max-width: 720px) 100vw, 720px\" title=\"\">\t\t\t\t\t\t\t\t\t\t\t\t\t\t\t<\/div>\n\t\t\t\t<\/div>\n\t\t\t\t<\/div>\n\t\t<div class=\"elementor-element elementor-element-10ea481a e-con-full e-flex e-con e-child\" data-id=\"10ea481a\" data-element_type=\"container\" data-e-type=\"container\">\n\t\t\t\t<div class=\"elementor-element elementor-element-7bdd6353 elementor-widget elementor-widget-heading\" data-id=\"7bdd6353\" data-element_type=\"widget\" data-e-type=\"widget\" data-widget_type=\"heading.default\">\n\t\t\t\t<div class=\"elementor-widget-container\">\n\t\t\t\t\t<h2 class=\"elementor-heading-title elementor-size-default\">\u00bfQu\u00e9 es una ecograf\u00eda?<\/h2>\t\t\t\t<\/div>\n\t\t\t\t<\/div>\n\t\t\t\t<div class=\"elementor-element elementor-element-35d760a9 elementor-widget elementor-widget-text-editor\" data-id=\"35d760a9\" data-element_type=\"widget\" data-e-type=\"widget\" data-widget_type=\"text-editor.default\">\n\t\t\t\t<div class=\"elementor-widget-container\">\n\t\t\t\t\t\t\t\t\t<p class=\"\" data-start=\"519\" data-end=\"920\"><span class=\"relative -mx-px my-[-0.2rem] rounded px-px py-[0.2rem] transition-colors duration-100 ease-in-out\">La ecograf\u00eda, tambi\u00e9n conocida como ultrasonido o sonograf\u00eda, es una t\u00e9cnica de diagn\u00f3stico por imagen que utiliza ondas sonoras de alta frecuencia para generar im\u00e1genes en tiempo real de \u00f3rganos, tejidos y estructuras internas del cuerpo.<\/span> <span class=\"relative -mx-px my-[-0.2rem] rounded px-px py-[0.2rem] transition-colors duration-100 ease-in-out\">Es un procedimiento no invasivo, seguro y ampliamente utilizado en diversas especialidades m\u00e9dicas<\/span><\/p>\t\t\t\t\t\t\t\t<\/div>\n\t\t\t\t<\/div>\n\t\t\t\t<div class=\"elementor-element elementor-element-1c1878ea elementor-widget__width-inherit elementor-widget elementor-widget-accordion\" data-id=\"1c1878ea\" data-element_type=\"widget\" data-e-type=\"widget\" data-widget_type=\"accordion.default\">\n\t\t\t\t<div class=\"elementor-widget-container\">\n\t\t\t\t\t\t\t<div class=\"elementor-accordion\">\n\t\t\t\t\t\t\t<div class=\"elementor-accordion-item\">\n\t\t\t\t\t<div id=\"elementor-tab-title-4711\" class=\"elementor-tab-title\" data-tab=\"1\" role=\"button\" aria-controls=\"elementor-tab-content-4711\" aria-expanded=\"false\">\n\t\t\t\t\t\t\t\t\t\t\t\t\t<span class=\"elementor-accordion-icon elementor-accordion-icon-left\" aria-hidden=\"true\">\n\t\t\t\t\t\t\t\t\t\t\t\t\t\t\t<span class=\"elementor-accordion-icon-closed\"><i class=\"fas fa-chevron-down\"><\/i><\/span>\n\t\t\t\t\t\t\t\t<span class=\"elementor-accordion-icon-opened\"><i class=\"fas fa-minus\"><\/i><\/span>\n\t\t\t\t\t\t\t\t\t\t\t\t\t\t<\/span>\n\t\t\t\t\t\t\t\t\t\t\t\t<a class=\"elementor-accordion-title\" tabindex=\"0\">DURACI\u00d3N<\/a>\n\t\t\t\t\t<\/div>\n\t\t\t\t\t<div id=\"elementor-tab-content-4711\" class=\"elementor-tab-content elementor-clearfix\" data-tab=\"1\" role=\"region\" aria-labelledby=\"elementor-tab-title-4711\"><p class=\"\" data-start=\"0\" data-end=\"112\">La <strong data-start=\"3\" data-end=\"32\">duraci\u00f3n de una ecograf\u00eda<\/strong> var\u00eda seg\u00fan el tipo de estudio y la zona del cuerpo a evaluar, pero en general:<\/p><ul data-start=\"114\" data-end=\"460\"><li class=\"\" data-start=\"114\" data-end=\"179\"><p class=\"\" data-start=\"116\" data-end=\"179\"><strong data-start=\"116\" data-end=\"149\">Ecograf\u00eda abdominal o p\u00e9lvica<\/strong>: entre <strong data-start=\"157\" data-end=\"176\">15 y 30 minutos<\/strong>.<\/p><\/li><li class=\"\" data-start=\"180\" data-end=\"317\"><p class=\"\" data-start=\"182\" data-end=\"317\"><strong data-start=\"182\" data-end=\"217\">Ecograf\u00eda obst\u00e9trica (embarazo)<\/strong>: entre <strong data-start=\"225\" data-end=\"244\">20 y 40 minutos<\/strong>, dependiendo de la etapa del embarazo y el nivel de detalle requerido.<\/p><\/li><li class=\"\" data-start=\"318\" data-end=\"378\"><p class=\"\" data-start=\"320\" data-end=\"378\"><strong data-start=\"320\" data-end=\"341\">Ecograf\u00eda Doppler<\/strong>: alrededor de <strong data-start=\"356\" data-end=\"375\">30 a 45 minutos<\/strong>.<\/p><\/li><li class=\"\" data-start=\"379\" data-end=\"460\"><p class=\"\" data-start=\"381\" data-end=\"460\"><strong data-start=\"381\" data-end=\"399\">Ecocardiograma<\/strong>: entre <strong data-start=\"407\" data-end=\"426\">30 y 60 minutos<\/strong>, dependiendo de la complejidad.<\/p><\/li><\/ul><\/div>\n\t\t\t\t<\/div>\n\t\t\t\t\t\t\t\t<\/div>\n\t\t\t\t\t\t<\/div>\n\t\t\t\t<\/div>\n\t\t<div class=\"elementor-element elementor-element-3fbb4cb4 e-flex e-con-boxed e-con e-child\" data-id=\"3fbb4cb4\" data-element_type=\"container\" data-e-type=\"container\" data-settings=\"{&quot;background_background&quot;:&quot;classic&quot;}\">\n\t\t\t\t\t<div class=\"e-con-inner\">\n\t\t\t\t<div class=\"elementor-element elementor-element-149e7233 elementor-mobile-button-align-stretch elementor-widget-tablet__width-inherit elementor-button-align-stretch elementor-widget elementor-widget-form\" data-id=\"149e7233\" data-element_type=\"widget\" data-e-type=\"widget\" data-settings=\"{&quot;step_next_label&quot;:&quot;Next&quot;,&quot;step_previous_label&quot;:&quot;Previous&quot;,&quot;button_width_tablet&quot;:&quot;100&quot;,&quot;button_width&quot;:&quot;100&quot;,&quot;step_type&quot;:&quot;number_text&quot;,&quot;step_icon_shape&quot;:&quot;circle&quot;}\" data-widget_type=\"form.default\">\n\t\t\t\t<div class=\"elementor-widget-container\">\n\t\t\t\t\t\t\t<form class=\"elementor-form\" method=\"post\" id=\"form_aumento_labios\" name=\"Tratamiento\" aria-label=\"Tratamiento\">\n\t\t\t<input type=\"hidden\" name=\"post_id\" value=\"6045\"\/>\n\t\t\t<input type=\"hidden\" name=\"form_id\" value=\"149e7233\"\/>\n\t\t\t<input type=\"hidden\" name=\"referer_title\" value=\"\" \/>\n\n\t\t\t\n\t\t\t<div class=\"elementor-form-fields-wrapper elementor-labels-above\">\n\t\t\t\t\t\t\t\t<div class=\"elementor-field-type-text elementor-field-group elementor-column elementor-field-group-name elementor-col-100 elementor-md-100 elementor-field-required elementor-mark-required\">\n\t\t\t\t\t\t\t\t\t\t\t\t<label for=\"form-field-name\" class=\"elementor-field-label\">\n\t\t\t\t\t\t\t\tNOMBRE Y APELLIDOS\t\t\t\t\t\t\t<\/label>\n\t\t\t\t\t\t\t\t\t\t\t\t\t\t<input size=\"1\" type=\"text\" name=\"form_fields[name]\" id=\"form-field-name\" class=\"elementor-field elementor-size-xs  elementor-field-textual\" required=\"required\">\n\t\t\t\t\t\t\t\t\t\t\t<\/div>\n\t\t\t\t\t\t\t\t<div class=\"elementor-field-type-email elementor-field-group elementor-column elementor-field-group-email elementor-col-100 elementor-md-100 elementor-field-required elementor-mark-required\">\n\t\t\t\t\t\t\t\t\t\t\t\t<label for=\"form-field-email\" class=\"elementor-field-label\">\n\t\t\t\t\t\t\t\tEMAIL\t\t\t\t\t\t\t<\/label>\n\t\t\t\t\t\t\t\t\t\t\t\t\t\t<input size=\"1\" type=\"email\" name=\"form_fields[email]\" id=\"form-field-email\" class=\"elementor-field elementor-size-xs  elementor-field-textual\" required=\"required\">\n\t\t\t\t\t\t\t\t\t\t\t<\/div>\n\t\t\t\t\t\t\t\t<div class=\"elementor-field-type-tel elementor-field-group elementor-column elementor-field-group-field_87a8484 elementor-col-100 elementor-md-100\">\n\t\t\t\t\t\t\t\t\t\t\t\t<label for=\"form-field-field_87a8484\" class=\"elementor-field-label\">\n\t\t\t\t\t\t\t\tTEL\u00c9FONO\t\t\t\t\t\t\t<\/label>\n\t\t\t\t\t\t\t\t<input size=\"1\" type=\"tel\" name=\"form_fields[field_87a8484]\" id=\"form-field-field_87a8484\" class=\"elementor-field elementor-size-xs  elementor-field-textual\" pattern=\"[0-9()#&amp;+*-=.]+\" title=\"Only numbers and phone characters (#, -, *, etc) are accepted.\">\n\n\t\t\t\t\t\t<\/div>\n\t\t\t\t\t\t\t\t<div class=\"elementor-field-type-acceptance elementor-field-group elementor-column elementor-field-group-field_72b3356 elementor-col-100 elementor-md-100 elementor-field-required elementor-mark-required\">\n\t\t\t\t\t\t\t<div class=\"elementor-field-subgroup\">\n\t\t\t<span class=\"elementor-field-option\">\n\t\t\t\t<input type=\"checkbox\" name=\"form_fields[field_72b3356]\" id=\"form-field-field_72b3356\" class=\"elementor-field elementor-size-xs  elementor-acceptance-field\" required=\"required\">\n\t\t\t\t<label for=\"form-field-field_72b3356\">Acepto la <a href=\"\/politica-de-privacidad\/\">Pol\u00edtica de Privacidad<\/a>\n y el <a href=\"\/aviso-legal\/\">Aviso legal<\/a>.<\/label>\t\t\t<\/span>\n\t\t<\/div>\n\t\t\t\t\t\t<\/div>\n\t\t\t\t\t\t\t\t<div class=\"elementor-field-group elementor-column elementor-field-type-submit elementor-col-100 e-form__buttons elementor-md-100\">\n\t\t\t\t\t<button class=\"elementor-button elementor-size-md\" type=\"submit\">\n\t\t\t\t\t\t<span class=\"elementor-button-content-wrapper\">\n\t\t\t\t\t\t\t\t\t\t\t\t\t\t\t\t\t\t\t\t\t\t<span class=\"elementor-button-text\">Enviar<\/span>\n\t\t\t\t\t\t\t\t\t\t\t\t\t<\/span>\n\t\t\t\t\t<\/button>\n\t\t\t\t<\/div>\n\t\t\t<\/div>\n\t\t<\/form>\n\t\t\t\t\t\t<\/div>\n\t\t\t\t<\/div>\n\t\t\t\t\t<\/div>\n\t\t\t\t<\/div>\n\t\t\t\t<\/div>\n\t\t\t\t<\/div>\n\t\t<div class=\"elementor-element elementor-element-3ed14cc6 e-con-full e-flex e-con e-parent\" data-id=\"3ed14cc6\" data-element_type=\"container\" data-e-type=\"container\" data-settings=\"{&quot;background_background&quot;:&quot;classic&quot;}\">\n\t\t<div class=\"elementor-element elementor-element-6829f253 e-con-full e-flex e-con e-child\" data-id=\"6829f253\" data-element_type=\"container\" data-e-type=\"container\">\n\t\t\t\t<div class=\"elementor-element elementor-element-53321119 elementor-widget elementor-widget-heading\" data-id=\"53321119\" data-element_type=\"widget\" data-e-type=\"widget\" data-widget_type=\"heading.default\">\n\t\t\t\t<div class=\"elementor-widget-container\">\n\t\t\t\t\t<h2 class=\"elementor-heading-title elementor-size-default\">\n\u00bfC\u00f3mo se realiza una ecograf\u00eda?\n<\/h2>\t\t\t\t<\/div>\n\t\t\t\t<\/div>\n\t\t\t\t<div class=\"elementor-element elementor-element-435e508c elementor-widget elementor-widget-text-editor\" data-id=\"435e508c\" data-element_type=\"widget\" data-e-type=\"widget\" data-widget_type=\"text-editor.default\">\n\t\t\t\t<div class=\"elementor-widget-container\">\n\t\t\t\t\t\t\t\t\t<p><span class=\"relative -mx-px my-[-0.2rem] rounded px-px py-[0.2rem] transition-colors duration-100 ease-in-out\">Durante una ecograf\u00eda, el paciente se recuesta en una camilla y el t\u00e9cnico aplica un gel conductor sobre la piel en el \u00e1rea a examinar.<\/span> <span class=\"relative -mx-px my-[-0.2rem] rounded px-px py-[0.2rem] transition-colors duration-100 ease-in-out\">Luego, se desliza un transductor que emite ondas sonoras, las cuales rebotan en las estructuras internas y generan im\u00e1genes en un monitor.<\/span><\/p>\n<p data-start=\"1615\" data-end=\"1644\"><strong>Beneficios de la ecograf\u00eda<\/strong><\/p>\n<ul data-start=\"1646\" data-end=\"1859\">\n<li class=\"\" data-start=\"1646\" data-end=\"1687\">\n<p class=\"\" data-start=\"1648\" data-end=\"1687\"><span class=\"relative -mx-px my-[-0.2rem] rounded px-px py-[0.2rem] transition-colors duration-100 ease-in-out\">No utiliza radiaci\u00f3n ionizante, siendo segura para embarazadas y ni\u00f1os.<\/span><\/p>\n<\/li>\n<li class=\"\" data-start=\"1688\" data-end=\"1729\">\n<p class=\"\" data-start=\"1690\" data-end=\"1729\"><span class=\"relative -mx-px my-[-0.2rem] rounded px-px py-[0.2rem] transition-colors duration-100 ease-in-out\">Proporciona im\u00e1genes en tiempo real.<\/span><\/p>\n<\/li>\n<li class=\"\" data-start=\"1730\" data-end=\"1771\">\n<p class=\"\" data-start=\"1732\" data-end=\"1771\"><span class=\"relative -mx-px my-[-0.2rem] rounded px-px py-[0.2rem] transition-colors duration-100 ease-in-out\">Es una t\u00e9cnica no invasiva y generalmente indolora.<\/span><\/p>\n<\/li>\n<li class=\"\" data-start=\"1772\" data-end=\"1859\">\n<p class=\"\" style=\"text-align: left;\" data-start=\"1774\" data-end=\"1859\"><span class=\"relative -mx-px my-[-0.2rem] rounded px-px py-[0.2rem] transition-colors duration-100 ease-in-out\">Ayuda en la detecci\u00f3n temprana de diversas condiciones m\u00e9dicas.<\/span><\/p>\n<\/li>\n<\/ul>\n<p>\u00a0<\/p>\t\t\t\t\t\t\t\t<\/div>\n\t\t\t\t<\/div>\n\t\t\t\t<\/div>\n\t\t<div class=\"elementor-element elementor-element-725860e2 e-con-full e-flex e-con e-child\" data-id=\"725860e2\" data-element_type=\"container\" data-e-type=\"container\">\n\t\t\t\t<div class=\"elementor-element elementor-element-adfb9ac elementor-widget__width-inherit elementor-widget elementor-widget-image\" data-id=\"adfb9ac\" data-element_type=\"widget\" data-e-type=\"widget\" data-widget_type=\"image.default\">\n\t\t\t\t<div class=\"elementor-widget-container\">\n\t\t\t\t\t\t\t\t\t\t\t\t\t\t\t<img decoding=\"async\" width=\"720\" height=\"744\" src=\"https:\/\/clinicadoctoreslopez.com\/wp-content\/uploads\/2025\/04\/ecografia.jpg\" class=\"attachment-full size-full wp-image-6067\" alt=\"Ecograf\u00eda\" srcset=\"https:\/\/clinicadoctoreslopez.com\/wp-content\/uploads\/2025\/04\/ecografia.jpg 720w, https:\/\/clinicadoctoreslopez.com\/wp-content\/uploads\/2025\/04\/ecografia-290x300.jpg 290w, https:\/\/clinicadoctoreslopez.com\/wp-content\/uploads\/2025\/04\/ecografia-12x12.jpg 12w\" sizes=\"(max-width: 720px) 100vw, 720px\" title=\"\">\t\t\t\t\t\t\t\t\t\t\t\t\t\t\t<\/div>\n\t\t\t\t<\/div>\n\t\t\t\t<\/div>\n\t\t\t\t<\/div>\n\t\t<div class=\"elementor-element elementor-element-3f58e80c e-flex e-con-boxed e-con e-parent\" data-id=\"3f58e80c\" data-element_type=\"container\" data-e-type=\"container\">\n\t\t\t\t\t<div class=\"e-con-inner\">\n\t\t\t\t<div class=\"elementor-element elementor-element-7946dd5b elementor-widget__width-inherit e-transform e-transform e-transform elementor-widget elementor-widget-eael-cta-box\" data-id=\"7946dd5b\" data-element_type=\"widget\" data-e-type=\"widget\" data-settings=\"{&quot;_transform_rotateZ_effect_hover&quot;:{&quot;unit&quot;:&quot;px&quot;,&quot;size&quot;:&quot;&quot;,&quot;sizes&quot;:[]},&quot;_transform_rotateZ_effect_hover_tablet&quot;:{&quot;unit&quot;:&quot;deg&quot;,&quot;size&quot;:&quot;&quot;,&quot;sizes&quot;:[]},&quot;_transform_rotateZ_effect_hover_mobile&quot;:{&quot;unit&quot;:&quot;deg&quot;,&quot;size&quot;:&quot;&quot;,&quot;sizes&quot;:[]},&quot;_transform_translateX_effect_hover&quot;:{&quot;unit&quot;:&quot;px&quot;,&quot;size&quot;:&quot;&quot;,&quot;sizes&quot;:[]},&quot;_transform_translateX_effect_hover_tablet&quot;:{&quot;unit&quot;:&quot;px&quot;,&quot;size&quot;:&quot;&quot;,&quot;sizes&quot;:[]},&quot;_transform_translateX_effect_hover_mobile&quot;:{&quot;unit&quot;:&quot;px&quot;,&quot;size&quot;:&quot;&quot;,&quot;sizes&quot;:[]},&quot;_transform_translateY_effect_hover&quot;:{&quot;unit&quot;:&quot;px&quot;,&quot;size&quot;:&quot;&quot;,&quot;sizes&quot;:[]},&quot;_transform_translateY_effect_hover_tablet&quot;:{&quot;unit&quot;:&quot;px&quot;,&quot;size&quot;:&quot;&quot;,&quot;sizes&quot;:[]},&quot;_transform_translateY_effect_hover_mobile&quot;:{&quot;unit&quot;:&quot;px&quot;,&quot;size&quot;:&quot;&quot;,&quot;sizes&quot;:[]},&quot;_transform_scale_effect_hover&quot;:{&quot;unit&quot;:&quot;px&quot;,&quot;size&quot;:&quot;&quot;,&quot;sizes&quot;:[]},&quot;_transform_scale_effect_hover_tablet&quot;:{&quot;unit&quot;:&quot;px&quot;,&quot;size&quot;:&quot;&quot;,&quot;sizes&quot;:[]},&quot;_transform_scale_effect_hover_mobile&quot;:{&quot;unit&quot;:&quot;px&quot;,&quot;size&quot;:&quot;&quot;,&quot;sizes&quot;:[]}}\" data-widget_type=\"eael-cta-box.default\">\n\t\t\t\t<div class=\"elementor-widget-container\">\n\t\t\t\t\t\t\t\t<div class=\"eael-call-to-action cta-flex bg-lite cta-preset-1\">\n\t    <div class=\"content\">\n            <div class=\"title eael-cta-heading\">Primera consulta gratuita<\/div><p>Para poder ofrecer un precio exacto es necesario una primera cita gratuita en nuestra cl\u00ednica para valorar el caso. <br \/>Cada paciente es \u00fanico y requiere de un tratamiento personalizado y adaptado a sus necesidades.<\/p>\t    <\/div>\n\t    <div class=\"action\">\n\t        <a href=\"https:\/\/clinicadoctoreslopez.com\/en\/contact\/\" class=\"cta-button cta-preset-1  \">PIDE CITA GRATIS<\/a>\t    <\/div>\n\t<\/div>\n\t\t\t\t\t\t\t<\/div>\n\t\t\t\t<\/div>\n\t\t\t\t\t<\/div>\n\t\t\t\t<\/div>\n\t\t\t\t<\/div>\n\t\t","protected":false},"excerpt":{"rendered":"<p>Ecograf\u00eda \u00bfQu\u00e9 es una ecograf\u00eda? La ecograf\u00eda, tambi\u00e9n conocida como ultrasonido o sonograf\u00eda, es una t\u00e9cnica de diagn\u00f3stico por imagen que utiliza ondas sonoras de alta frecuencia para generar im\u00e1genes en tiempo real de \u00f3rganos, tejidos y estructuras internas del cuerpo. Es un procedimiento no invasivo, seguro y ampliamente utilizado en diversas especialidades m\u00e9dicas DURACI\u00d3N [&hellip;]<\/p>\n","protected":false},"author":1,"featured_media":0,"parent":0,"menu_order":0,"comment_status":"closed","ping_status":"closed","template":"elementor_header_footer","meta":{"site-sidebar-layout":"no-sidebar","site-content-layout":"page-builder","ast-site-content-layout":"full-width-container","site-content-style":"default","site-sidebar-style":"default","ast-global-header-display":"","ast-banner-title-visibility":"","ast-main-header-display":"","ast-hfb-above-header-display":"","ast-hfb-below-header-display":"","ast-hfb-mobile-header-display":"","site-post-title":"disabled","ast-breadcrumbs-content":"","ast-featured-img":"disabled","footer-sml-layout":"","ast-disable-related-posts":"","theme-transparent-header-meta":"","adv-header-id-meta":"","stick-header-meta":"","header-above-stick-meta":"","header-main-stick-meta":"","header-below-stick-meta":"","astra-migrate-meta-layouts":"set","ast-page-background-enabled":"default","ast-page-background-meta":{"desktop":{"background-color":"var(--ast-global-color-4)","background-image":"","background-repeat":"repeat","background-position":"center center","background-size":"auto","background-attachment":"scroll","background-type":"","background-media":"","overlay-type":"","overlay-color":"","overlay-opacity":"","overlay-gradient":""},"tablet":{"background-color":"","background-image":"","background-repeat":"repeat","background-position":"center center","background-size":"auto","background-attachment":"scroll","background-type":"","background-media":"","overlay-type":"","overlay-color":"","overlay-opacity":"","overlay-gradient":""},"mobile":{"background-color":"","background-image":"","background-repeat":"repeat","background-position":"center center","background-size":"auto","background-attachment":"scroll","background-type":"","background-media":"","overlay-type":"","overlay-color":"","overlay-opacity":"","overlay-gradient":""}},"ast-content-background-meta":{"desktop":{"background-color":"var(--ast-global-color-5)","background-image":"","background-repeat":"repeat","background-position":"center center","background-size":"auto","background-attachment":"scroll","background-type":"","background-media":"","overlay-type":"","overlay-color":"","overlay-opacity":"","overlay-gradient":""},"tablet":{"background-color":"var(--ast-global-color-5)","background-image":"","background-repeat":"repeat","background-position":"center center","background-size":"auto","background-attachment":"scroll","background-type":"","background-media":"","overlay-type":"","overlay-color":"","overlay-opacity":"","overlay-gradient":""},"mobile":{"background-color":"var(--ast-global-color-5)","background-image":"","background-repeat":"repeat","background-position":"center center","background-size":"auto","background-attachment":"scroll","background-type":"","background-media":"","overlay-type":"","overlay-color":"","overlay-opacity":"","overlay-gradient":""}},"footnotes":""},"class_list":["post-6045","page","type-page","status-publish","hentry"],"_links":{"self":[{"href":"https:\/\/clinicadoctoreslopez.com\/en\/wp-json\/wp\/v2\/pages\/6045","targetHints":{"allow":["GET"]}}],"collection":[{"href":"https:\/\/clinicadoctoreslopez.com\/en\/wp-json\/wp\/v2\/pages"}],"about":[{"href":"https:\/\/clinicadoctoreslopez.com\/en\/wp-json\/wp\/v2\/types\/page"}],"author":[{"embeddable":true,"href":"https:\/\/clinicadoctoreslopez.com\/en\/wp-json\/wp\/v2\/users\/1"}],"replies":[{"embeddable":true,"href":"https:\/\/clinicadoctoreslopez.com\/en\/wp-json\/wp\/v2\/comments?post=6045"}],"version-history":[{"count":0,"href":"https:\/\/clinicadoctoreslopez.com\/en\/wp-json\/wp\/v2\/pages\/6045\/revisions"}],"wp:attachment":[{"href":"https:\/\/clinicadoctoreslopez.com\/en\/wp-json\/wp\/v2\/media?parent=6045"}],"curies":[{"name":"wp","href":"https:\/\/api.w.org\/{rel}","templated":true}]}}