{"id":878,"date":"2023-04-24T10:10:48","date_gmt":"2023-04-24T10:10:48","guid":{"rendered":"http:\/\/clinicadentaldoctoreslopez.es\/?page_id=878"},"modified":"2024-06-19T17:20:43","modified_gmt":"2024-06-19T17:20:43","slug":"bodytite","status":"publish","type":"page","link":"https:\/\/clinicadoctoreslopez.com\/en\/bodytite\/","title":{"rendered":"Bodytite"},"content":{"rendered":"<div data-elementor-type=\"wp-page\" data-elementor-id=\"878\" class=\"elementor elementor-878\" data-elementor-post-type=\"page\">\n\t\t\t\t\t\t<section class=\"elementor-section elementor-top-section elementor-element elementor-element-4d008b3b elementor-section-full_width elementor-section-height-min-height elementor-section-items-stretch elementor-section-height-default\" data-id=\"4d008b3b\" data-element_type=\"section\" data-e-type=\"section\" data-settings=\"{&quot;shape_divider_top&quot;:&quot;triangle&quot;}\">\n\t\t\t\t\t<div class=\"elementor-shape elementor-shape-top\" aria-hidden=\"true\" data-negative=\"false\">\n\t\t\t<svg xmlns=\"http:\/\/www.w3.org\/2000\/svg\" viewbox=\"0 0 1000 100\" preserveaspectratio=\"none\">\n\t<path class=\"elementor-shape-fill\" d=\"M500,98.9L0,6.1V0h1000v6.1L500,98.9z\"\/>\n<\/svg>\t\t<\/div>\n\t\t\t\t\t<div class=\"elementor-container elementor-column-gap-default\">\n\t\t\t\t\t<div class=\"elementor-column elementor-col-100 elementor-top-column elementor-element elementor-element-5a8abf38\" data-id=\"5a8abf38\" data-element_type=\"column\" data-e-type=\"column\">\n\t\t\t<div class=\"elementor-widget-wrap elementor-element-populated\">\n\t\t\t\t\t\t<div class=\"elementor-element elementor-element-5bee32cf elementor-widget elementor-widget-heading\" data-id=\"5bee32cf\" data-element_type=\"widget\" data-e-type=\"widget\" data-widget_type=\"heading.default\">\n\t\t\t\t<div class=\"elementor-widget-container\">\n\t\t\t\t\t<p class=\"elementor-heading-title elementor-size-default\">Technology<\/p>\t\t\t\t<\/div>\n\t\t\t\t<\/div>\n\t\t\t\t<div class=\"elementor-element elementor-element-43b3142c elementor-widget elementor-widget-heading\" data-id=\"43b3142c\" data-element_type=\"widget\" data-e-type=\"widget\" data-widget_type=\"heading.default\">\n\t\t\t\t<div class=\"elementor-widget-container\">\n\t\t\t\t\t<h1 class=\"elementor-heading-title elementor-size-default\">BODYTITE<\/h1>\t\t\t\t<\/div>\n\t\t\t\t<\/div>\n\t\t\t\t\t<\/div>\n\t\t<\/div>\n\t\t\t\t\t<\/div>\n\t\t<\/section>\n\t\t\t\t<section class=\"elementor-section elementor-top-section elementor-element elementor-element-2a1ce7bd elementor-section-boxed elementor-section-height-default elementor-section-height-default\" data-id=\"2a1ce7bd\" data-element_type=\"section\" data-e-type=\"section\">\n\t\t\t\t\t\t<div class=\"elementor-container elementor-column-gap-default\">\n\t\t\t\t\t<div class=\"elementor-column elementor-col-100 elementor-top-column elementor-element elementor-element-537705b3\" data-id=\"537705b3\" data-element_type=\"column\" data-e-type=\"column\">\n\t\t\t<div class=\"elementor-widget-wrap elementor-element-populated\">\n\t\t\t\t\t\t<div class=\"elementor-element elementor-element-7da60a08 elementor-widget elementor-widget-heading\" data-id=\"7da60a08\" data-element_type=\"widget\" data-e-type=\"widget\" data-widget_type=\"heading.default\">\n\t\t\t\t<div class=\"elementor-widget-container\">\n\t\t\t\t\t<h2 class=\"elementor-heading-title elementor-size-default\">What is it?<\/h2>\t\t\t\t<\/div>\n\t\t\t\t<\/div>\n\t\t\t\t<div class=\"elementor-element elementor-element-1b3eeb4b elementor-widget elementor-widget-text-editor\" data-id=\"1b3eeb4b\" data-element_type=\"widget\" data-e-type=\"widget\" data-widget_type=\"text-editor.default\">\n\t\t\t\t<div class=\"elementor-widget-container\">\n\t\t\t\t\t\t\t\t\t<p>In <b>Doctors Lopez Clinic<\/b> we have&nbsp;<a href=\"https:\/\/inmodemd.es\/plataformas\/bodytite\/\" rel=\"nofollow noopener\" target=\"_blank\"><b>BodyTite<\/b><\/a>, an advanced medical body contouring treatment with RFAL technology.<\/p>\n<p>Diet and sport are the keys to leading a healthy life and maintaining a slim figure. However, in many cases it is not enough and we need to resort to other methods that help us define our body even more.<\/p>\n<p><strong>BodyTite<\/strong>&nbsp;is a minimally invasive body contouring treatment that offers three-dimensional results with minimal recovery time.<\/p>\n<p>It is the solution for patients who want to get rid of localized fat and improve sagging skin after weight loss or due to aging.<\/p>\n<p><strong>BodyTite<\/strong>&nbsp;and its RFAL (Radio Frequency Assisted Liposuction) technology, addresses some of the deficiencies associated with traditional liposuction or surgical body lifts.<\/p>\n<h3><strong>What areas can be treated?<\/strong><\/h3>\n<div><strong>&nbsp;<\/strong><\/div>\n<p>Abdomen, flanks, arms, knees, inner and outer thighs are some of the most in-demand areas. Multiple areas can be treated in the same session. The treatment duration of each area is 15 minutes.<\/p>\n<h3><strong>When will I see the first results?<\/strong><\/h3>\n<div><strong>&nbsp;<\/strong><\/div>\n<p>For most patients, only one treatment is necessary. Results can be seen immediately, with continued improvement over the next 3 to 6 months. The treatment plan must be adjusted to the needs of each patient, where the procedure will be explained, as well as the time off, comfort and results.<\/p>\n<h3><strong>How long will I have medical leave?<\/strong><\/h3>\n<div><strong>&nbsp;<\/strong><\/div>\n<p>The length of the medical leave depends on the area of treatment, it can range between 1-2 days and a maximum of 10 days.<\/p>\n<h3><strong>Effects <\/strong>BodyTite<\/h3>\n<div><strong>&nbsp;<\/strong><\/div>\n<p><b>BodyTite<\/b> Not only does it liquefy fat, but it also retracts tissue with minimal recovery time.<\/p>\n<h2 data-sourcepos=\"1:1-1:106\">Redefine your body with BODYTITE in Malaga: Natural results, without a scalpel and with quick recovery.<\/h2>\n<div>&nbsp;<\/div>\n<p data-sourcepos=\"3:1-3:160\"><strong>Are you looking for an alternative to traditional liposuction that offers natural results, less downtime and a faster recovery?<\/strong><\/p>\n<p data-sourcepos=\"5:1-5:122\">In Malaga, discover BODYTITE, the latest technology in aesthetic medicine that redefines your body precisely and safely.<\/p>\n<p data-sourcepos=\"7:1-7:21\"><strong>What is BODYTITE?<\/strong><\/p>\n<p data-sourcepos=\"9:1-9:304\">BODYTITE is a revolutionary treatment that uses high-power radiofrequency to eliminate localized fat precisely and permanently. Unlike traditional liposuction, BODYTITE is scalpel-free, which means less pain, less bleeding, and a faster recovery.<\/p>\n<p data-sourcepos=\"11:1-11:27\"><strong>BODYTITE Benefits:<\/strong><\/p>\n<ul data-sourcepos=\"13:1-18:0\">\n<li data-sourcepos=\"13:1-13:202\"><strong>Natural and predictable results:<\/strong>&nbsp;BODYTITE allows you to sculpt the body precisely, eliminating fat from specific areas such as the abdomen, thighs, buttocks, arms and chin.<\/li>\n<li data-sourcepos=\"14:1-14:124\"><strong>Minimally invasive:<\/strong>&nbsp;No scalpel required, which means less pain, less bleeding and less downtime.<\/li>\n<li data-sourcepos=\"15:1-15:110\"><strong>Fast recovery:<\/strong>&nbsp;Most patients can return to normal activities within a few days.<\/li>\n<li data-sourcepos=\"16:1-16:83\"><strong>Permanent results:<\/strong>&nbsp;The fat eliminated with BODYTITE does not appear again.<\/li>\n<li data-sourcepos=\"17:1-18:0\"><strong>Safe and effective treatment:<\/strong>&nbsp;BODYTITE is approved by the FDA and has been used successfully by thousands of patients around the world.<\/li>\n<\/ul>\n<p data-sourcepos=\"19:1-19:34\"><strong>Are you a candidate for BODYTITE?<\/strong><\/p>\n<p data-sourcepos=\"21:1-21:155\">If you are looking for a safe and effective way to eliminate localized fat and improve your body contour, BODYTITE may be the ideal solution for you.<\/p>\n<p data-sourcepos=\"23:1-23:63\"><strong>In Malaga, find the best specialists in BODYTITE<\/strong><\/p>\n<p data-sourcepos=\"23:1-23:63\"><br><\/p>\n<p data-sourcepos=\"23:1-23:63\"><b>&nbsp;<\/b><\/p>\n<p><\/p>\t\t\t\t\t\t\t\t<\/div>\n\t\t\t\t<\/div>\n\t\t\t\t<div class=\"elementor-element elementor-element-2d64abd8 elementor-align-left elementor-widget elementor-widget-button\" data-id=\"2d64abd8\" data-element_type=\"widget\" data-e-type=\"widget\" data-widget_type=\"button.default\">\n\t\t\t\t<div class=\"elementor-widget-container\">\n\t\t\t\t\t\t\t\t\t<div class=\"elementor-button-wrapper\">\n\t\t\t\t\t<a class=\"elementor-button elementor-button-link elementor-size-sm\" href=\"\/en\/contact\/\">\n\t\t\t\t\t\t<span class=\"elementor-button-content-wrapper\">\n\t\t\t\t\t\t\t\t\t<span class=\"elementor-button-text\">Make an appointment<\/span>\n\t\t\t\t\t<\/span>\n\t\t\t\t\t<\/a>\n\t\t\t\t<\/div>\n\t\t\t\t\t\t\t\t<\/div>\n\t\t\t\t<\/div>\n\t\t\t\t\t<\/div>\n\t\t<\/div>\n\t\t\t\t\t<\/div>\n\t\t<\/section>\n\t\t\t\t<section class=\"elementor-section elementor-top-section elementor-element elementor-element-eecb0c3 elementor-section-boxed elementor-section-height-default elementor-section-height-default\" data-id=\"eecb0c3\" data-element_type=\"section\" data-e-type=\"section\" data-settings=\"{&quot;background_background&quot;:&quot;classic&quot;}\">\n\t\t\t\t\t\t<div class=\"elementor-container elementor-column-gap-default\">\n\t\t\t\t\t<div class=\"elementor-column elementor-col-100 elementor-top-column elementor-element elementor-element-35457839\" data-id=\"35457839\" data-element_type=\"column\" data-e-type=\"column\">\n\t\t\t<div class=\"elementor-widget-wrap elementor-element-populated\">\n\t\t\t\t\t\t<section class=\"elementor-section elementor-inner-section elementor-element elementor-element-1714b7f8 elementor-section-boxed elementor-section-height-default elementor-section-height-default\" data-id=\"1714b7f8\" data-element_type=\"section\" data-e-type=\"section\">\n\t\t\t\t\t\t<div class=\"elementor-container elementor-column-gap-default\">\n\t\t\t\t\t<div class=\"elementor-column elementor-col-25 elementor-inner-column elementor-element elementor-element-901a1ec\" data-id=\"901a1ec\" data-element_type=\"column\" data-e-type=\"column\">\n\t\t\t<div class=\"elementor-widget-wrap elementor-element-populated\">\n\t\t\t\t\t\t<div class=\"elementor-element elementor-element-3cbbba5 elementor-position-top elementor-widget elementor-widget-image-box\" data-id=\"3cbbba5\" data-element_type=\"widget\" data-e-type=\"widget\" data-widget_type=\"image-box.default\">\n\t\t\t\t<div class=\"elementor-widget-container\">\n\t\t\t\t\t<div class=\"elementor-image-box-wrapper\"><figure class=\"elementor-image-box-img\"><img decoding=\"async\" width=\"66\" height=\"94\" src=\"https:\/\/clinicadoctoreslopez.com\/wp-content\/uploads\/2023\/03\/ICON-7.svg\" class=\"attachment-full size-full wp-image-493\" alt=\"\" title=\"\"><\/figure><div class=\"elementor-image-box-content\"><h3 class=\"elementor-image-box-title\">Zone<\/h3><p class=\"elementor-image-box-description\">Body<\/p><\/div><\/div>\t\t\t\t<\/div>\n\t\t\t\t<\/div>\n\t\t\t\t\t<\/div>\n\t\t<\/div>\n\t\t\t\t<div class=\"elementor-column elementor-col-25 elementor-inner-column elementor-element elementor-element-72bf75b6\" data-id=\"72bf75b6\" data-element_type=\"column\" data-e-type=\"column\">\n\t\t\t<div class=\"elementor-widget-wrap elementor-element-populated\">\n\t\t\t\t\t\t<div class=\"elementor-element elementor-element-5b3e8ca7 elementor-position-top elementor-widget elementor-widget-image-box\" data-id=\"5b3e8ca7\" data-element_type=\"widget\" data-e-type=\"widget\" data-widget_type=\"image-box.default\">\n\t\t\t\t<div class=\"elementor-widget-container\">\n\t\t\t\t\t<div class=\"elementor-image-box-wrapper\"><figure class=\"elementor-image-box-img\"><img decoding=\"async\" width=\"94\" height=\"94\" src=\"https:\/\/clinicadoctoreslopez.com\/wp-content\/uploads\/2023\/03\/ICON-6.svg\" class=\"attachment-full size-full wp-image-494\" alt=\"\" title=\"\"><\/figure><div class=\"elementor-image-box-content\"><h3 class=\"elementor-image-box-title\">Sessions<\/h3><p class=\"elementor-image-box-description\">1<\/p><\/div><\/div>\t\t\t\t<\/div>\n\t\t\t\t<\/div>\n\t\t\t\t\t<\/div>\n\t\t<\/div>\n\t\t\t\t<div class=\"elementor-column elementor-col-25 elementor-inner-column elementor-element elementor-element-7b3fad5\" data-id=\"7b3fad5\" data-element_type=\"column\" data-e-type=\"column\">\n\t\t\t<div class=\"elementor-widget-wrap elementor-element-populated\">\n\t\t\t\t\t\t<div class=\"elementor-element elementor-element-40f27e48 elementor-position-top elementor-widget elementor-widget-image-box\" data-id=\"40f27e48\" data-element_type=\"widget\" data-e-type=\"widget\" data-widget_type=\"image-box.default\">\n\t\t\t\t<div class=\"elementor-widget-container\">\n\t\t\t\t\t<div class=\"elementor-image-box-wrapper\"><figure class=\"elementor-image-box-img\"><img decoding=\"async\" width=\"70\" height=\"94\" src=\"https:\/\/clinicadoctoreslopez.com\/wp-content\/uploads\/2023\/03\/ICON-5.svg\" class=\"attachment-full size-full wp-image-495\" alt=\"\" title=\"\"><\/figure><div class=\"elementor-image-box-content\"><h3 class=\"elementor-image-box-title\">Location<\/h3><p class=\"elementor-image-box-description\">Torremolinos<\/p><\/div><\/div>\t\t\t\t<\/div>\n\t\t\t\t<\/div>\n\t\t\t\t\t<\/div>\n\t\t<\/div>\n\t\t\t\t<div class=\"elementor-column elementor-col-25 elementor-inner-column elementor-element elementor-element-4fe1d57e\" data-id=\"4fe1d57e\" data-element_type=\"column\" data-e-type=\"column\">\n\t\t\t<div class=\"elementor-widget-wrap elementor-element-populated\">\n\t\t\t\t\t\t<div class=\"elementor-element elementor-element-34f5599a elementor-position-top elementor-widget elementor-widget-image-box\" data-id=\"34f5599a\" data-element_type=\"widget\" data-e-type=\"widget\" data-widget_type=\"image-box.default\">\n\t\t\t\t<div class=\"elementor-widget-container\">\n\t\t\t\t\t<div class=\"elementor-image-box-wrapper\"><figure class=\"elementor-image-box-img\"><img loading=\"lazy\" decoding=\"async\" width=\"95\" height=\"94\" src=\"https:\/\/clinicadoctoreslopez.com\/wp-content\/uploads\/2023\/03\/ICON-4.svg\" class=\"attachment-full size-full wp-image-496\" alt=\"\" title=\"\"><\/figure><div class=\"elementor-image-box-content\"><h3 class=\"elementor-image-box-title\">Anesthesia<\/h3><p class=\"elementor-image-box-description\">Local<\/p><\/div><\/div>\t\t\t\t<\/div>\n\t\t\t\t<\/div>\n\t\t\t\t\t<\/div>\n\t\t<\/div>\n\t\t\t\t\t<\/div>\n\t\t<\/section>\n\t\t\t\t<section class=\"elementor-section elementor-inner-section elementor-element elementor-element-14d50cb7 elementor-section-boxed elementor-section-height-default elementor-section-height-default\" data-id=\"14d50cb7\" data-element_type=\"section\" data-e-type=\"section\">\n\t\t\t\t\t\t<div class=\"elementor-container elementor-column-gap-default\">\n\t\t\t\t\t<div class=\"elementor-column elementor-col-25 elementor-inner-column elementor-element elementor-element-575ab7d0\" data-id=\"575ab7d0\" data-element_type=\"column\" data-e-type=\"column\">\n\t\t\t<div class=\"elementor-widget-wrap elementor-element-populated\">\n\t\t\t\t\t\t<div class=\"elementor-element elementor-element-d72a44f elementor-position-top elementor-widget elementor-widget-image-box\" data-id=\"d72a44f\" data-element_type=\"widget\" data-e-type=\"widget\" data-widget_type=\"image-box.default\">\n\t\t\t\t<div class=\"elementor-widget-container\">\n\t\t\t\t\t<div class=\"elementor-image-box-wrapper\"><figure class=\"elementor-image-box-img\"><img loading=\"lazy\" decoding=\"async\" width=\"133\" height=\"94\" src=\"https:\/\/clinicadoctoreslopez.com\/wp-content\/uploads\/2023\/03\/ICON-3.svg\" class=\"attachment-full size-full wp-image-497\" alt=\"\" title=\"\"><\/figure><div class=\"elementor-image-box-content\"><h3 class=\"elementor-image-box-title\">Recovery<\/h3><p class=\"elementor-image-box-description\">Minimum time<\/p><\/div><\/div>\t\t\t\t<\/div>\n\t\t\t\t<\/div>\n\t\t\t\t\t<\/div>\n\t\t<\/div>\n\t\t\t\t<div class=\"elementor-column elementor-col-25 elementor-inner-column elementor-element elementor-element-5acd0362\" data-id=\"5acd0362\" data-element_type=\"column\" data-e-type=\"column\">\n\t\t\t<div class=\"elementor-widget-wrap elementor-element-populated\">\n\t\t\t\t\t\t<div class=\"elementor-element elementor-element-571854fb elementor-position-top elementor-widget elementor-widget-image-box\" data-id=\"571854fb\" data-element_type=\"widget\" data-e-type=\"widget\" data-widget_type=\"image-box.default\">\n\t\t\t\t<div class=\"elementor-widget-container\">\n\t\t\t\t\t<div class=\"elementor-image-box-wrapper\"><figure class=\"elementor-image-box-img\"><img loading=\"lazy\" decoding=\"async\" width=\"148\" height=\"94\" src=\"https:\/\/clinicadoctoreslopez.com\/wp-content\/uploads\/2023\/03\/ICON-2.svg\" class=\"attachment-full size-full wp-image-498\" alt=\"\" title=\"\"><\/figure><div class=\"elementor-image-box-content\"><h3 class=\"elementor-image-box-title\">Visibility<\/h3><p class=\"elementor-image-box-description\">IMMEDIATE<\/p><\/div><\/div>\t\t\t\t<\/div>\n\t\t\t\t<\/div>\n\t\t\t\t\t<\/div>\n\t\t<\/div>\n\t\t\t\t<div class=\"elementor-column elementor-col-25 elementor-inner-column elementor-element elementor-element-579d982c\" data-id=\"579d982c\" data-element_type=\"column\" data-e-type=\"column\">\n\t\t\t<div class=\"elementor-widget-wrap elementor-element-populated\">\n\t\t\t\t\t\t<div class=\"elementor-element elementor-element-325bcb4a elementor-position-top elementor-widget elementor-widget-image-box\" data-id=\"325bcb4a\" data-element_type=\"widget\" data-e-type=\"widget\" data-widget_type=\"image-box.default\">\n\t\t\t\t<div class=\"elementor-widget-container\">\n\t\t\t\t\t<div class=\"elementor-image-box-wrapper\"><figure class=\"elementor-image-box-img\"><img loading=\"lazy\" decoding=\"async\" width=\"108\" height=\"94\" src=\"https:\/\/clinicadoctoreslopez.com\/wp-content\/uploads\/2023\/03\/ICON-1.svg\" class=\"attachment-full size-full wp-image-499\" alt=\"\" title=\"\"><\/figure><div class=\"elementor-image-box-content\"><h3 class=\"elementor-image-box-title\">Epoch<\/h3><p class=\"elementor-image-box-description\">All year<\/p><\/div><\/div>\t\t\t\t<\/div>\n\t\t\t\t<\/div>\n\t\t\t\t\t<\/div>\n\t\t<\/div>\n\t\t\t\t<div class=\"elementor-column elementor-col-25 elementor-inner-column elementor-element elementor-element-a974d5c\" data-id=\"a974d5c\" data-element_type=\"column\" data-e-type=\"column\">\n\t\t\t<div class=\"elementor-widget-wrap elementor-element-populated\">\n\t\t\t\t\t\t<div class=\"elementor-element elementor-element-46b44742 elementor-position-top elementor-widget elementor-widget-image-box\" data-id=\"46b44742\" data-element_type=\"widget\" data-e-type=\"widget\" data-widget_type=\"image-box.default\">\n\t\t\t\t<div class=\"elementor-widget-container\">\n\t\t\t\t\t<div class=\"elementor-image-box-wrapper\"><figure class=\"elementor-image-box-img\"><img loading=\"lazy\" decoding=\"async\" width=\"93\" height=\"93\" src=\"https:\/\/clinicadoctoreslopez.com\/wp-content\/uploads\/2023\/03\/ICON.svg\" class=\"attachment-full size-full wp-image-500\" alt=\"\" title=\"\"><\/figure><div class=\"elementor-image-box-content\"><h3 class=\"elementor-image-box-title\">Indicated<\/h3><p class=\"elementor-image-box-description\">FAT<\/p><\/div><\/div>\t\t\t\t<\/div>\n\t\t\t\t<\/div>\n\t\t\t\t\t<\/div>\n\t\t<\/div>\n\t\t\t\t\t<\/div>\n\t\t<\/section>\n\t\t\t\t\t<\/div>\n\t\t<\/div>\n\t\t\t\t\t<\/div>\n\t\t<\/section>\n\t\t\t\t<\/div>","protected":false},"excerpt":{"rendered":"<p>Tecnolog\u00eda BODYTITE \u00bfQu\u00e9 es? En Cl\u00ednica Doctores L\u00f3pez contamos con&nbsp;BodyTite, un tratamiento m\u00e9dico avanzado de remodelaci\u00f3n corporal con tecnolog\u00eda RFAL. La dieta y el deporte son las claves para llevar una vida saludable y para mantener una figura estilizada.&nbsp;Sin embargo, en muchas ocasiones no es suficiente y necesitamos recurrir a otros m\u00e9todos que nos ayuden [&hellip;]<\/p>\n","protected":false},"author":1,"featured_media":0,"parent":0,"menu_order":0,"comment_status":"closed","ping_status":"closed","template":"","meta":{"site-sidebar-layout":"no-sidebar","site-content-layout":"page-builder","ast-site-content-layout":"default","site-content-style":"default","site-sidebar-style":"default","ast-global-header-display":"","ast-banner-title-visibility":"","ast-main-header-display":"","ast-hfb-above-header-display":"","ast-hfb-below-header-display":"","ast-hfb-mobile-header-display":"","site-post-title":"disabled","ast-breadcrumbs-content":"","ast-featured-img":"disabled","footer-sml-layout":"","ast-disable-related-posts":"","theme-transparent-header-meta":"","adv-header-id-meta":"","stick-header-meta":"","header-above-stick-meta":"","header-main-stick-meta":"","header-below-stick-meta":"","astra-migrate-meta-layouts":"default","ast-page-background-enabled":"default","ast-page-background-meta":{"desktop":{"background-color":"var(--ast-global-color-4)","background-image":"","background-repeat":"repeat","background-position":"center center","background-size":"auto","background-attachment":"scroll","background-type":"","background-media":"","overlay-type":"","overlay-color":"","overlay-opacity":"","overlay-gradient":""},"tablet":{"background-color":"","background-image":"","background-repeat":"repeat","background-position":"center center","background-size":"auto","background-attachment":"scroll","background-type":"","background-media":"","overlay-type":"","overlay-color":"","overlay-opacity":"","overlay-gradient":""},"mobile":{"background-color":"","background-image":"","background-repeat":"repeat","background-position":"center center","background-size":"auto","background-attachment":"scroll","background-type":"","background-media":"","overlay-type":"","overlay-color":"","overlay-opacity":"","overlay-gradient":""}},"ast-content-background-meta":{"desktop":{"background-color":"var(--ast-global-color-5)","background-image":"","background-repeat":"repeat","background-position":"center center","background-size":"auto","background-attachment":"scroll","background-type":"","background-media":"","overlay-type":"","overlay-color":"","overlay-opacity":"","overlay-gradient":""},"tablet":{"background-color":"var(--ast-global-color-5)","background-image":"","background-repeat":"repeat","background-position":"center center","background-size":"auto","background-attachment":"scroll","background-type":"","background-media":"","overlay-type":"","overlay-color":"","overlay-opacity":"","overlay-gradient":""},"mobile":{"background-color":"var(--ast-global-color-5)","background-image":"","background-repeat":"repeat","background-position":"center center","background-size":"auto","background-attachment":"scroll","background-type":"","background-media":"","overlay-type":"","overlay-color":"","overlay-opacity":"","overlay-gradient":""}},"footnotes":""},"class_list":["post-878","page","type-page","status-publish","hentry"],"_links":{"self":[{"href":"https:\/\/clinicadoctoreslopez.com\/en\/wp-json\/wp\/v2\/pages\/878","targetHints":{"allow":["GET"]}}],"collection":[{"href":"https:\/\/clinicadoctoreslopez.com\/en\/wp-json\/wp\/v2\/pages"}],"about":[{"href":"https:\/\/clinicadoctoreslopez.com\/en\/wp-json\/wp\/v2\/types\/page"}],"author":[{"embeddable":true,"href":"https:\/\/clinicadoctoreslopez.com\/en\/wp-json\/wp\/v2\/users\/1"}],"replies":[{"embeddable":true,"href":"https:\/\/clinicadoctoreslopez.com\/en\/wp-json\/wp\/v2\/comments?post=878"}],"version-history":[{"count":0,"href":"https:\/\/clinicadoctoreslopez.com\/en\/wp-json\/wp\/v2\/pages\/878\/revisions"}],"wp:attachment":[{"href":"https:\/\/clinicadoctoreslopez.com\/en\/wp-json\/wp\/v2\/media?parent=878"}],"curies":[{"name":"wp","href":"https:\/\/api.w.org\/{rel}","templated":true}]}}