{"id":1032,"date":"2023-04-24T11:15:28","date_gmt":"2023-04-24T11:15:28","guid":{"rendered":"http:\/\/clinicadentaldoctoreslopez.es\/?page_id=1032"},"modified":"2024-06-19T17:20:47","modified_gmt":"2024-06-19T17:20:47","slug":"biscuits","status":"publish","type":"page","link":"https:\/\/clinicadoctoreslopez.com\/fr\/biscuits\/","title":{"rendered":"biscuits"},"content":{"rendered":"<div data-elementor-type=\"wp-page\" data-elementor-id=\"1032\" class=\"elementor elementor-1032\" data-elementor-post-type=\"page\">\n\t\t\t\t\t\t<section class=\"elementor-section elementor-top-section elementor-element elementor-element-62900886 elementor-section-boxed elementor-section-height-default elementor-section-height-default\" data-id=\"62900886\" data-element_type=\"section\" data-e-type=\"section\">\n\t\t\t\t\t\t<div class=\"elementor-container elementor-column-gap-default\">\n\t\t\t\t\t<div class=\"elementor-column elementor-col-100 elementor-top-column elementor-element elementor-element-40a795f6\" data-id=\"40a795f6\" data-element_type=\"column\" data-e-type=\"column\">\n\t\t\t<div class=\"elementor-widget-wrap elementor-element-populated\">\n\t\t\t\t\t\t<div class=\"elementor-element elementor-element-ba7176e elementor-widget elementor-widget-heading\" data-id=\"ba7176e\" data-element_type=\"widget\" data-e-type=\"widget\" data-widget_type=\"heading.default\">\n\t\t\t\t<div class=\"elementor-widget-container\">\n\t\t\t\t\t<h2 class=\"elementor-heading-title elementor-size-default\">POLITIQUE DE COOKIES<\/h2>\t\t\t\t<\/div>\n\t\t\t\t<\/div>\n\t\t\t\t<div class=\"elementor-element elementor-element-6bc4e9f1 elementor-widget elementor-widget-text-editor\" data-id=\"6bc4e9f1\" data-element_type=\"widget\" data-e-type=\"widget\" data-widget_type=\"text-editor.default\">\n\t\t\t\t<div class=\"elementor-widget-container\">\n\t\t\t\t\t\t\t\t\t<div class=\"elementor-element elementor-element-2374b62 elementor-widget elementor-widget-heading\" data-id=\"2374b62\" data-element_type=\"widget\" data-widget_type=\"heading.default\"><div class=\"elementor-widget-container\"><p align=\"justify\">Conform\u00e9ment aux dispositions de l&#039;article 22.2 LSSI, le Site n&#039;utilisera des dispositifs de stockage et de r\u00e9cup\u00e9ration de donn\u00e9es (\u00ab Cookies \u00bb) que lorsque l&#039;utilisateur aura donn\u00e9 son consentement, conform\u00e9ment \u00e0 ce qui est indiqu\u00e9 dans la fen\u00eatre pop-up du navigateur. de l&#039;utilisateur lors de son premier acc\u00e8s au site Web et dans les autres termes et conditions suivants que tout utilisateur doit conna\u00eetre.<\/p><p align=\"justify\">Notre politique en mati\u00e8re de cookies vise \u00e0 vous aider \u00e0 comprendre notre utilisation des cookies, la finalit\u00e9 des cookies utilis\u00e9s, ainsi que les options possibles dont dispose l&#039;utilisateur pour les g\u00e9rer. La politique publi\u00e9e est soumise \u00e0 des mises \u00e0 jour p\u00e9riodiques.<\/p><p align=\"justify\">Les utilisateurs peuvent acc\u00e9der \u00e0 ces informations \u00e0 tout moment via le lien \u00ab Politique de confidentialit\u00e9 et cookies \u00bb activ\u00e9 sur le site. Les utilisateurs peuvent modifier leurs pr\u00e9f\u00e9rences concernant l&#039;acceptation des cookies via les options de leur navigateur. Vous trouverez plus d\u2019informations dans la rubrique \u00ab Modifier les param\u00e8tres des cookies \u00bb.<\/p><p align=\"justify\"><strong>Quelles options puis-je prendre ?<\/strong><\/p><p align=\"justify\">Il est possible d&#039;effectuer les actions suivantes :<\/p><p align=\"justify\">Accepter les cookies\u00a0:\u00a0l&#039;avis ne s&#039;affichera plus lors de l&#039;acc\u00e8s \u00e0 une page de la boutique.<\/p><p align=\"justify\">Ne rien faire\u00a0: l&#039;avis sera toujours affich\u00e9 lors de l&#039;acc\u00e8s \u00e0 n&#039;importe quelle page du Web. Si vous poursuivez votre navigation, nous consid\u00e9rons que vous acceptez l&#039;utilisation de cookies.<\/p><p align=\"justify\">Modifier les param\u00e8tres des cookies : Vous pouvez supprimer les cookies du Site et modifier vos param\u00e8tres de navigation. Mais cela n\u2019emp\u00eachera pas l\u2019affichage de la notification relative aux cookies lors d\u2019un nouvel acc\u00e8s au site Web.<\/p><p align=\"justify\"><strong>Qu&#039;est-ce qu&#039;un cookie ?<\/strong><\/p><p align=\"justify\">Un \u00ab Cookie \u00bb est un petit fichier texte qu&#039;un site Web stocke dans le navigateur de l&#039;utilisateur. Les cookies facilitent l&#039;utilisation et la navigation d&#039;un site Web et sont essentiels au fonctionnement d&#039;Internet, offrant d&#039;innombrables avantages dans la fourniture de services interactifs.<\/p><p align=\"justify\">Ainsi, par exemple, ils sont utilis\u00e9s pour g\u00e9rer la session de l&#039;utilisateur (en r\u00e9duisant le nombre de fois o\u00f9 le mot de passe doit \u00eatre saisi), ou pour adapter le contenu du site Web \u00e0 ses pr\u00e9f\u00e9rences, entre autres fonctionnalit\u00e9s.<\/p><p align=\"justify\">Plus d&#039;informations dans\u00a0<a href=\"https:\/\/es.wikipedia.org\/wiki\/Cookie_%28inform%C3%A1tica%29\" rel=\"nofollow noopener\" target=\"_blank\"><u>http:\/\/es.wikipedia.org\/wiki\/Cookie_%28inform%C3%A1tica%29<\/u><\/a><\/p><p align=\"justify\">Dans la\u00a0<a href=\"http:\/\/www.agpd.es\/portalwebAGPD\/canaldocumentacion\/publicaciones\/common\/Guias\/Guia_Cookies.pdf\" rel=\"nofollow noopener\" target=\"_blank\"><u>guide sur l&#039;utilisation des cookies de l&#039;Agence de Protection des Donn\u00e9es<\/u><\/a>\u00a0Les diff\u00e9rents types de cookies sont d\u00e9taill\u00e9s.<\/p><p align=\"justify\"><strong>Quels types de cookies utilisons-nous ?<\/strong><\/p><p align=\"justify\"><strong>1.-\u00a0<\/strong><b>Selon qui les g\u00e8re :<\/b><\/p><p align=\"justify\">Cookies propres : ce sont ceux qui sont envoy\u00e9s \u00e0 votre navigateur depuis nos ordinateurs ou domaines Web et \u00e0 partir desquels le service demand\u00e9 est fourni.<\/p><p align=\"justify\">Cookies tiers : ce sont ceux qui sont envoy\u00e9s \u00e0 votre navigateur \u00e0 partir d&#039;un ordinateur ou d&#039;un domaine Web qui n&#039;est pas g\u00e9r\u00e9 par nous, mais par une entit\u00e9 collaboratrice telle que Google Analytics.<\/p><p align=\"justify\"><strong>2.-\u00a0<\/strong><b>En fonction de l&#039;heure \u00e0 laquelle ils sont actifs :<\/b><\/p><p align=\"justify\">Cookies de session\u00a0: ce sont ceux qui restent dans le fichier cookie de votre navigateur jusqu&#039;\u00e0 ce que vous quittiez le site Web, donc aucun ne reste sur votre appareil.<\/p><p align=\"justify\">Cookies persistants : ce sont ceux qui restent sur votre appareil et notre site Internet les lit \u00e0 chaque nouvelle visite. Ces cookies cessent de fonctionner apr\u00e8s une date pr\u00e9cise.<\/p><p align=\"justify\"><strong>3.-\u00a0<\/strong><b>Selon sa finalit\u00e9 :<\/b><\/p><p align=\"justify\">Cookies techniques : ce sont ceux qui am\u00e9liorent la navigation et le bon fonctionnement de notre site Internet. Cookies de personnalisation : ce sont ceux qui permettent d&#039;acc\u00e9der au service avec des caract\u00e9ristiques pr\u00e9d\u00e9finies en fonction d&#039;une s\u00e9rie de crit\u00e8res. Ils servent par exemple \u00e0 choisir la langue du site Internet.<\/p><p align=\"justify\">Cookies d&#039;analyse : ce sont ceux qui permettent de mesurer et d&#039;analyser statistiquement l&#039;utilisation du service fourni. Ils sont utilis\u00e9s, par exemple, pour savoir qui visite le site Internet.<\/p><p align=\"justify\">Cookies que nous utilisons\u00a0:<\/p><table width=\"642\" cellspacing=\"0\" cellpadding=\"2\"><colgroup><col width=\"217\" \/><col width=\"110\" \/><col width=\"302\" \/><\/colgroup><tbody><tr valign=\"top\"><td width=\"217\"><p align=\"justify\"><strong>nom<\/strong><\/p><\/td><td width=\"110\"><p align=\"justify\"><strong>Expiration<\/strong><\/p><\/td><td width=\"302\"><p align=\"justify\"><strong>But<\/strong><\/p><\/td><\/tr><tr valign=\"top\"><td width=\"217\"><p align=\"justify\">UVC<\/p><\/td><td width=\"110\"><p align=\"justify\">1 jour.<\/p><\/td><td rowspan=\"5\" width=\"302\"><p align=\"justify\">Partagez le contenu du site Web sur les r\u00e9seaux sociaux via Addtoany et effectuez des analyses de site Web avec Google Analytics. Sont<br \/>Les cookies collectent des informations sur l&#039;activit\u00e9 des utilisateurs et non sur votre identification personnelle. Informations sur l&#039;origine de<br \/>visites, mots-cl\u00e9s, navigateur utilis\u00e9, etc. _ga est utilis\u00e9 pour distinguer les utilisateurs.<\/p><\/td><\/tr><tr valign=\"top\"><td width=\"217\"><p align=\"justify\">__utma<\/p><\/td><td width=\"110\"><p align=\"justify\">2 ans.<\/p><\/td><\/tr><tr valign=\"top\"><td width=\"217\"><p align=\"justify\">__utmb<\/p><\/td><td width=\"110\"><p align=\"justify\">30 minutes.<\/p><\/td><\/tr><tr valign=\"top\"><td width=\"217\"><p align=\"justify\">__utmc<\/p><\/td><td width=\"110\"><p align=\"justify\">Session<\/p><\/td><\/tr><tr valign=\"top\"><td width=\"217\"><p>__utmz<\/p><p>_G\u00e9orgie<\/p><p>_flingue<\/p><\/td><td width=\"110\"><p align=\"justify\">6 mois.<\/p><p>2 ans<\/p><p>10 minutes<\/p><\/td><\/tr><tr valign=\"top\"><td width=\"217\"><p align=\"justify\">ipinfo<\/p><\/td><td width=\"110\"><p align=\"justify\">6 mois.<\/p><\/td><td rowspan=\"3\" width=\"302\"><p align=\"justify\">Analyse publicitaire avec Media6degrees.<\/p><p align=\"justify\">Les cookies collectent des informations sur les utilisateurs lorsqu&#039;ils utilisent le bouton de r\u00e9seau social pour partager le contenu du site Web.<\/p><\/td><\/tr><tr valign=\"top\"><td width=\"217\"><p align=\"justify\">claqu\u00e9<\/p><\/td><td width=\"110\"><p align=\"justify\">6 mois.<\/p><\/td><\/tr><tr valign=\"top\"><td width=\"217\"><p align=\"justify\">acs<\/p><\/td><td width=\"110\"><p align=\"justify\">6 mois.<\/p><\/td><\/tr><\/tbody><\/table><p align=\"justify\">Prestataires de services tiers dans notre domaine\u00a0:<\/p><p align=\"justify\">Ajouter \u00e0 tout. Il s&#039;agit d&#039;un service fourni par addtonay.com et static.addtonay.com afin que les utilisateurs puissent facilement partager des informations provenant de sites Web sur les r\u00e9seaux sociaux. Plus d&#039;informations dans\u00a0<a href=\"https:\/\/www.addtoany.com\/privacy\" rel=\"nofollow noopener\" target=\"_blank\">http:\/\/www.addtoany.com\/privacy<\/a><\/p><p align=\"justify\">Google Analytics. Il s&#039;agit d&#039;une application logicielle de Google Inc. pour l&#039;analyse Web. Les cookies utilis\u00e9s collectent des donn\u00e9es anonymes sur la navigation des utilisateurs sur le site afin de conna\u00eetre l&#039;origine des visites, le nombre de fois qu&#039;ils ont visit\u00e9 le site, les mots-cl\u00e9s utilis\u00e9s et d&#039;autres donn\u00e9es statistiques. Plus d&#039;informations dans\u00a0<a href=\"https:\/\/www.google.com\/analytics\/\" rel=\"nofollow noopener\" target=\"_blank\">http:\/\/www.google.com\/analytics\/<\/a><\/p><p align=\"justify\">Media6degrees.C&#039;est une entreprise qui fournit des analyses de publicit\u00e9 en ligne via les r\u00e9seaux sociaux. Collecte des informations sur l&#039;activit\u00e9 des utilisateurs sur le Web \u00e0 des fins publicitaires. Plus d&#039;informations dans\u00a0<a href=\"https:\/\/m6d.wpengine.com\/privacy.php\" rel=\"nofollow noopener\" target=\"_blank\">http:\/\/media6degrees.com\/privacy.php<\/a><\/p><p align=\"justify\"><strong>Modifier les param\u00e8tres des cookies.<\/strong><\/p><p align=\"justify\">Vous pouvez restreindre, bloquer ou supprimer les cookies du site Web en configurant les pr\u00e9f\u00e9rences de votre navigateur. De m\u00eame, vous pouvez activer l&#039;option de navigation priv\u00e9e gr\u00e2ce \u00e0 laquelle votre navigateur cesse de stocker votre historique de navigation, vos cl\u00e9s secr\u00e8tes, les cookies et autres informations sur les pages que vous visitez.<\/p><p>Dans chaque navigateur la configuration des cookies est diff\u00e9rente, la fonction \u00ab Aide \u00bb vous montrera comment faire, cependant nous indiquons les liens<br \/>directement depuis les principaux navigateurs sur le sujet :<\/p><p><a href=\"http:\/\/windows.microsoft.com\/es-xl\/internet-explorer\/delete-manage-cookies#ie=ie-10\" rel=\"nofollow noopener\" target=\"_blank\"><u>Internet Explorer<\/u><\/a><\/p><p><a href=\"https:\/\/support.mozilla.org\/es\/kb\/Borrar%20cookies\" rel=\"nofollow noopener\" target=\"_blank\"><u>FireFox<\/u><\/a><\/p><p><a href=\"https:\/\/support.google.com\/chrome\/answer\/95647?hl=es\" rel=\"nofollow noopener\" target=\"_blank\"><u>Chrome<\/u><\/a><\/p><p><a href=\"https:\/\/support.apple.com\/es-es\/HT201265\" rel=\"nofollow noopener\" target=\"_blank\"><u>Safari<\/u><\/a><\/p><p align=\"justify\">Enfin, gardez \u00e0 l\u2019esprit que le blocage des cookies peut affecter tout ou partie des fonctionnalit\u00e9s du site Internet.<\/p><\/div><\/div>\t\t\t\t\t\t\t\t<\/div>\n\t\t\t\t<\/div>\n\t\t\t\t\t<\/div>\n\t\t<\/div>\n\t\t\t\t\t<\/div>\n\t\t<\/section>\n\t\t\t\t<\/div>","protected":false},"excerpt":{"rendered":"<p>POL\u00cdTICA DE COOKIES En cumplimiento de lo dispuesto en el art\u00edculo 22.2 LSSI, la Web \u00fanicamente utilizar\u00e1 dispositivos de almacenamiento y recuperaci\u00f3n de datos (\u2018Cookies\u2019) cuando el usuario haya dado su consentimiento para ello, de acuerdo con lo que se indica en la ventana emergente del navegador del usuario cuando accede por primera vez a [&hellip;]<\/p>\n","protected":false},"author":1,"featured_media":0,"parent":0,"menu_order":0,"comment_status":"closed","ping_status":"closed","template":"","meta":{"site-sidebar-layout":"no-sidebar","site-content-layout":"page-builder","ast-site-content-layout":"default","site-content-style":"default","site-sidebar-style":"default","ast-global-header-display":"","ast-banner-title-visibility":"","ast-main-header-display":"","ast-hfb-above-header-display":"","ast-hfb-below-header-display":"","ast-hfb-mobile-header-display":"","site-post-title":"disabled","ast-breadcrumbs-content":"","ast-featured-img":"disabled","footer-sml-layout":"","ast-disable-related-posts":"","theme-transparent-header-meta":"","adv-header-id-meta":"","stick-header-meta":"","header-above-stick-meta":"","header-main-stick-meta":"","header-below-stick-meta":"","astra-migrate-meta-layouts":"default","ast-page-background-enabled":"default","ast-page-background-meta":{"desktop":{"background-color":"var(--ast-global-color-4)","background-image":"","background-repeat":"repeat","background-position":"center center","background-size":"auto","background-attachment":"scroll","background-type":"","background-media":"","overlay-type":"","overlay-color":"","overlay-opacity":"","overlay-gradient":""},"tablet":{"background-color":"","background-image":"","background-repeat":"repeat","background-position":"center center","background-size":"auto","background-attachment":"scroll","background-type":"","background-media":"","overlay-type":"","overlay-color":"","overlay-opacity":"","overlay-gradient":""},"mobile":{"background-color":"","background-image":"","background-repeat":"repeat","background-position":"center center","background-size":"auto","background-attachment":"scroll","background-type":"","background-media":"","overlay-type":"","overlay-color":"","overlay-opacity":"","overlay-gradient":""}},"ast-content-background-meta":{"desktop":{"background-color":"var(--ast-global-color-5)","background-image":"","background-repeat":"repeat","background-position":"center center","background-size":"auto","background-attachment":"scroll","background-type":"","background-media":"","overlay-type":"","overlay-color":"","overlay-opacity":"","overlay-gradient":""},"tablet":{"background-color":"var(--ast-global-color-5)","background-image":"","background-repeat":"repeat","background-position":"center center","background-size":"auto","background-attachment":"scroll","background-type":"","background-media":"","overlay-type":"","overlay-color":"","overlay-opacity":"","overlay-gradient":""},"mobile":{"background-color":"var(--ast-global-color-5)","background-image":"","background-repeat":"repeat","background-position":"center center","background-size":"auto","background-attachment":"scroll","background-type":"","background-media":"","overlay-type":"","overlay-color":"","overlay-opacity":"","overlay-gradient":""}},"footnotes":""},"class_list":["post-1032","page","type-page","status-publish","hentry"],"_links":{"self":[{"href":"https:\/\/clinicadoctoreslopez.com\/fr\/wp-json\/wp\/v2\/pages\/1032","targetHints":{"allow":["GET"]}}],"collection":[{"href":"https:\/\/clinicadoctoreslopez.com\/fr\/wp-json\/wp\/v2\/pages"}],"about":[{"href":"https:\/\/clinicadoctoreslopez.com\/fr\/wp-json\/wp\/v2\/types\/page"}],"author":[{"embeddable":true,"href":"https:\/\/clinicadoctoreslopez.com\/fr\/wp-json\/wp\/v2\/users\/1"}],"replies":[{"embeddable":true,"href":"https:\/\/clinicadoctoreslopez.com\/fr\/wp-json\/wp\/v2\/comments?post=1032"}],"version-history":[{"count":0,"href":"https:\/\/clinicadoctoreslopez.com\/fr\/wp-json\/wp\/v2\/pages\/1032\/revisions"}],"wp:attachment":[{"href":"https:\/\/clinicadoctoreslopez.com\/fr\/wp-json\/wp\/v2\/media?parent=1032"}],"curies":[{"name":"wp","href":"https:\/\/api.w.org\/{rel}","templated":true}]}}