{"id":1038,"date":"2023-04-24T11:21:40","date_gmt":"2023-04-24T11:21:40","guid":{"rendered":"http:\/\/clinicadentaldoctoreslopez.es\/?page_id=1038"},"modified":"2024-06-19T17:21:18","modified_gmt":"2024-06-19T17:21:18","slug":"politique-de-confidentialite","status":"publish","type":"page","link":"https:\/\/clinicadoctoreslopez.com\/fr\/politique-de-confidentialite\/","title":{"rendered":"Politique de confidentialit\u00e9"},"content":{"rendered":"<div data-elementor-type=\"wp-page\" data-elementor-id=\"1038\" class=\"elementor elementor-1038\" data-elementor-post-type=\"page\">\n\t\t\t\t\t\t<section class=\"elementor-section elementor-top-section elementor-element elementor-element-62900886 elementor-section-boxed elementor-section-height-default elementor-section-height-default\" data-id=\"62900886\" data-element_type=\"section\" data-e-type=\"section\">\n\t\t\t\t\t\t<div class=\"elementor-container elementor-column-gap-default\">\n\t\t\t\t\t<div class=\"elementor-column elementor-col-100 elementor-top-column elementor-element elementor-element-40a795f6\" data-id=\"40a795f6\" data-element_type=\"column\" data-e-type=\"column\">\n\t\t\t<div class=\"elementor-widget-wrap elementor-element-populated\">\n\t\t\t\t\t\t<div class=\"elementor-element elementor-element-ba7176e elementor-widget elementor-widget-heading\" data-id=\"ba7176e\" data-element_type=\"widget\" data-e-type=\"widget\" data-widget_type=\"heading.default\">\n\t\t\t\t<div class=\"elementor-widget-container\">\n\t\t\t\t\t<h2 class=\"elementor-heading-title elementor-size-default\">Politique de confidentialit\u00e9<\/h2>\t\t\t\t<\/div>\n\t\t\t\t<\/div>\n\t\t\t\t<div class=\"elementor-element elementor-element-6bc4e9f1 elementor-widget elementor-widget-text-editor\" data-id=\"6bc4e9f1\" data-element_type=\"widget\" data-e-type=\"widget\" data-widget_type=\"text-editor.default\">\n\t\t\t\t<div class=\"elementor-widget-container\">\n\t\t\t\t\t\t\t\t\t<p align=\"justify\"><strong>Traitement des donn\u00e9es personnelles<\/strong><\/p><p align=\"justify\">www.clinicadoctoreslopez.es (ci-apr\u00e8s le Site Web) est la propri\u00e9t\u00e9 de DRA MAR\u00cdA DEL CARMEN L\u00d3PEZ MAR\u00cdN (ci-apr\u00e8s CLINICA DOCTORES LOPEZ), dont l&#039;adresse \u00e0 ces fins est C\/. Ment\u00f3n N\u00ba 7 \u2013 Urb. Los Alamos, Torremolinos Num\u00e9ro CIF : CCCCC inscrit au REGISTRE DU COMMERCE DE M\u00c1LAGA. Email du contact:\u00a0<span id=\"cloak846f7d159e2329d9fc7b8d3b586a553a\">secretaria@clinicadoctoreslopez.com<\/span>\u00a0du site Internet.<\/p><p align=\"justify\">Conform\u00e9ment aux dispositions de la loi organique 15\/1999 du 13 d\u00e9cembre sur la protection des donn\u00e9es personnelles (\u00ab LOPD \u00bb), nous vous informons que les donn\u00e9es et informations personnelles que vous nous fournissez en remplissant tout formulaire \u00e9lectronique disponible sur le site Web, seront incorpor\u00e9s dans un fichier de donn\u00e9es personnelles appartenant au Propri\u00e9taire.<\/p><p align=\"justify\">Les donn\u00e9es obtenues seront utilis\u00e9es pour remplir les finalit\u00e9s suivantes : \u00e9tablir une liste des utilisateurs Web enregistr\u00e9s, afin de maintenir le contact commercial, ainsi que sa gestion, et r\u00e9aliser des statistiques et une segmentation. L&#039;utilisateur consent express\u00e9ment \u00e0 la communication ou au transfert de ses donn\u00e9es personnelles aux fournisseurs impliqu\u00e9s dans l&#039;offre et la fourniture de nos services, tels que les fournisseurs, l&#039;h\u00e9bergement ou la messagerie, dans le but exclusif de r\u00e9aliser correctement le service demand\u00e9.<\/p><p align=\"justify\">L&#039;utilisateur enregistr\u00e9 peut recevoir automatiquement des publications et des communications commerciales du site Web, l&#039;utilisateur acceptant express\u00e9ment son consentement \u00e0 cet effet. L&#039;utilisateur peut \u00e0 tout moment se d\u00e9sinscrire de ces communications commerciales p\u00e9riodiques en envoyant un email \u00e0 <span id=\"cloak846f7d159e2329d9fc7b8d3b586a553a\">secretaria@clinicadoctoreslopez.com<\/span> indiquant ladite intention.<\/p><p align=\"justify\">Le Propri\u00e9taire est responsable du fichier individuellement et s&#039;engage \u00e0 ne pas utiliser les donn\u00e9es \u00e0 une fin autre que celle pour laquelle elles ont \u00e9t\u00e9 collect\u00e9es ni \u00e0 les c\u00e9der de mani\u00e8re ill\u00e9gitime \u00e0 des tiers. Vous vous engagez \u00e9galement \u00e0 traiter vos donn\u00e9es de mani\u00e8re confidentielle et \u00e0 appliquer les mesures de s\u00e9curit\u00e9 techniques et\/ou organisationnelles n\u00e9cessaires pour emp\u00eacher tout traitement ou acc\u00e8s non autoris\u00e9 telles qu&#039;\u00e9tablies par la r\u00e9glementation en vigueur sur la protection des donn\u00e9es.<\/p><p align=\"justify\">Ces termes et conditions peuvent \u00eatre modifi\u00e9s. 7 jours avant leur entr\u00e9e en vigueur, ces modifications seront communiqu\u00e9es \u00e0 l&#039;utilisateur par email ou avis sur notre site Internet.<\/p><p align=\"justify\"><strong>Droits ARCO<\/strong><\/p><p align=\"justify\">L&#039;utilisateur peut exercer gratuitement ses droits d&#039;acc\u00e8s, de rectification, d&#039;annulation et d&#039;opposition (\u00ab\u00a0Droits ARCO\u00a0\u00bb) dans les conditions l\u00e9galement \u00e9tablies en envoyant un courrier \u00e9lectronique \u00e0 l&#039;adresse suivante\u00a0: <span id=\"cloak846f7d159e2329d9fc7b8d3b586a553a\">secretaria@clinicadoctoreslopez.com<\/span>, en indiquant dans les deux cas vos nom et pr\u00e9nom et en joignant une photocopie de votre pi\u00e8ce d&#039;identit\u00e9. Vous pouvez \u00e9galement envoyer une lettre \u00e9crite \u00e0 notre adresse pr\u00e9c\u00e9demment indiqu\u00e9e.<\/p>\t\t\t\t\t\t\t\t<\/div>\n\t\t\t\t<\/div>\n\t\t\t\t\t<\/div>\n\t\t<\/div>\n\t\t\t\t\t<\/div>\n\t\t<\/section>\n\t\t\t\t<\/div>","protected":false},"excerpt":{"rendered":"<p>Pol\u00edtica de privacidad Tratamiento de datos de car\u00e1cter personal www.clinicadoctoreslopez.es (en adelante la Web) es propiedad de&nbsp;DRA MAR\u00cdA DEL CARMEN L\u00d3PEZ MAR\u00cdN (en adelante CLINICA DOCTORES LOPEZ), con domicilio a estos efectos en C\/. Ment\u00f3n N\u00ba 7 \u2013 Urb. Los Alamos, Torremolinos n\u00famero de C.I.F.: CCCCC inscrita en el REGISTRO MERCANTIL DE M\u00c1LAGA. Correo electr\u00f3nico [&hellip;]<\/p>\n","protected":false},"author":1,"featured_media":0,"parent":0,"menu_order":0,"comment_status":"closed","ping_status":"closed","template":"","meta":{"site-sidebar-layout":"no-sidebar","site-content-layout":"page-builder","ast-site-content-layout":"default","site-content-style":"default","site-sidebar-style":"default","ast-global-header-display":"","ast-banner-title-visibility":"","ast-main-header-display":"","ast-hfb-above-header-display":"","ast-hfb-below-header-display":"","ast-hfb-mobile-header-display":"","site-post-title":"disabled","ast-breadcrumbs-content":"","ast-featured-img":"disabled","footer-sml-layout":"","ast-disable-related-posts":"","theme-transparent-header-meta":"","adv-header-id-meta":"","stick-header-meta":"","header-above-stick-meta":"","header-main-stick-meta":"","header-below-stick-meta":"","astra-migrate-meta-layouts":"default","ast-page-background-enabled":"default","ast-page-background-meta":{"desktop":{"background-color":"var(--ast-global-color-4)","background-image":"","background-repeat":"repeat","background-position":"center center","background-size":"auto","background-attachment":"scroll","background-type":"","background-media":"","overlay-type":"","overlay-color":"","overlay-opacity":"","overlay-gradient":""},"tablet":{"background-color":"","background-image":"","background-repeat":"repeat","background-position":"center center","background-size":"auto","background-attachment":"scroll","background-type":"","background-media":"","overlay-type":"","overlay-color":"","overlay-opacity":"","overlay-gradient":""},"mobile":{"background-color":"","background-image":"","background-repeat":"repeat","background-position":"center center","background-size":"auto","background-attachment":"scroll","background-type":"","background-media":"","overlay-type":"","overlay-color":"","overlay-opacity":"","overlay-gradient":""}},"ast-content-background-meta":{"desktop":{"background-color":"var(--ast-global-color-5)","background-image":"","background-repeat":"repeat","background-position":"center center","background-size":"auto","background-attachment":"scroll","background-type":"","background-media":"","overlay-type":"","overlay-color":"","overlay-opacity":"","overlay-gradient":""},"tablet":{"background-color":"var(--ast-global-color-5)","background-image":"","background-repeat":"repeat","background-position":"center center","background-size":"auto","background-attachment":"scroll","background-type":"","background-media":"","overlay-type":"","overlay-color":"","overlay-opacity":"","overlay-gradient":""},"mobile":{"background-color":"var(--ast-global-color-5)","background-image":"","background-repeat":"repeat","background-position":"center center","background-size":"auto","background-attachment":"scroll","background-type":"","background-media":"","overlay-type":"","overlay-color":"","overlay-opacity":"","overlay-gradient":""}},"footnotes":""},"class_list":["post-1038","page","type-page","status-publish","hentry"],"_links":{"self":[{"href":"https:\/\/clinicadoctoreslopez.com\/fr\/wp-json\/wp\/v2\/pages\/1038","targetHints":{"allow":["GET"]}}],"collection":[{"href":"https:\/\/clinicadoctoreslopez.com\/fr\/wp-json\/wp\/v2\/pages"}],"about":[{"href":"https:\/\/clinicadoctoreslopez.com\/fr\/wp-json\/wp\/v2\/types\/page"}],"author":[{"embeddable":true,"href":"https:\/\/clinicadoctoreslopez.com\/fr\/wp-json\/wp\/v2\/users\/1"}],"replies":[{"embeddable":true,"href":"https:\/\/clinicadoctoreslopez.com\/fr\/wp-json\/wp\/v2\/comments?post=1038"}],"version-history":[{"count":0,"href":"https:\/\/clinicadoctoreslopez.com\/fr\/wp-json\/wp\/v2\/pages\/1038\/revisions"}],"wp:attachment":[{"href":"https:\/\/clinicadoctoreslopez.com\/fr\/wp-json\/wp\/v2\/media?parent=1038"}],"curies":[{"name":"wp","href":"https:\/\/api.w.org\/{rel}","templated":true}]}}