{"id":1846,"date":"2023-06-21T08:47:35","date_gmt":"2023-06-21T08:47:35","guid":{"rendered":"http:\/\/clinicadentaldoctoreslopez.es\/?page_id=1846"},"modified":"2024-06-19T17:21:36","modified_gmt":"2024-06-19T17:21:36","slug":"greffe-de-cheveux","status":"publish","type":"page","link":"https:\/\/clinicadoctoreslopez.com\/fr\/greffe-de-cheveux\/","title":{"rendered":"Greffe de cheveux"},"content":{"rendered":"<div data-elementor-type=\"wp-page\" data-elementor-id=\"1846\" class=\"elementor elementor-1846\" data-elementor-post-type=\"page\">\n\t\t\t\t\t\t<section class=\"elementor-section elementor-top-section elementor-element elementor-element-4d008b3b elementor-section-full_width elementor-section-height-min-height elementor-section-items-stretch elementor-section-height-default\" data-id=\"4d008b3b\" data-element_type=\"section\" data-e-type=\"section\" data-settings=\"{&quot;shape_divider_top&quot;:&quot;triangle&quot;}\">\n\t\t\t\t\t<div class=\"elementor-shape elementor-shape-top\" aria-hidden=\"true\" data-negative=\"false\">\n\t\t\t<svg xmlns=\"http:\/\/www.w3.org\/2000\/svg\" viewbox=\"0 0 1000 100\" preserveaspectratio=\"none\">\n\t<path class=\"elementor-shape-fill\" d=\"M500,98.9L0,6.1V0h1000v6.1L500,98.9z\"\/>\n<\/svg>\t\t<\/div>\n\t\t\t\t\t<div class=\"elementor-container elementor-column-gap-default\">\n\t\t\t\t\t<div class=\"elementor-column elementor-col-100 elementor-top-column elementor-element elementor-element-5a8abf38\" data-id=\"5a8abf38\" data-element_type=\"column\" data-e-type=\"column\">\n\t\t\t<div class=\"elementor-widget-wrap elementor-element-populated\">\n\t\t\t\t\t\t<div class=\"elementor-element elementor-element-5bee32cf elementor-widget elementor-widget-heading\" data-id=\"5bee32cf\" data-element_type=\"widget\" data-e-type=\"widget\" data-widget_type=\"heading.default\">\n\t\t\t\t<div class=\"elementor-widget-container\">\n\t\t\t\t\t<p class=\"elementor-heading-title elementor-size-default\">UNIT\u00c9 CAPILLAIRE<\/p>\t\t\t\t<\/div>\n\t\t\t\t<\/div>\n\t\t\t\t<div class=\"elementor-element elementor-element-43b3142c elementor-widget elementor-widget-heading\" data-id=\"43b3142c\" data-element_type=\"widget\" data-e-type=\"widget\" data-widget_type=\"heading.default\">\n\t\t\t\t<div class=\"elementor-widget-container\">\n\t\t\t\t\t<h1 class=\"elementor-heading-title elementor-size-default\">GREFFE DE CHEVEUX<\/h1>\t\t\t\t<\/div>\n\t\t\t\t<\/div>\n\t\t\t\t\t<\/div>\n\t\t<\/div>\n\t\t\t\t\t<\/div>\n\t\t<\/section>\n\t\t\t\t<section class=\"elementor-section elementor-top-section elementor-element elementor-element-2a1ce7bd elementor-section-boxed elementor-section-height-default elementor-section-height-default\" data-id=\"2a1ce7bd\" data-element_type=\"section\" data-e-type=\"section\">\n\t\t\t\t\t\t<div class=\"elementor-container elementor-column-gap-default\">\n\t\t\t\t\t<div class=\"elementor-column elementor-col-100 elementor-top-column elementor-element elementor-element-537705b3\" data-id=\"537705b3\" data-element_type=\"column\" data-e-type=\"column\">\n\t\t\t<div class=\"elementor-widget-wrap elementor-element-populated\">\n\t\t\t\t\t\t<div class=\"elementor-element elementor-element-7da60a08 elementor-widget elementor-widget-heading\" data-id=\"7da60a08\" data-element_type=\"widget\" data-e-type=\"widget\" data-widget_type=\"heading.default\">\n\t\t\t\t<div class=\"elementor-widget-container\">\n\t\t\t\t\t<h2 class=\"elementor-heading-title elementor-size-default\">Qu&#039;est que c&#039;est?<\/h2>\t\t\t\t<\/div>\n\t\t\t\t<\/div>\n\t\t\t\t<div class=\"elementor-element elementor-element-1b3eeb4b elementor-widget elementor-widget-text-editor\" data-id=\"1b3eeb4b\" data-element_type=\"widget\" data-e-type=\"widget\" data-widget_type=\"text-editor.default\">\n\t\t\t\t<div class=\"elementor-widget-container\">\n\t\t\t\t\t\t\t\t\t<p><span style=\"font-style: inherit; color: var( --e-global-color-text ); font-family: var( --e-global-typography-text-font-family ), Sans-serif; background-color: var(--ast-global-color-5);\">Il\u00a0<\/span><strong style=\"font-style: inherit; color: var( --e-global-color-text ); font-family: var( --e-global-typography-text-font-family ), Sans-serif;\">greffe de cheveux <\/strong><span style=\"font-style: inherit; color: var( --e-global-color-text ); font-family: var( --e-global-typography-text-font-family ), Sans-serif;\">C&#039;est l&#039;un des traitements les plus demand\u00e9s ces derniers temps, en <a href=\"https:\/\/clinicadoctoreslopez.com\/fr\/\"><b>Clinique M\u00e9decins Lopez<\/b><\/a>, nous disposons des meilleurs professionnels dans l\u2019application de cette technique dans la province de Malaga.<\/span><\/p><p>Il\u00a0<strong>greffe de cheveux\u00a0<\/strong>avec<strong>\u00a0Technique FUE\u00a0<\/strong>Il s\u2019agit d\u2019une proc\u00e9dure par laquelle les follicules sont retir\u00e9s un \u00e0 un de la zone occipitale et\/ou temporale du donneur. Le chirurgien choisit les follicules selon la demande (1, 2, 3 et 4 cheveux). Cette technique nous permet d&#039;extraire les unit\u00e9s folliculaires dont nous avons besoin.<\/p><p>Actuellement, nous implantons entre 1 200 et 2 200 unit\u00e9s par jour, en fonction des besoins de chaque patient.<\/p>\t\t\t\t\t\t\t\t<\/div>\n\t\t\t\t<\/div>\n\t\t\t\t<div class=\"elementor-element elementor-element-2d64abd8 elementor-align-left elementor-widget elementor-widget-button\" data-id=\"2d64abd8\" data-element_type=\"widget\" data-e-type=\"widget\" data-widget_type=\"button.default\">\n\t\t\t\t<div class=\"elementor-widget-container\">\n\t\t\t\t\t\t\t\t\t<div class=\"elementor-button-wrapper\">\n\t\t\t\t\t<a class=\"elementor-button elementor-button-link elementor-size-sm\" href=\"\/fr\/contact\/\">\n\t\t\t\t\t\t<span class=\"elementor-button-content-wrapper\">\n\t\t\t\t\t\t\t\t\t<span class=\"elementor-button-text\">Prendre rendez-vous<\/span>\n\t\t\t\t\t<\/span>\n\t\t\t\t\t<\/a>\n\t\t\t\t<\/div>\n\t\t\t\t\t\t\t\t<\/div>\n\t\t\t\t<\/div>\n\t\t\t\t\t<\/div>\n\t\t<\/div>\n\t\t\t\t\t<\/div>\n\t\t<\/section>\n\t\t\t\t<section class=\"elementor-section elementor-top-section elementor-element elementor-element-7b17c9b elementor-section-boxed elementor-section-height-default elementor-section-height-default\" data-id=\"7b17c9b\" data-element_type=\"section\" data-e-type=\"section\">\n\t\t\t\t\t\t<div class=\"elementor-container elementor-column-gap-default\">\n\t\t\t\t\t<div class=\"elementor-column elementor-col-100 elementor-top-column elementor-element elementor-element-a23f3ad\" data-id=\"a23f3ad\" data-element_type=\"column\" data-e-type=\"column\">\n\t\t\t<div class=\"elementor-widget-wrap elementor-element-populated\">\n\t\t\t\t\t\t<div class=\"elementor-element elementor-element-ff13d3c elementor-widget elementor-widget-text-editor\" data-id=\"ff13d3c\" data-element_type=\"widget\" data-e-type=\"widget\" data-widget_type=\"text-editor.default\">\n\t\t\t\t<div class=\"elementor-widget-container\">\n\t\t\t\t\t\t\t\t\t<div>\n<div>\n<h3><strong>SP\u00c9CIFICATIONS DE LA M\u00c9THODE FUE<\/strong><\/h3>\n<div><strong>&nbsp;<\/strong><\/div>\n<\/div>\n<\/div>\n<div>\n<div>\n<p>Utilisation d&#039;instruments microchirurgicaux de calibre (0,75, 0,8, 0,85 et 0,90) pour extraction motoris\u00e9e.<\/p>\n<p>Gu\u00e9rison des micro points d&#039;extraction en 4-5 jours.<\/p>\n<p>Sans risque d\u2019atteinte nerveuse ou vasculaire. Enl\u00e8vement \u00e0 sym\u00e9trie r\u00e9guli\u00e8re, laissant les cheveux uniformes.<\/p>\n<p>Aucune unit\u00e9 folliculaire n\u2019est endommag\u00e9e lors de l\u2019extraction.<\/p>\n<p>Aucun entretien particulier n\u2019est n\u00e9cessaire pour les nouveaux cheveux, puisque, apr\u00e8s pousse, ils se comporteront comme des cheveux enti\u00e8rement naturels.<\/p>\n<div>\n<div>\n<p><strong>PROC\u00c9DURE<\/strong><\/p>\n<\/div>\n<\/div>\n<div>\n<div>\n<p><strong>Proc\u00e9dure d&#039;une journ\u00e9e\u00a0: <\/strong>Jusqu&#039;\u00e0 1 600 follicules.<\/p>\n<p><strong>Proc\u00e9dure de 2 jours : <\/strong>2 000 \u00e0 3 200 follicules.<\/p>\n<p>La proc\u00e9dure technique <b>IL A \u00c9T\u00c9<\/b> comprend : Les frais m\u00e9dicaux, le personnel infirmier, le mat\u00e9riel m\u00e9dical, les m\u00e9dicaments post-greffe, l&#039;anesth\u00e9sie locale et les contr\u00f4les post-op\u00e9ratoires (les frais de d\u00e9placement sont \u00e0 votre charge).<\/p>\n<div>\n<div>\n<div>&nbsp;<\/div>\n<\/div>\n<\/div>\n<\/div>\n<\/div>\n<div>\n<div>\n<p><strong>DOMAINES DE MISE EN \u0152UVRE<\/strong><\/p>\n<\/div>\n<\/div>\n<div>\n<div>\n<p>Le prix, le degr\u00e9 de calvitie et le nombre de follicules et de cheveux peuvent varier d&#039;une personne \u00e0 l&#039;autre en raison de plusieurs facteurs tels que :<\/p>\n<ul>\n<li>Densit\u00e9 de la zone donneuse de chaque patient.<\/li>\n<li>Nombre de follicules n\u00e9cessaires \u00e0 la transplantation.<\/li>\n<li>Taille de la zone donneuse et receveuse (caract\u00e9ristique unique de chaque individu).<\/li>\n<\/ul>\n<p>C&#039;est pourquoi un rendez-vous m\u00e9dical est important pour \u00e9valuer individuellement le degr\u00e9 de calvitie que vous avez \u00e0 ce jour et les zones \u00e0 implanter.<\/p>\n<p>Pour conna\u00eetre le nombre approximatif de follicules dont vous avez besoin, additionnez les zones. Exemple (*Le nombre de follicules peut varier selon le degr\u00e9 de calvitie, que vous ayez ou non quelques poils dans la zone).<\/p>\n<\/div>\n<p><strong>Zone 1<\/strong>&nbsp;= 1 jour d&#039;intervention (de 1 100 follicules \u00e0 1 600 unit\u00e9s folliculaires peuvent \u00eatre implant\u00e9es).<\/p>\n<p><strong>Zone 1 + Zone 2<\/strong>&nbsp;= 2 jours d&#039;intervention (de 2 000 \u00e0 2 500 follicules peuvent \u00eatre implant\u00e9s).<\/p>\n<p><strong>Zone 1 + Zone 2 + Zone 3<\/strong>&nbsp;= 2 jours d&#039;intervention (de 2 600 \u00e0 3 200 follicules peuvent \u00eatre implant\u00e9s).<\/p>\n<p><strong>Zone 4<\/strong>&nbsp;= 2 jours d&#039;intervention (de 2 000 \u00e0 3 200 follicules peuvent \u00eatre implant\u00e9s).<\/p>\n<p><strong>Zone 1 + Zone 2 + Zone 3 + Zone 4<\/strong>&nbsp;= Dans ce cas, des interventions suppl\u00e9mentaires peuvent \u00eatre n\u00e9cessaires pour obtenir les r\u00e9sultats esth\u00e9tiques souhait\u00e9s.<\/p>\n<\/div>\n<\/div>\n<\/div>\t\t\t\t\t\t\t\t<\/div>\n\t\t\t\t<\/div>\n\t\t\t\t\t<\/div>\n\t\t<\/div>\n\t\t\t\t\t<\/div>\n\t\t<\/section>\n\t\t\t\t<section class=\"elementor-section elementor-top-section elementor-element elementor-element-eecb0c3 elementor-section-boxed elementor-section-height-default elementor-section-height-default\" data-id=\"eecb0c3\" data-element_type=\"section\" data-e-type=\"section\" data-settings=\"{&quot;background_background&quot;:&quot;classic&quot;}\">\n\t\t\t\t\t\t<div class=\"elementor-container elementor-column-gap-default\">\n\t\t\t\t\t<div class=\"elementor-column elementor-col-100 elementor-top-column elementor-element elementor-element-35457839\" data-id=\"35457839\" data-element_type=\"column\" data-e-type=\"column\">\n\t\t\t<div class=\"elementor-widget-wrap elementor-element-populated\">\n\t\t\t\t\t\t<section class=\"elementor-section elementor-inner-section elementor-element elementor-element-1714b7f8 elementor-section-boxed elementor-section-height-default elementor-section-height-default\" data-id=\"1714b7f8\" data-element_type=\"section\" data-e-type=\"section\">\n\t\t\t\t\t\t<div class=\"elementor-container elementor-column-gap-default\">\n\t\t\t\t\t<div class=\"elementor-column elementor-col-25 elementor-inner-column elementor-element elementor-element-901a1ec\" data-id=\"901a1ec\" data-element_type=\"column\" data-e-type=\"column\">\n\t\t\t<div class=\"elementor-widget-wrap elementor-element-populated\">\n\t\t\t\t\t\t<div class=\"elementor-element elementor-element-3cbbba5 elementor-position-top elementor-widget elementor-widget-image-box\" data-id=\"3cbbba5\" data-element_type=\"widget\" data-e-type=\"widget\" data-widget_type=\"image-box.default\">\n\t\t\t\t<div class=\"elementor-widget-container\">\n\t\t\t\t\t<div class=\"elementor-image-box-wrapper\"><figure class=\"elementor-image-box-img\"><img decoding=\"async\" width=\"66\" height=\"94\" src=\"https:\/\/clinicadoctoreslopez.com\/wp-content\/uploads\/2023\/03\/ICON-7.svg\" class=\"attachment-full size-full wp-image-493\" alt=\"\" title=\"\"><\/figure><div class=\"elementor-image-box-content\"><h3 class=\"elementor-image-box-title\">Zone<\/h3><p class=\"elementor-image-box-description\">T\u00caTE<\/p><\/div><\/div>\t\t\t\t<\/div>\n\t\t\t\t<\/div>\n\t\t\t\t\t<\/div>\n\t\t<\/div>\n\t\t\t\t<div class=\"elementor-column elementor-col-25 elementor-inner-column elementor-element elementor-element-72bf75b6\" data-id=\"72bf75b6\" data-element_type=\"column\" data-e-type=\"column\">\n\t\t\t<div class=\"elementor-widget-wrap elementor-element-populated\">\n\t\t\t\t\t\t<div class=\"elementor-element elementor-element-5b3e8ca7 elementor-position-top elementor-widget elementor-widget-image-box\" data-id=\"5b3e8ca7\" data-element_type=\"widget\" data-e-type=\"widget\" data-widget_type=\"image-box.default\">\n\t\t\t\t<div class=\"elementor-widget-container\">\n\t\t\t\t\t<div class=\"elementor-image-box-wrapper\"><figure class=\"elementor-image-box-img\"><img decoding=\"async\" width=\"94\" height=\"94\" src=\"https:\/\/clinicadoctoreslopez.com\/wp-content\/uploads\/2023\/03\/ICON-6.svg\" class=\"attachment-full size-full wp-image-494\" alt=\"\" title=\"\"><\/figure><div class=\"elementor-image-box-content\"><h3 class=\"elementor-image-box-title\">S\u00e9ances<\/h3><p class=\"elementor-image-box-description\">1<\/p><\/div><\/div>\t\t\t\t<\/div>\n\t\t\t\t<\/div>\n\t\t\t\t\t<\/div>\n\t\t<\/div>\n\t\t\t\t<div class=\"elementor-column elementor-col-25 elementor-inner-column elementor-element elementor-element-7b3fad5\" data-id=\"7b3fad5\" data-element_type=\"column\" data-e-type=\"column\">\n\t\t\t<div class=\"elementor-widget-wrap elementor-element-populated\">\n\t\t\t\t\t\t<div class=\"elementor-element elementor-element-40f27e48 elementor-position-top elementor-widget elementor-widget-image-box\" data-id=\"40f27e48\" data-element_type=\"widget\" data-e-type=\"widget\" data-widget_type=\"image-box.default\">\n\t\t\t\t<div class=\"elementor-widget-container\">\n\t\t\t\t\t<div class=\"elementor-image-box-wrapper\"><figure class=\"elementor-image-box-img\"><img decoding=\"async\" width=\"70\" height=\"94\" src=\"https:\/\/clinicadoctoreslopez.com\/wp-content\/uploads\/2023\/03\/ICON-5.svg\" class=\"attachment-full size-full wp-image-495\" alt=\"\" title=\"\"><\/figure><div class=\"elementor-image-box-content\"><h3 class=\"elementor-image-box-title\">Emplacement<\/h3><p class=\"elementor-image-box-description\">Torremolinos<\/p><\/div><\/div>\t\t\t\t<\/div>\n\t\t\t\t<\/div>\n\t\t\t\t\t<\/div>\n\t\t<\/div>\n\t\t\t\t<div class=\"elementor-column elementor-col-25 elementor-inner-column elementor-element elementor-element-4fe1d57e\" data-id=\"4fe1d57e\" data-element_type=\"column\" data-e-type=\"column\">\n\t\t\t<div class=\"elementor-widget-wrap elementor-element-populated\">\n\t\t\t\t\t\t<div class=\"elementor-element elementor-element-34f5599a elementor-position-top elementor-widget elementor-widget-image-box\" data-id=\"34f5599a\" data-element_type=\"widget\" data-e-type=\"widget\" data-widget_type=\"image-box.default\">\n\t\t\t\t<div class=\"elementor-widget-container\">\n\t\t\t\t\t<div class=\"elementor-image-box-wrapper\"><figure class=\"elementor-image-box-img\"><img loading=\"lazy\" decoding=\"async\" width=\"95\" height=\"94\" src=\"https:\/\/clinicadoctoreslopez.com\/wp-content\/uploads\/2023\/03\/ICON-4.svg\" class=\"attachment-full size-full wp-image-496\" alt=\"\" title=\"\"><\/figure><div class=\"elementor-image-box-content\"><h3 class=\"elementor-image-box-title\">Anesth\u00e9sie<\/h3><p class=\"elementor-image-box-description\">Locale<\/p><\/div><\/div>\t\t\t\t<\/div>\n\t\t\t\t<\/div>\n\t\t\t\t\t<\/div>\n\t\t<\/div>\n\t\t\t\t\t<\/div>\n\t\t<\/section>\n\t\t\t\t<section class=\"elementor-section elementor-inner-section elementor-element elementor-element-14d50cb7 elementor-section-boxed elementor-section-height-default elementor-section-height-default\" data-id=\"14d50cb7\" data-element_type=\"section\" data-e-type=\"section\">\n\t\t\t\t\t\t<div class=\"elementor-container elementor-column-gap-default\">\n\t\t\t\t\t<div class=\"elementor-column elementor-col-25 elementor-inner-column elementor-element elementor-element-575ab7d0\" data-id=\"575ab7d0\" data-element_type=\"column\" data-e-type=\"column\">\n\t\t\t<div class=\"elementor-widget-wrap elementor-element-populated\">\n\t\t\t\t\t\t<div class=\"elementor-element elementor-element-d72a44f elementor-position-top elementor-widget elementor-widget-image-box\" data-id=\"d72a44f\" data-element_type=\"widget\" data-e-type=\"widget\" data-widget_type=\"image-box.default\">\n\t\t\t\t<div class=\"elementor-widget-container\">\n\t\t\t\t\t<div class=\"elementor-image-box-wrapper\"><figure class=\"elementor-image-box-img\"><img loading=\"lazy\" decoding=\"async\" width=\"133\" height=\"94\" src=\"https:\/\/clinicadoctoreslopez.com\/wp-content\/uploads\/2023\/03\/ICON-3.svg\" class=\"attachment-full size-full wp-image-497\" alt=\"\" title=\"\"><\/figure><div class=\"elementor-image-box-content\"><h3 class=\"elementor-image-box-title\">R\u00e9cup\u00e9ration<\/h3><p class=\"elementor-image-box-description\">Temps minimum<\/p><\/div><\/div>\t\t\t\t<\/div>\n\t\t\t\t<\/div>\n\t\t\t\t\t<\/div>\n\t\t<\/div>\n\t\t\t\t<div class=\"elementor-column elementor-col-25 elementor-inner-column elementor-element elementor-element-5acd0362\" data-id=\"5acd0362\" data-element_type=\"column\" data-e-type=\"column\">\n\t\t\t<div class=\"elementor-widget-wrap elementor-element-populated\">\n\t\t\t\t\t\t<div class=\"elementor-element elementor-element-571854fb elementor-position-top elementor-widget elementor-widget-image-box\" data-id=\"571854fb\" data-element_type=\"widget\" data-e-type=\"widget\" data-widget_type=\"image-box.default\">\n\t\t\t\t<div class=\"elementor-widget-container\">\n\t\t\t\t\t<div class=\"elementor-image-box-wrapper\"><figure class=\"elementor-image-box-img\"><img loading=\"lazy\" decoding=\"async\" width=\"148\" height=\"94\" src=\"https:\/\/clinicadoctoreslopez.com\/wp-content\/uploads\/2023\/03\/ICON-2.svg\" class=\"attachment-full size-full wp-image-498\" alt=\"\" title=\"\"><\/figure><div class=\"elementor-image-box-content\"><h3 class=\"elementor-image-box-title\">Visibilit\u00e9<\/h3><p class=\"elementor-image-box-description\">6 MOIS<\/p><\/div><\/div>\t\t\t\t<\/div>\n\t\t\t\t<\/div>\n\t\t\t\t\t<\/div>\n\t\t<\/div>\n\t\t\t\t<div class=\"elementor-column elementor-col-25 elementor-inner-column elementor-element elementor-element-579d982c\" data-id=\"579d982c\" data-element_type=\"column\" data-e-type=\"column\">\n\t\t\t<div class=\"elementor-widget-wrap elementor-element-populated\">\n\t\t\t\t\t\t<div class=\"elementor-element elementor-element-325bcb4a elementor-position-top elementor-widget elementor-widget-image-box\" data-id=\"325bcb4a\" data-element_type=\"widget\" data-e-type=\"widget\" data-widget_type=\"image-box.default\">\n\t\t\t\t<div class=\"elementor-widget-container\">\n\t\t\t\t\t<div class=\"elementor-image-box-wrapper\"><figure class=\"elementor-image-box-img\"><img loading=\"lazy\" decoding=\"async\" width=\"108\" height=\"94\" src=\"https:\/\/clinicadoctoreslopez.com\/wp-content\/uploads\/2023\/03\/ICON-1.svg\" class=\"attachment-full size-full wp-image-499\" alt=\"\" title=\"\"><\/figure><div class=\"elementor-image-box-content\"><h3 class=\"elementor-image-box-title\">\u00c9poque<\/h3><p class=\"elementor-image-box-description\">Toute l&#039;ann\u00e9e<\/p><\/div><\/div>\t\t\t\t<\/div>\n\t\t\t\t<\/div>\n\t\t\t\t\t<\/div>\n\t\t<\/div>\n\t\t\t\t<div class=\"elementor-column elementor-col-25 elementor-inner-column elementor-element elementor-element-a974d5c\" data-id=\"a974d5c\" data-element_type=\"column\" data-e-type=\"column\">\n\t\t\t<div class=\"elementor-widget-wrap elementor-element-populated\">\n\t\t\t\t\t\t<div class=\"elementor-element elementor-element-46b44742 elementor-position-top elementor-widget elementor-widget-image-box\" data-id=\"46b44742\" data-element_type=\"widget\" data-e-type=\"widget\" data-widget_type=\"image-box.default\">\n\t\t\t\t<div class=\"elementor-widget-container\">\n\t\t\t\t\t<div class=\"elementor-image-box-wrapper\"><figure class=\"elementor-image-box-img\"><img loading=\"lazy\" decoding=\"async\" width=\"93\" height=\"93\" src=\"https:\/\/clinicadoctoreslopez.com\/wp-content\/uploads\/2023\/03\/ICON.svg\" class=\"attachment-full size-full wp-image-500\" alt=\"\" title=\"\"><\/figure><div class=\"elementor-image-box-content\"><h3 class=\"elementor-image-box-title\">Indiqu\u00e9<\/h3><p class=\"elementor-image-box-description\">Chute de cheveux<\/p><\/div><\/div>\t\t\t\t<\/div>\n\t\t\t\t<\/div>\n\t\t\t\t\t<\/div>\n\t\t<\/div>\n\t\t\t\t\t<\/div>\n\t\t<\/section>\n\t\t\t\t\t<\/div>\n\t\t<\/div>\n\t\t\t\t\t<\/div>\n\t\t<\/section>\n\t\t\t\t<\/div>","protected":false},"excerpt":{"rendered":"<p>UNIDAD CAPILAR INJERTO CAPILAR \u00bfQu\u00e9 es? El\u00a0Injerto capilar es uno de los tratamientos m\u00e1s demandados en los \u00faltimos tiempos, en Cl\u00ednica Doctores L\u00f3pez, tenemos a los mejores profesionales en la aplicaci\u00f3n de esta t\u00e9cnica en la provincia de M\u00e1laga. El\u00a0Injerto capilar\u00a0con\u00a0t\u00e9cnica FUE\u00a0es un procedimiento a trav\u00e9s del cual se retiran los fol\u00edculos de la zona [&hellip;]<\/p>\n","protected":false},"author":1,"featured_media":0,"parent":0,"menu_order":0,"comment_status":"closed","ping_status":"closed","template":"","meta":{"site-sidebar-layout":"no-sidebar","site-content-layout":"page-builder","ast-site-content-layout":"default","site-content-style":"default","site-sidebar-style":"default","ast-global-header-display":"","ast-banner-title-visibility":"","ast-main-header-display":"","ast-hfb-above-header-display":"","ast-hfb-below-header-display":"","ast-hfb-mobile-header-display":"","site-post-title":"disabled","ast-breadcrumbs-content":"","ast-featured-img":"disabled","footer-sml-layout":"","ast-disable-related-posts":"","theme-transparent-header-meta":"","adv-header-id-meta":"","stick-header-meta":"","header-above-stick-meta":"","header-main-stick-meta":"","header-below-stick-meta":"","astra-migrate-meta-layouts":"default","ast-page-background-enabled":"default","ast-page-background-meta":{"desktop":{"background-color":"var(--ast-global-color-4)","background-image":"","background-repeat":"repeat","background-position":"center center","background-size":"auto","background-attachment":"scroll","background-type":"","background-media":"","overlay-type":"","overlay-color":"","overlay-opacity":"","overlay-gradient":""},"tablet":{"background-color":"","background-image":"","background-repeat":"repeat","background-position":"center center","background-size":"auto","background-attachment":"scroll","background-type":"","background-media":"","overlay-type":"","overlay-color":"","overlay-opacity":"","overlay-gradient":""},"mobile":{"background-color":"","background-image":"","background-repeat":"repeat","background-position":"center center","background-size":"auto","background-attachment":"scroll","background-type":"","background-media":"","overlay-type":"","overlay-color":"","overlay-opacity":"","overlay-gradient":""}},"ast-content-background-meta":{"desktop":{"background-color":"var(--ast-global-color-5)","background-image":"","background-repeat":"repeat","background-position":"center center","background-size":"auto","background-attachment":"scroll","background-type":"","background-media":"","overlay-type":"","overlay-color":"","overlay-opacity":"","overlay-gradient":""},"tablet":{"background-color":"var(--ast-global-color-5)","background-image":"","background-repeat":"repeat","background-position":"center center","background-size":"auto","background-attachment":"scroll","background-type":"","background-media":"","overlay-type":"","overlay-color":"","overlay-opacity":"","overlay-gradient":""},"mobile":{"background-color":"var(--ast-global-color-5)","background-image":"","background-repeat":"repeat","background-position":"center center","background-size":"auto","background-attachment":"scroll","background-type":"","background-media":"","overlay-type":"","overlay-color":"","overlay-opacity":"","overlay-gradient":""}},"footnotes":""},"class_list":["post-1846","page","type-page","status-publish","hentry"],"_links":{"self":[{"href":"https:\/\/clinicadoctoreslopez.com\/fr\/wp-json\/wp\/v2\/pages\/1846","targetHints":{"allow":["GET"]}}],"collection":[{"href":"https:\/\/clinicadoctoreslopez.com\/fr\/wp-json\/wp\/v2\/pages"}],"about":[{"href":"https:\/\/clinicadoctoreslopez.com\/fr\/wp-json\/wp\/v2\/types\/page"}],"author":[{"embeddable":true,"href":"https:\/\/clinicadoctoreslopez.com\/fr\/wp-json\/wp\/v2\/users\/1"}],"replies":[{"embeddable":true,"href":"https:\/\/clinicadoctoreslopez.com\/fr\/wp-json\/wp\/v2\/comments?post=1846"}],"version-history":[{"count":0,"href":"https:\/\/clinicadoctoreslopez.com\/fr\/wp-json\/wp\/v2\/pages\/1846\/revisions"}],"wp:attachment":[{"href":"https:\/\/clinicadoctoreslopez.com\/fr\/wp-json\/wp\/v2\/media?parent=1846"}],"curies":[{"name":"wp","href":"https:\/\/api.w.org\/{rel}","templated":true}]}}