{"id":1879,"date":"2023-06-21T09:00:29","date_gmt":"2023-06-21T09:00:29","guid":{"rendered":"http:\/\/clinicadentaldoctoreslopez.es\/?page_id=1879"},"modified":"2024-06-19T17:21:34","modified_gmt":"2024-06-19T17:21:34","slug":"unite-esthetique-masculine","status":"publish","type":"page","link":"https:\/\/clinicadoctoreslopez.com\/fr\/unite-esthetique-masculine\/","title":{"rendered":"Unit\u00e9 Esth\u00e9tique Masculine"},"content":{"rendered":"<div data-elementor-type=\"wp-page\" data-elementor-id=\"1879\" class=\"elementor elementor-1879\" data-elementor-post-type=\"page\">\n\t\t\t\t\t\t<section class=\"elementor-section elementor-top-section elementor-element elementor-element-4d008b3b elementor-section-full_width elementor-section-height-min-height elementor-section-items-stretch elementor-section-height-default\" data-id=\"4d008b3b\" data-element_type=\"section\" data-e-type=\"section\" data-settings=\"{&quot;shape_divider_top&quot;:&quot;triangle&quot;}\">\n\t\t\t\t\t<div class=\"elementor-shape elementor-shape-top\" aria-hidden=\"true\" data-negative=\"false\">\n\t\t\t<svg xmlns=\"http:\/\/www.w3.org\/2000\/svg\" viewbox=\"0 0 1000 100\" preserveaspectratio=\"none\">\n\t<path class=\"elementor-shape-fill\" d=\"M500,98.9L0,6.1V0h1000v6.1L500,98.9z\"\/>\n<\/svg>\t\t<\/div>\n\t\t\t\t\t<div class=\"elementor-container elementor-column-gap-default\">\n\t\t\t\t\t<div class=\"elementor-column elementor-col-100 elementor-top-column elementor-element elementor-element-5a8abf38\" data-id=\"5a8abf38\" data-element_type=\"column\" data-e-type=\"column\">\n\t\t\t<div class=\"elementor-widget-wrap elementor-element-populated\">\n\t\t\t\t\t\t<div class=\"elementor-element elementor-element-43b3142c elementor-widget elementor-widget-heading\" data-id=\"43b3142c\" data-element_type=\"widget\" data-e-type=\"widget\" data-widget_type=\"heading.default\">\n\t\t\t\t<div class=\"elementor-widget-container\">\n\t\t\t\t\t<h1 class=\"elementor-heading-title elementor-size-default\">UNIT\u00c9 Esth\u00e9tique Masculine<\/h1>\t\t\t\t<\/div>\n\t\t\t\t<\/div>\n\t\t\t\t\t<\/div>\n\t\t<\/div>\n\t\t\t\t\t<\/div>\n\t\t<\/section>\n\t\t\t\t<section class=\"elementor-section elementor-top-section elementor-element elementor-element-2a1ce7bd elementor-section-boxed elementor-section-height-default elementor-section-height-default\" data-id=\"2a1ce7bd\" data-element_type=\"section\" data-e-type=\"section\">\n\t\t\t\t\t\t<div class=\"elementor-container elementor-column-gap-default\">\n\t\t\t\t\t<div class=\"elementor-column elementor-col-100 elementor-top-column elementor-element elementor-element-537705b3\" data-id=\"537705b3\" data-element_type=\"column\" data-e-type=\"column\">\n\t\t\t<div class=\"elementor-widget-wrap elementor-element-populated\">\n\t\t\t\t\t\t<div class=\"elementor-element elementor-element-1b3eeb4b elementor-widget elementor-widget-text-editor\" data-id=\"1b3eeb4b\" data-element_type=\"widget\" data-e-type=\"widget\" data-widget_type=\"text-editor.default\">\n\t\t\t\t<div class=\"elementor-widget-container\">\n\t\t\t\t\t\t\t\t\t<p><strong>Les soins 20% de M\u00e9decine Esth\u00e9tique s&#039;adressent aux hommes, notamment entre 40 et 55 ans.<\/strong><\/p><p>Les soins les plus demand\u00e9s par les hommes sont principalement : la r\u00e9duction de la graisse au niveau de la zone abdominale, le traitement des poches, l&#039;\u00e9limination des rides d&#039;expression et de l&#039;aspect fatigu\u00e9, la correction des oreilles d\u00e9coll\u00e9es, l&#039;alop\u00e9cie et le rajeunissement du visage.<\/p><p>Une \u00e9tude r\u00e9cente sur <a href=\"https:\/\/www.seme.org\" rel=\"nofollow noopener\" target=\"_blank\"><b>Soci\u00e9t\u00e9 Espagnole de M\u00e9decine Esth\u00e9tique (SEME)<\/b><\/a>, souligne que 20 % des traitements actuellement pratiqu\u00e9s dans les cliniques de m\u00e9decine esth\u00e9tique concernent des hommes, notamment entre 40 et 55 ans. Cette m\u00eame \u00e9tude explique que les traitements pr\u00e9f\u00e9r\u00e9s par eux sont ceux qui ne n\u00e9cessitent pas d&#039;intervention chirurgicale et qui offrent cependant des r\u00e9sultats tr\u00e8s positifs. Autrement dit, ils recherchent g\u00e9n\u00e9ralement des proc\u00e9dures esth\u00e9tiques moins agressives, des options moins invasives, mais qui donnent des r\u00e9sultats efficaces \u00e0 court et moyen terme.<\/p>\t\t\t\t\t\t\t\t<\/div>\n\t\t\t\t<\/div>\n\t\t\t\t<div class=\"elementor-element elementor-element-2d64abd8 elementor-align-left elementor-widget elementor-widget-button\" data-id=\"2d64abd8\" data-element_type=\"widget\" data-e-type=\"widget\" data-widget_type=\"button.default\">\n\t\t\t\t<div class=\"elementor-widget-container\">\n\t\t\t\t\t\t\t\t\t<div class=\"elementor-button-wrapper\">\n\t\t\t\t\t<a class=\"elementor-button elementor-button-link elementor-size-sm\" href=\"\/fr\/contact\/\">\n\t\t\t\t\t\t<span class=\"elementor-button-content-wrapper\">\n\t\t\t\t\t\t\t\t\t<span class=\"elementor-button-text\">Prendre rendez-vous<\/span>\n\t\t\t\t\t<\/span>\n\t\t\t\t\t<\/a>\n\t\t\t\t<\/div>\n\t\t\t\t\t\t\t\t<\/div>\n\t\t\t\t<\/div>\n\t\t\t\t\t<\/div>\n\t\t<\/div>\n\t\t\t\t\t<\/div>\n\t\t<\/section>\n\t\t\t\t<section class=\"elementor-section elementor-top-section elementor-element elementor-element-ca0a69a elementor-section-boxed elementor-section-height-default elementor-section-height-default\" data-id=\"ca0a69a\" data-element_type=\"section\" data-e-type=\"section\">\n\t\t\t\t\t\t<div class=\"elementor-container elementor-column-gap-default\">\n\t\t\t\t\t<div class=\"elementor-column elementor-col-100 elementor-top-column elementor-element elementor-element-7d9759f\" data-id=\"7d9759f\" data-element_type=\"column\" data-e-type=\"column\">\n\t\t\t<div class=\"elementor-widget-wrap elementor-element-populated\">\n\t\t\t\t\t\t<div class=\"elementor-element elementor-element-30c6530 elementor-widget elementor-widget-text-editor\" data-id=\"30c6530\" data-element_type=\"widget\" data-e-type=\"widget\" data-widget_type=\"text-editor.default\">\n\t\t\t\t<div class=\"elementor-widget-container\">\n\t\t\t\t\t\t\t\t\t<h3><strong>1. VISAGE<\/strong><\/h3><div><strong>\u00a0<\/strong><\/div><p><strong>\u2013 Rides et cernes dynamiques<\/strong> (r\u00e9duire l&#039;apparence fatigu\u00e9e).<\/p><p><strong>\u2013 Masculook :\u00a0<\/strong>Traitement de modelage du visage sans scalpel pour accentuer la masculinit\u00e9, fruit de la collaboration avec l&#039;experte internationale de renom Dr Sina Djalaei. <a href=\"https:\/\/clinicadoctoreslopez.com\/fr\/\"><b>Clinique M\u00e9decins Lopez<\/b><\/a>, a lanc\u00e9 dans l&#039;unit\u00e9 de M\u00e9decine Esth\u00e9tique pour hommes, Masculook, une technique pionni\u00e8re au monde pour le modelage du visage sans scalpel, pour le traitement des rides, des rides d&#039;expression, la correction du nez, la construction du menton, le remodelage des joues et la correction des l\u00e8vres, entre autres.<\/p>\t\t\t\t\t\t\t\t<\/div>\n\t\t\t\t<\/div>\n\t\t\t\t\t<\/div>\n\t\t<\/div>\n\t\t\t\t\t<\/div>\n\t\t<\/section>\n\t\t\t\t<section class=\"elementor-section elementor-top-section elementor-element elementor-element-4757b58 elementor-section-boxed elementor-section-height-default elementor-section-height-default\" data-id=\"4757b58\" data-element_type=\"section\" data-e-type=\"section\">\n\t\t\t\t\t\t<div class=\"elementor-container elementor-column-gap-default\">\n\t\t\t\t\t<div class=\"elementor-column elementor-col-100 elementor-top-column elementor-element elementor-element-6de4a77\" data-id=\"6de4a77\" data-element_type=\"column\" data-e-type=\"column\">\n\t\t\t<div class=\"elementor-widget-wrap elementor-element-populated\">\n\t\t\t\t\t\t<div class=\"elementor-element elementor-element-a5e9fa3 elementor-widget elementor-widget-image\" data-id=\"a5e9fa3\" data-element_type=\"widget\" data-e-type=\"widget\" data-widget_type=\"image.default\">\n\t\t\t\t<div class=\"elementor-widget-container\">\n\t\t\t\t\t\t\t\t\t\t\t\t\t\t\t<img fetchpriority=\"high\" decoding=\"async\" width=\"1024\" height=\"682\" src=\"https:\/\/clinicadoctoreslopez.com\/wp-content\/uploads\/2023\/06\/estetica-del-hombre-1024x682.jpg\" class=\"attachment-large size-large wp-image-1884\" alt=\"esth\u00e9tique de l&#039;homme\" srcset=\"https:\/\/clinicadoctoreslopez.com\/wp-content\/uploads\/2023\/06\/estetica-del-hombre-1024x682.jpg 1024w, https:\/\/clinicadoctoreslopez.com\/wp-content\/uploads\/2023\/06\/estetica-del-hombre-300x200.jpg 300w, https:\/\/clinicadoctoreslopez.com\/wp-content\/uploads\/2023\/06\/estetica-del-hombre-768x512.jpg 768w, https:\/\/clinicadoctoreslopez.com\/wp-content\/uploads\/2023\/06\/estetica-del-hombre.jpg 1181w\" sizes=\"(max-width: 1024px) 100vw, 1024px\" title=\"\">\t\t\t\t\t\t\t\t\t\t\t\t\t\t\t<\/div>\n\t\t\t\t<\/div>\n\t\t\t\t\t<\/div>\n\t\t<\/div>\n\t\t\t\t\t<\/div>\n\t\t<\/section>\n\t\t\t\t<section class=\"elementor-section elementor-top-section elementor-element elementor-element-2f71a90 elementor-section-boxed elementor-section-height-default elementor-section-height-default\" data-id=\"2f71a90\" data-element_type=\"section\" data-e-type=\"section\">\n\t\t\t\t\t\t<div class=\"elementor-container elementor-column-gap-default\">\n\t\t\t\t\t<div class=\"elementor-column elementor-col-100 elementor-top-column elementor-element elementor-element-14bf20e\" data-id=\"14bf20e\" data-element_type=\"column\" data-e-type=\"column\">\n\t\t\t<div class=\"elementor-widget-wrap elementor-element-populated\">\n\t\t\t\t\t\t<div class=\"elementor-element elementor-element-9499455 elementor-widget elementor-widget-text-editor\" data-id=\"9499455\" data-element_type=\"widget\" data-e-type=\"widget\" data-widget_type=\"text-editor.default\">\n\t\t\t\t<div class=\"elementor-widget-container\">\n\t\t\t\t\t\t\t\t\t<p><strong style=\"font-style: inherit; color: var( --e-global-color-text ); font-family: var( --e-global-typography-text-font-family ), Sans-serif; background-color: var(--ast-global-color-5);\">- Paupi\u00e8res.<\/strong><br><\/p>\n<p><strong>\u2013 Photorajeunissement : <\/strong>Le photorajeunissement du visage consiste en une m\u00e9thode de rajeunissement au laser, utilisant la m\u00e9thode de la lumi\u00e8re puls\u00e9e, \u00e9galement appel\u00e9e IPL du visage. C&#039;est l&#039;un des soins du visage pour hommes les plus utilis\u00e9s dans notre centre de m\u00e9decine esth\u00e9tique, o\u00f9 des impulsions de lumi\u00e8re intense (IPL) sont appliqu\u00e9es qui p\u00e9n\u00e8trent dans la peau, stimulant la formation de nouveau collag\u00e8ne qui dispara\u00eet avec le temps.<\/p>\n<p>Le laser Co2 fractionn\u00e9 est une excellente technique pour le traitement des cicatrices et des marques, entre autres troubles cutan\u00e9s. Les \u00e9quipements laser Co2 fractionn\u00e9 \u00e9mettent de minuscules faisceaux d\u2019\u00e9nergie, d\u2019un diam\u00e8tre microscopique, bien s\u00e9par\u00e9s les uns des autres. Ces microfaisceaux p\u00e9n\u00e8trent dans les colonnes formant la peau et les tissus sains restent entre eux, permettant une r\u00e9ponse de gu\u00e9rison beaucoup plus rapide des tissus et une r\u00e9duction des effets secondaires. L\u2019utilisation du laser n\u00e9odyme est \u00e9galement tr\u00e8s efficace pour le traitement des taches cutan\u00e9es qui apparaissent sur le visage, le d\u00e9collet\u00e9 ou les mains comme les lentigines, les \u00e9ph\u00e9lides ou les taches de rousseur.<\/p>\n<p><strong>\u2013 M\u00e9soth\u00e9rapie faciale : <\/strong>Il s&#039;agit d&#039;une m\u00e9thode peu invasive, dans laquelle la voie d&#039;application se fait par microinjections dans le but de redonner douceur et raffermissement aux tissus cutan\u00e9s.<\/p>\n<p><\/p>\n<h3><strong>2. CORPS<\/strong><\/h3>\n<div><strong>&nbsp;<\/strong><\/div>\n<p><strong>- Nutrition.<\/strong><\/p>\n<p><strong>\u2013 Accumulations graisseuses localis\u00e9es : <\/strong>Il y a des zones de notre corps qui accumulent plus de graisse que d\u2019autres. La liposculpture ou liposuccion permet une r\u00e9duction de volume durable, puisque l&#039;exc\u00e8s de graisse est \u00e9limin\u00e9 par aspiration. Nous disposons \u00e9galement d&#039;autres techniques qui peuvent \u00eatre utilis\u00e9es en fonction du diagnostic du patient, comme la m\u00e9soth\u00e9rapie, la laserlipolyse ou la cavitation, entre autres.<\/p>\n<p><strong>- \u00c9pilation d\u00e9finitive :<\/strong> Que ce soit pour des raisons d\u2019hygi\u00e8ne, pour \u00e9viter une folliculite ou pour faire du sport, de plus en plus d\u2019hommes d\u00e9cident de se lancer dans une cure d\u2019\u00e9pilation au laser. Les zones les plus ras\u00e9es sont les jambes, le dos, la poitrine et l\u2019abdomen.<\/p>\n<p>L&#039;\u00e9pilation au laser pour hommes r\u00e9pond tr\u00e8s bien aux jambes, car les poils de cette zone sont stables, \u00e9pais et pigment\u00e9s. Les poils du dos, de la poitrine et de l\u2019abdomen sont conditionn\u00e9s par l\u2019influence des hormones m\u00e2les. Le patient peut garder ses cheveux propres en appliquant 2 ou 3 s\u00e9ances annuelles dans le temps.<\/p>\t\t\t\t\t\t\t\t<\/div>\n\t\t\t\t<\/div>\n\t\t\t\t\t<\/div>\n\t\t<\/div>\n\t\t\t\t\t<\/div>\n\t\t<\/section>\n\t\t\t\t<section class=\"elementor-section elementor-top-section elementor-element elementor-element-a2dadf6 elementor-section-boxed elementor-section-height-default elementor-section-height-default\" data-id=\"a2dadf6\" data-element_type=\"section\" data-e-type=\"section\">\n\t\t\t\t\t\t<div class=\"elementor-container elementor-column-gap-default\">\n\t\t\t\t\t<div class=\"elementor-column elementor-col-100 elementor-top-column elementor-element elementor-element-8310028\" data-id=\"8310028\" data-element_type=\"column\" data-e-type=\"column\">\n\t\t\t<div class=\"elementor-widget-wrap elementor-element-populated\">\n\t\t\t\t\t\t<div class=\"elementor-element elementor-element-85cff21 elementor-align-left elementor-widget elementor-widget-button\" data-id=\"85cff21\" data-element_type=\"widget\" data-e-type=\"widget\" data-widget_type=\"button.default\">\n\t\t\t\t<div class=\"elementor-widget-container\">\n\t\t\t\t\t\t\t\t\t<div class=\"elementor-button-wrapper\">\n\t\t\t\t\t<a class=\"elementor-button elementor-button-link elementor-size-sm\" href=\"\/fr\/contact\/\">\n\t\t\t\t\t\t<span class=\"elementor-button-content-wrapper\">\n\t\t\t\t\t\t\t\t\t<span class=\"elementor-button-text\">Prendre rendez-vous<\/span>\n\t\t\t\t\t<\/span>\n\t\t\t\t\t<\/a>\n\t\t\t\t<\/div>\n\t\t\t\t\t\t\t\t<\/div>\n\t\t\t\t<\/div>\n\t\t\t\t\t<\/div>\n\t\t<\/div>\n\t\t\t\t\t<\/div>\n\t\t<\/section>\n\t\t\t\t<\/div>","protected":false},"excerpt":{"rendered":"<p>UNIdAD EST\u00e9tica masculina El 20% de los tratamientos de Medicina Est\u00e9tica tienen como protagonista a los hombres, sobre todo entre 40 y 55 a\u00f1os. Los tratamientos m\u00e1s demandados por los hombres son principalmente: la reducci\u00f3n de grasa en la zona abdominal, tratamientos de las bolsas, eliminaci\u00f3n de arrugas de expresi\u00f3n y aspecto cansado, correcci\u00f3n de [&hellip;]<\/p>\n","protected":false},"author":1,"featured_media":0,"parent":0,"menu_order":0,"comment_status":"closed","ping_status":"closed","template":"","meta":{"site-sidebar-layout":"no-sidebar","site-content-layout":"page-builder","ast-site-content-layout":"default","site-content-style":"default","site-sidebar-style":"default","ast-global-header-display":"","ast-banner-title-visibility":"","ast-main-header-display":"","ast-hfb-above-header-display":"","ast-hfb-below-header-display":"","ast-hfb-mobile-header-display":"","site-post-title":"disabled","ast-breadcrumbs-content":"","ast-featured-img":"disabled","footer-sml-layout":"","ast-disable-related-posts":"","theme-transparent-header-meta":"","adv-header-id-meta":"","stick-header-meta":"","header-above-stick-meta":"","header-main-stick-meta":"","header-below-stick-meta":"","astra-migrate-meta-layouts":"default","ast-page-background-enabled":"default","ast-page-background-meta":{"desktop":{"background-color":"var(--ast-global-color-4)","background-image":"","background-repeat":"repeat","background-position":"center center","background-size":"auto","background-attachment":"scroll","background-type":"","background-media":"","overlay-type":"","overlay-color":"","overlay-opacity":"","overlay-gradient":""},"tablet":{"background-color":"","background-image":"","background-repeat":"repeat","background-position":"center center","background-size":"auto","background-attachment":"scroll","background-type":"","background-media":"","overlay-type":"","overlay-color":"","overlay-opacity":"","overlay-gradient":""},"mobile":{"background-color":"","background-image":"","background-repeat":"repeat","background-position":"center center","background-size":"auto","background-attachment":"scroll","background-type":"","background-media":"","overlay-type":"","overlay-color":"","overlay-opacity":"","overlay-gradient":""}},"ast-content-background-meta":{"desktop":{"background-color":"var(--ast-global-color-5)","background-image":"","background-repeat":"repeat","background-position":"center center","background-size":"auto","background-attachment":"scroll","background-type":"","background-media":"","overlay-type":"","overlay-color":"","overlay-opacity":"","overlay-gradient":""},"tablet":{"background-color":"var(--ast-global-color-5)","background-image":"","background-repeat":"repeat","background-position":"center center","background-size":"auto","background-attachment":"scroll","background-type":"","background-media":"","overlay-type":"","overlay-color":"","overlay-opacity":"","overlay-gradient":""},"mobile":{"background-color":"var(--ast-global-color-5)","background-image":"","background-repeat":"repeat","background-position":"center center","background-size":"auto","background-attachment":"scroll","background-type":"","background-media":"","overlay-type":"","overlay-color":"","overlay-opacity":"","overlay-gradient":""}},"footnotes":""},"class_list":["post-1879","page","type-page","status-publish","hentry"],"_links":{"self":[{"href":"https:\/\/clinicadoctoreslopez.com\/fr\/wp-json\/wp\/v2\/pages\/1879","targetHints":{"allow":["GET"]}}],"collection":[{"href":"https:\/\/clinicadoctoreslopez.com\/fr\/wp-json\/wp\/v2\/pages"}],"about":[{"href":"https:\/\/clinicadoctoreslopez.com\/fr\/wp-json\/wp\/v2\/types\/page"}],"author":[{"embeddable":true,"href":"https:\/\/clinicadoctoreslopez.com\/fr\/wp-json\/wp\/v2\/users\/1"}],"replies":[{"embeddable":true,"href":"https:\/\/clinicadoctoreslopez.com\/fr\/wp-json\/wp\/v2\/comments?post=1879"}],"version-history":[{"count":0,"href":"https:\/\/clinicadoctoreslopez.com\/fr\/wp-json\/wp\/v2\/pages\/1879\/revisions"}],"wp:attachment":[{"href":"https:\/\/clinicadoctoreslopez.com\/fr\/wp-json\/wp\/v2\/media?parent=1879"}],"curies":[{"name":"wp","href":"https:\/\/api.w.org\/{rel}","templated":true}]}}