{"id":2009,"date":"2023-06-21T10:37:48","date_gmt":"2023-06-21T10:37:48","guid":{"rendered":"http:\/\/clinicadentaldoctoreslopez.es\/?page_id=2009"},"modified":"2024-06-21T12:28:38","modified_gmt":"2024-06-21T12:28:38","slug":"nutrition","status":"publish","type":"page","link":"https:\/\/clinicadoctoreslopez.com\/fr\/nutrition\/","title":{"rendered":"Nutrition"},"content":{"rendered":"<div data-elementor-type=\"wp-page\" data-elementor-id=\"2009\" class=\"elementor elementor-2009\" data-elementor-post-type=\"page\">\n\t\t\t\t\t\t<section class=\"elementor-section elementor-top-section elementor-element elementor-element-4d008b3b elementor-section-full_width elementor-section-height-min-height elementor-section-items-stretch elementor-section-height-default\" data-id=\"4d008b3b\" data-element_type=\"section\" data-e-type=\"section\" data-settings=\"{&quot;shape_divider_top&quot;:&quot;triangle&quot;}\">\n\t\t\t\t\t<div class=\"elementor-shape elementor-shape-top\" aria-hidden=\"true\" data-negative=\"false\">\n\t\t\t<svg xmlns=\"http:\/\/www.w3.org\/2000\/svg\" viewbox=\"0 0 1000 100\" preserveaspectratio=\"none\">\n\t<path class=\"elementor-shape-fill\" d=\"M500,98.9L0,6.1V0h1000v6.1L500,98.9z\"\/>\n<\/svg>\t\t<\/div>\n\t\t\t\t\t<div class=\"elementor-container elementor-column-gap-default\">\n\t\t\t\t\t<div class=\"elementor-column elementor-col-100 elementor-top-column elementor-element elementor-element-5a8abf38\" data-id=\"5a8abf38\" data-element_type=\"column\" data-e-type=\"column\">\n\t\t\t<div class=\"elementor-widget-wrap elementor-element-populated\">\n\t\t\t\t\t\t<div class=\"elementor-element elementor-element-5bee32cf elementor-widget elementor-widget-heading\" data-id=\"5bee32cf\" data-element_type=\"widget\" data-e-type=\"widget\" data-widget_type=\"heading.default\">\n\t\t\t\t<div class=\"elementor-widget-container\">\n\t\t\t\t\t<p class=\"elementor-heading-title elementor-size-default\">TRAITEMENTS<\/p>\t\t\t\t<\/div>\n\t\t\t\t<\/div>\n\t\t\t\t<div class=\"elementor-element elementor-element-43b3142c elementor-widget elementor-widget-heading\" data-id=\"43b3142c\" data-element_type=\"widget\" data-e-type=\"widget\" data-widget_type=\"heading.default\">\n\t\t\t\t<div class=\"elementor-widget-container\">\n\t\t\t\t\t<h1 class=\"elementor-heading-title elementor-size-default\">NUTRITION<\/h1>\t\t\t\t<\/div>\n\t\t\t\t<\/div>\n\t\t\t\t\t<\/div>\n\t\t<\/div>\n\t\t\t\t\t<\/div>\n\t\t<\/section>\n\t\t\t\t<section class=\"elementor-section elementor-top-section elementor-element elementor-element-2a1ce7bd elementor-section-boxed elementor-section-height-default elementor-section-height-default\" data-id=\"2a1ce7bd\" data-element_type=\"section\" data-e-type=\"section\">\n\t\t\t\t\t\t<div class=\"elementor-container elementor-column-gap-default\">\n\t\t\t\t\t<div class=\"elementor-column elementor-col-100 elementor-top-column elementor-element elementor-element-537705b3\" data-id=\"537705b3\" data-element_type=\"column\" data-e-type=\"column\">\n\t\t\t<div class=\"elementor-widget-wrap elementor-element-populated\">\n\t\t\t\t\t\t<div class=\"elementor-element elementor-element-7da60a08 elementor-widget elementor-widget-heading\" data-id=\"7da60a08\" data-element_type=\"widget\" data-e-type=\"widget\" data-widget_type=\"heading.default\">\n\t\t\t\t<div class=\"elementor-widget-container\">\n\t\t\t\t\t<h2 class=\"elementor-heading-title elementor-size-default\">Qu&#039;est que c&#039;est?<\/h2>\t\t\t\t<\/div>\n\t\t\t\t<\/div>\n\t\t\t\t<div class=\"elementor-element elementor-element-1b3eeb4b elementor-widget elementor-widget-text-editor\" data-id=\"1b3eeb4b\" data-element_type=\"widget\" data-e-type=\"widget\" data-widget_type=\"text-editor.default\">\n\t\t\t\t<div class=\"elementor-widget-container\">\n\t\t\t\t\t\t\t\t\t<div class=\"et_pb_module et_pb_text et_pb_text_2 et_pb_text_align_left et_pb_bg_layout_light et_had_animation\"><div class=\"et_pb_text_inner\"><p>La <a href=\"\/fr\/pilier-fondamental-de-la-nutrition-pour-une-vie-saine\/\"><b>alimentation et nutrition<\/b><\/a> sont deux des facteurs les plus d\u00e9terminants pour la sant\u00e9 de la population, le surpoids et surtout l&#039;ob\u00e9sit\u00e9 (exc\u00e8s de graisse corporelle) r\u00e9duisent l&#039;esp\u00e9rance de vie des personnes qui en souffrent, ce qui entra\u00eene une hypertension art\u00e9rielle, un diab\u00e8te, un taux de cholest\u00e9rol \u00e9lev\u00e9, de l&#039;acide urique, etc.<\/p><p>Dans <a href=\"https:\/\/clinicadoctoreslopez.com\/fr\/clinique\/\">notre <\/a><b><a href=\"https:\/\/clinicadoctoreslopez.com\/fr\/clinique\/\">cliniques<\/a> <\/b>de <b>M\u00e9decine esth\u00e9tique \u00e0 Malaga, Torremolinos et Marbella<\/b>, nous proposons des traitements di\u00e9t\u00e9tiques et nutritionnels qui am\u00e9liorent la qualit\u00e9 de vie de nos patients.<\/p><p><span style=\"font-style: inherit; background-color: var(--ast-global-color-5);\">Pour une \u00e9valuation correcte du patient <\/span><b style=\"font-style: inherit;\">le contr\u00f4le analytique est indispensable<\/b><span style=\"font-style: inherit; background-color: var(--ast-global-color-5);\">, un diagnostic de comparaison corporelle en \u00e9valuant d&#039;abord la masse grasse, la teneur en eau corporelle, la masse musculaire et le m\u00e9tabolisme basal du patient par imp\u00e9dancem\u00e9trie. ET<\/span><b style=\"font-style: inherit;\">L\u2019analyse des intol\u00e9rances alimentaires est \u00e9galement un outil tr\u00e8s utile pour \u00e9laborer un r\u00e9gime alimentaire.<\/b><span style=\"font-style: inherit; background-color: var(--ast-global-color-5);\"> sp\u00e9cifique au patient.<\/span><\/p><p><strong>\u00c9DUCATION ALIMENTAIRE ET PERTE DE POIDS CHEZ LES ENFANTS.<\/strong><\/p><p><b>Il est tr\u00e8s important de mener une \u00e9ducation nutritionnelle correcte<\/b> et cr\u00e9er de nouvelles habitudes chez les enfants de 8 \u00e0 15 ans, notamment chez ceux qui d\u00e9passent l&#039;IMC appropri\u00e9 (surpoids, voire ob\u00e9sit\u00e9). Dans ce cas, des r\u00e9gimes sp\u00e9cifiques et faciles \u00e0 accepter sont utilis\u00e9s.<\/p><p>Dans <a href=\"https:\/\/clinicadoctoreslopez.com\/fr\/\">notre clinique<\/a> Ils comprennent des traitements compl\u00e9mentaires et des r\u00e9gimes sp\u00e9cifiques pour perdre du poids en toute s\u00e9curit\u00e9 et am\u00e9liorer la sant\u00e9 des adultes ou des femmes sorties de grossesse et souhaitant retrouver leur silhouette.<\/p><p><strong>PROBL\u00c8MES \u00c0 L&#039;\u00c2GE MATURE.<\/strong><\/p><p>Dans la seconde moiti\u00e9 de la vie, il est difficile de maintenir son poids sans r\u00e9duire sa consommation alimentaire, en raison des changements dans la compression corporelle. Dans <a href=\"https:\/\/clinicadoctoreslopez.com\/fr\/\">Clinique M\u00e9decins Lopez<\/a> <a href=\"https:\/\/clinicadoctoreslopez.com\/fr\/\">Non seulement nous r\u00e9duisons et contr\u00f4lons l\u2019exc\u00e8s de poids, mais nous <b>nous accompagnons des traitements sp\u00e9cifiques pour \u00e9liminer les gr<\/b><\/a><b>poign\u00e9e localis\u00e9e<\/b> (adiposit\u00e9 centrale ou abdominale) pour retrouver votre silhouette.<\/p><p><strong>TRAITEMENT DE L&#039;OB\u00c9SIT\u00c9 SUR DEMANDE.<\/strong><\/p><p>Divers facteurs influencent les causes de l&#039;ob\u00e9sit\u00e9 et <b>Votre traitement doit \u00e9galement \u00eatre multifactoriel.<\/b>, en tenant compte du r\u00e9gime alimentaire sp\u00e9cifique en fonction des ant\u00e9c\u00e9dents cliniques \u2013 m\u00e9taboliques \u2013 alimentaires\u00a0; ainsi que, leur activit\u00e9 physique ou professionnelle.<\/p><p><strong>\u00c9VALUATION PERSONNALIS\u00c9E<\/strong><\/p><p>Nous offrons <b>traitement personnalis\u00e9 avec une \u00e9tude diagnostique.<\/b>\u00a0Nos sp\u00e9cialistes feront un historique complet de votre sant\u00e9, de vos habitudes, de votre exercice physique, de vos go\u00fbts alimentaires, etc. \u00a0<b>Gr\u00e2ce aux donn\u00e9es collect\u00e9es, nos experts cr\u00e9ent un r\u00e9gime alimentaire adapt\u00e9 \u00e0 chaque patient.<\/b> et toujours sous contr\u00f4le m\u00e9dical qualifi\u00e9 strict, le tout dans le but de garantir que votre perte de poids soit saine, s\u00fbre et contr\u00f4l\u00e9e.<\/p><p><strong>TECHNIQUES COMPL\u00c9MENTAIRES<\/strong><\/p><p>Chacun de ces r\u00e9gimes peut \u00eatre compl\u00e9t\u00e9 par des techniques telles que la chirurgie esth\u00e9tique : <b>liposuccion, abdominoplastie ou ballon intragastrique<\/b>, ce dernier est un appareil con\u00e7u pour faciliter la perte de poids chez les patients ob\u00e8ses, <b>produit une diminution de la sensation de faim et l&#039;apparition d&#039;une sati\u00e9t\u00e9 pr\u00e9coce en mangeant<\/b>. Avec ces deux effets, il est plus facile de suivre un r\u00e9gime alimentaire ad\u00e9quat et de pouvoir modifier les habitudes alimentaires et physiques n\u00e9cessaires non seulement pour perdre du poids, mais aussi pour le maintenir au cours des mois suivants.<\/p><p><strong style=\"color: var( --e-global-color-primary ); font-family: 'Plus Jakarta Sans', sans-serif; font-size: 1.3333333333333rem; font-style: inherit;\">BALLON INTRAGASTRIC (GROS)<\/strong><\/p><div><strong>\u00a0<\/strong><span style=\"font-style: inherit; background-color: var(--ast-global-color-5);\">Il <\/span><b style=\"font-style: inherit;\">GROS ballon intragastrique <\/b><span style=\"font-style: inherit; background-color: var(--ast-global-color-5);\">Il s\u2019agit d\u2019un ballon en silicone souple qui est introduit dans l\u2019estomac par la bouche, par endoscopie. Il ne s\u2019agit donc pas d\u2019un acte chirurgical. <\/span><b style=\"font-style: inherit;\">Le ballon intragastrique d\u00e9gonfl\u00e9 est introduit et une fois \u00e0 l\u2019int\u00e9rieur de l\u2019estomac il est rempli d\u2019une solution saline st\u00e9rile.<\/b><span style=\"font-style: inherit; background-color: var(--ast-global-color-5);\">l, color\u00e9 au bleu de m\u00e9thyl\u00e8ne. Cette proc\u00e9dure est r\u00e9alis\u00e9e sous s\u00e9dation (et non sous anesth\u00e9sie g\u00e9n\u00e9rale) et sans douleur.<\/span><\/div><p><b>Le ballon intragastrique vous aide \u00e0 vous sentir rassasi\u00e9<\/b>, r\u00e9duisant ainsi vos besoins alimentaires, tout en suivant un programme de perte de poids avec l&#039;assistance d&#039;une \u00e9quipe de m\u00e9decins et de di\u00e9t\u00e9ticiens. Pensez-y comme aux roues stabilisatrices d\u2019un v\u00e9lo, sans lesquelles apprendre \u00e0 rouler peut \u00eatre lent et douloureux. <b>Avec l\u2019aide de votre \u00ab propre outil d\u2019entra\u00eenement \u00bb, le ballon intragastrique peut vous aider \u00e0 transformer votre corps de mani\u00e8re s\u00fbre et efficace, am\u00e9liorant ainsi votre sant\u00e9 et votre qualit\u00e9 de vie.<\/b>.<\/p><p><b>Placement<\/b>: L&#039;implantation du ballon intragastrique ne dure pas plus de 20 minutes et le patient peut rentrer chez lui 2 ou 3 heures plus tard.<\/p><p><b>Dur\u00e9e<\/b>: Le ballon intragastrique reste dans l&#039;estomac pendant environ 6 mois. Pass\u00e9 ce d\u00e9lai, il devra \u00eatre retir\u00e9. Le ballon sera retir\u00e9 de la m\u00eame mani\u00e8re qu&#039;il a \u00e9t\u00e9 plac\u00e9, c&#039;est-\u00e0-dire par l&#039;\u0153sophage et la bouche par un m\u00e9decin sp\u00e9cialis\u00e9 dans le syst\u00e8me digestif, par gastroscopie.<\/p><p><strong>QUI PEUT B\u00c9N\u00c9FICIER DU BALLON INTRAGASTRIC ?<\/strong><\/p><p>Le but du syst\u00e8me BIG est <b>aider les personnes qui d\u00e9passent leur poids id\u00e9al d&#039;au moins un 40% \u00e0 perdre du poids<\/b>, ou quoi <b>Chez un adulte standard, il peut y avoir un exc\u00e8s de poids de 20 \u00e0 25 kilos.<\/b>.  De plus, le syst\u00e8me BIG peut \u00eatre particuli\u00e8rement utile pour les personnes consid\u00e9r\u00e9es comme trop ob\u00e8ses ou pr\u00e9sentant un risque plus \u00e9lev\u00e9 de subir des interventions chirurgicales graves. Utiliser ce syst\u00e8me pour perdre du poids avant une op\u00e9ration peut r\u00e9duire les risques qui y sont associ\u00e9s.<\/p><p><strong>COMBIEN DE POIDS SERA PERDU AVEC LE BIG ?<\/strong><\/p><p>Le rythme appropri\u00e9 pour perdre du poids dans tout traitement contre l\u2019ob\u00e9sit\u00e9 devrait \u00eatre d\u2019environ 1 kg par semaine. <b>La perte de poids d\u00e9pendra de facteurs tels que la dur\u00e9e pendant laquelle le ballon reste dans l&#039;estomac (maximum 6 mois) et le taux de perte de poids de chaque patient.<\/b>.<\/p><p>Il est possible que vous perdiez peu ou pas de poids en portant le ballon, tout comme il est possible que vous perdiez du poids d&#039;une mani\u00e8re incontr\u00f4lable ou nocive pour votre sant\u00e9. Assurez-vous de parler \u00e0 votre m\u00e9decin de ces possibilit\u00e9s.<\/p><p><strong>ALLEZ-VOUS REPRENDRE DU POIDS APR\u00c8S UN GRAND RETRAIT ?<\/strong><\/p><p>Toi<b> Vous aurez plus de chances de maintenir votre perte de poids apr\u00e8s avoir retir\u00e9 le ballon si vous conservez les habitudes que vous avez acquises.<\/b> <b>dans votre alimentation<\/b> et le comportement alimentaire, lors de l&#039;utilisation du ballon. Si les habitudes alimentaires acquises sont maintenues, il y a une plus grande possibilit\u00e9 de maintenir la perte de poids apr\u00e8s le retrait du ballon.<\/p><p><strong>QUELS EFFETS D\u00c9SAGR\u00c9ABLES PEUT-ON RESSENTIR AVEC LE GRAND SYST\u00c8ME ?<\/strong><\/p><p>Il est tr\u00e8s probable que la pr\u00e9sence du ballon \u00e0 l\u2019int\u00e9rieur de l\u2019estomac provoque des naus\u00e9es ou des vomissements pendant quelques jours apr\u00e8s sa mise en place. Votre \u00e9quipe m\u00e9dicale peut vous prescrire des m\u00e9dicaments pour att\u00e9nuer ces effets potentiels.<\/p><\/div><\/div>\t\t\t\t\t\t\t\t<\/div>\n\t\t\t\t<\/div>\n\t\t\t\t<div class=\"elementor-element elementor-element-2d64abd8 elementor-align-left elementor-widget elementor-widget-button\" data-id=\"2d64abd8\" data-element_type=\"widget\" data-e-type=\"widget\" data-widget_type=\"button.default\">\n\t\t\t\t<div class=\"elementor-widget-container\">\n\t\t\t\t\t\t\t\t\t<div class=\"elementor-button-wrapper\">\n\t\t\t\t\t<a class=\"elementor-button elementor-button-link elementor-size-sm\" href=\"\/fr\/contact\/\">\n\t\t\t\t\t\t<span class=\"elementor-button-content-wrapper\">\n\t\t\t\t\t\t\t\t\t<span class=\"elementor-button-text\">Prendre rendez-vous<\/span>\n\t\t\t\t\t<\/span>\n\t\t\t\t\t<\/a>\n\t\t\t\t<\/div>\n\t\t\t\t\t\t\t\t<\/div>\n\t\t\t\t<\/div>\n\t\t\t\t\t<\/div>\n\t\t<\/div>\n\t\t\t\t\t<\/div>\n\t\t<\/section>\n\t\t\t\t<\/div>","protected":false},"excerpt":{"rendered":"<p>TRATAMIENTOS NUTRICI\u00d3N \u00bfQu\u00e9 es? La diet\u00e9tica y nutrici\u00f3n son dos de los factores m\u00e1s determinantes en la salud de la poblaci\u00f3n, el exceso de peso y sobre todo la obesidad (exceso de grasa corporal) reduce la esperanza de vida de las personas que la padecen, esto conlleva a producir hipertensi\u00f3n arterial, diabetes, elevaci\u00f3n de colesterol, [&hellip;]<\/p>\n","protected":false},"author":1,"featured_media":0,"parent":0,"menu_order":0,"comment_status":"closed","ping_status":"closed","template":"","meta":{"site-sidebar-layout":"no-sidebar","site-content-layout":"page-builder","ast-site-content-layout":"default","site-content-style":"default","site-sidebar-style":"default","ast-global-header-display":"","ast-banner-title-visibility":"","ast-main-header-display":"","ast-hfb-above-header-display":"","ast-hfb-below-header-display":"","ast-hfb-mobile-header-display":"","site-post-title":"disabled","ast-breadcrumbs-content":"","ast-featured-img":"disabled","footer-sml-layout":"","ast-disable-related-posts":"","theme-transparent-header-meta":"","adv-header-id-meta":"","stick-header-meta":"","header-above-stick-meta":"","header-main-stick-meta":"","header-below-stick-meta":"","astra-migrate-meta-layouts":"default","ast-page-background-enabled":"default","ast-page-background-meta":{"desktop":{"background-color":"var(--ast-global-color-4)","background-image":"","background-repeat":"repeat","background-position":"center center","background-size":"auto","background-attachment":"scroll","background-type":"","background-media":"","overlay-type":"","overlay-color":"","overlay-opacity":"","overlay-gradient":""},"tablet":{"background-color":"","background-image":"","background-repeat":"repeat","background-position":"center center","background-size":"auto","background-attachment":"scroll","background-type":"","background-media":"","overlay-type":"","overlay-color":"","overlay-opacity":"","overlay-gradient":""},"mobile":{"background-color":"","background-image":"","background-repeat":"repeat","background-position":"center center","background-size":"auto","background-attachment":"scroll","background-type":"","background-media":"","overlay-type":"","overlay-color":"","overlay-opacity":"","overlay-gradient":""}},"ast-content-background-meta":{"desktop":{"background-color":"var(--ast-global-color-5)","background-image":"","background-repeat":"repeat","background-position":"center center","background-size":"auto","background-attachment":"scroll","background-type":"","background-media":"","overlay-type":"","overlay-color":"","overlay-opacity":"","overlay-gradient":""},"tablet":{"background-color":"var(--ast-global-color-5)","background-image":"","background-repeat":"repeat","background-position":"center center","background-size":"auto","background-attachment":"scroll","background-type":"","background-media":"","overlay-type":"","overlay-color":"","overlay-opacity":"","overlay-gradient":""},"mobile":{"background-color":"var(--ast-global-color-5)","background-image":"","background-repeat":"repeat","background-position":"center center","background-size":"auto","background-attachment":"scroll","background-type":"","background-media":"","overlay-type":"","overlay-color":"","overlay-opacity":"","overlay-gradient":""}},"footnotes":""},"class_list":["post-2009","page","type-page","status-publish","hentry"],"_links":{"self":[{"href":"https:\/\/clinicadoctoreslopez.com\/fr\/wp-json\/wp\/v2\/pages\/2009","targetHints":{"allow":["GET"]}}],"collection":[{"href":"https:\/\/clinicadoctoreslopez.com\/fr\/wp-json\/wp\/v2\/pages"}],"about":[{"href":"https:\/\/clinicadoctoreslopez.com\/fr\/wp-json\/wp\/v2\/types\/page"}],"author":[{"embeddable":true,"href":"https:\/\/clinicadoctoreslopez.com\/fr\/wp-json\/wp\/v2\/users\/1"}],"replies":[{"embeddable":true,"href":"https:\/\/clinicadoctoreslopez.com\/fr\/wp-json\/wp\/v2\/comments?post=2009"}],"version-history":[{"count":0,"href":"https:\/\/clinicadoctoreslopez.com\/fr\/wp-json\/wp\/v2\/pages\/2009\/revisions"}],"wp:attachment":[{"href":"https:\/\/clinicadoctoreslopez.com\/fr\/wp-json\/wp\/v2\/media?parent=2009"}],"curies":[{"name":"wp","href":"https:\/\/api.w.org\/{rel}","templated":true}]}}