{"id":98,"date":"2023-03-23T17:31:20","date_gmt":"2023-03-23T17:31:20","guid":{"rendered":"http:\/\/clinicadentaldoctoreslopez.es\/?page_id=98"},"modified":"2024-06-19T17:20:42","modified_gmt":"2024-06-19T17:20:42","slug":"avis-juridique","status":"publish","type":"page","link":"https:\/\/clinicadoctoreslopez.com\/fr\/avis-juridique\/","title":{"rendered":"Avis juridique"},"content":{"rendered":"<div data-elementor-type=\"wp-page\" data-elementor-id=\"98\" class=\"elementor elementor-98\" data-elementor-post-type=\"page\">\n\t\t\t\t\t\t<section class=\"elementor-section elementor-top-section elementor-element elementor-element-62900886 elementor-section-boxed elementor-section-height-default elementor-section-height-default\" data-id=\"62900886\" data-element_type=\"section\" data-e-type=\"section\">\n\t\t\t\t\t\t<div class=\"elementor-container elementor-column-gap-default\">\n\t\t\t\t\t<div class=\"elementor-column elementor-col-100 elementor-top-column elementor-element elementor-element-40a795f6\" data-id=\"40a795f6\" data-element_type=\"column\" data-e-type=\"column\">\n\t\t\t<div class=\"elementor-widget-wrap elementor-element-populated\">\n\t\t\t\t\t\t<div class=\"elementor-element elementor-element-ba7176e elementor-widget elementor-widget-heading\" data-id=\"ba7176e\" data-element_type=\"widget\" data-e-type=\"widget\" data-widget_type=\"heading.default\">\n\t\t\t\t<div class=\"elementor-widget-container\">\n\t\t\t\t\t<h2 class=\"elementor-heading-title elementor-size-default\">Avis juridique<\/h2>\t\t\t\t<\/div>\n\t\t\t\t<\/div>\n\t\t\t\t<div class=\"elementor-element elementor-element-6bc4e9f1 elementor-widget elementor-widget-text-editor\" data-id=\"6bc4e9f1\" data-element_type=\"widget\" data-e-type=\"widget\" data-widget_type=\"text-editor.default\">\n\t\t\t\t<div class=\"elementor-widget-container\">\n\t\t\t\t\t\t\t\t\t<p>1.IDENTIFICATION DES DONN\u00c9ES<\/p><p>Conform\u00e9ment au devoir d&#039;information contenu dans l&#039;article 10 de la loi 34\/2002 du 11 juillet relative aux services de la soci\u00e9t\u00e9 de l&#039;information et du commerce \u00e9lectronique, les donn\u00e9es suivantes sont refl\u00e9t\u00e9es ci-dessous\u00a0: la soci\u00e9t\u00e9 propri\u00e9taire du domaine Web est DR MAR\u00cdA DEL CARMEN L\u00d3PEZ MAR\u00cdN (ci-apr\u00e8s CLINICA DOCTORES LOPEZ), dont l&#039;adresse \u00e0 cet effet est C\/. Ment\u00f3n N\u00ba 7 \u2013 Urb. Los Alamos, Torremolinos Num\u00e9ro CIF : CCCCC inscrit au REGISTRE DU COMMERCE DE M\u00c1LAGA. Email du contact:\u00a0<a href=\"mailto:secretaria@clinicadoctoreslopez.com\">secretaria@clinicadoctoreslopez.com<\/a>\u00a0du site Internet.<\/p><p>2. UTILISATEURS<\/p><p>L&#039;acc\u00e8s et\/ou l&#039;utilisation de ce portail CLINICA DOCTORES LOPEZ attribue la condition d&#039;UTILISATEUR, qui accepte, \u00e0 partir dudit acc\u00e8s et\/ou utilisation, les Conditions G\u00e9n\u00e9rales d&#039;Utilisation refl\u00e9t\u00e9es ici. Les Conditions susvis\u00e9es s\u2019appliqueront quelles que soient les Conditions G\u00e9n\u00e9rales du Contrat qui, le cas \u00e9ch\u00e9ant, sont obligatoires.<\/p><p>3.UTILISATION DU PORTAIL<\/p><p>CLINICADOCTORESLOPEZ.COM donne acc\u00e8s \u00e0 une multitude d&#039;informations, de services, de programmes ou de donn\u00e9es (ci-apr\u00e8s, \u00ab les contenus \u00bb) sur Internet appartenant \u00e0 CLINICA DOCTORES LOPEZ ou \u00e0 ses conc\u00e9dants de licence auxquels l&#039;UTILISATEUR peut avoir acc\u00e8s. L&#039;UTILISATEUR assume la responsabilit\u00e9 de l&#039;utilisation du portail. Cette responsabilit\u00e9 s&#039;\u00e9tend \u00e0 l&#039;inscription n\u00e9cessaire pour acc\u00e9der \u00e0 certains services ou contenus.<br \/>Lors de cette inscription, l&#039;UTILISATEUR sera responsable de fournir des informations v\u00e9ridiques et licites. A la suite de cette inscription, l&#039;UTILISATEUR pourra se voir attribuer un mot de passe dont il sera responsable,<br \/>s\u2019engageant \u00e0 en faire un usage diligent et confidentiel. L&#039;UTILISATEUR s&#039;engage \u00e0 faire un usage appropri\u00e9 des contenus et des services (tels que les services de chat, les forums de discussion ou les groupes de discussion) que propose le Nom de la soci\u00e9t\u00e9 cr\u00e9atrice du site Internet \u00e0 travers son portail et \u00e0 titre d&#039;exemple mais non limitatif, \u00e0 ne pas les utiliser pour (i) se livrer \u00e0 des activit\u00e9s illicites, ill\u00e9gales ou contraires \u00e0 la bonne foi et \u00e0 l\u2019ordre public ; (ii) diffuser des contenus ou de la propagande \u00e0 caract\u00e8re raciste, x\u00e9nophobe, pornographique-ill\u00e9gal, pr\u00f4nant le terrorisme ou violant les droits de l&#039;homme ; (iii) causer des dommages aux syst\u00e8mes physiques et logiques de la soci\u00e9t\u00e9 cr\u00e9atrice du site Internet, de ses fournisseurs ou de tiers, introduire ou propager des virus informatiques sur le r\u00e9seau ou tout autre syst\u00e8me physique ou logique susceptible de causer les dommages susmentionn\u00e9s. d\u00e9g\u00e2ts; (iv) tenter d&#039;acc\u00e9der et, le cas \u00e9ch\u00e9ant, d&#039;utiliser les comptes de messagerie d&#039;autres utilisateurs et de modifier ou manipuler leurs messages. Le nom de la soci\u00e9t\u00e9 cr\u00e9atrice du site se r\u00e9serve le droit de retirer tous commentaires et contributions portant atteinte au respect de la dignit\u00e9 de la personne, \u00e0 caract\u00e8re discriminatoire, x\u00e9nophobe, raciste, pornographique, portant atteinte \u00e0 la jeunesse ou \u00e0 l&#039;enfance, \u00e0 l&#039;ordre ou \u00e0 la s\u00e9curit\u00e9 publique ou qui, \u00e0 votre avis, ne conviennent pas \u00e0 la publication. En aucun cas, CLINICA DOCTORES LOPEZ ne sera responsable des opinions exprim\u00e9es par les utilisateurs via les forums, chats ou autres outils de participation.<\/p><p>4.PROTECTION DES DONN\u00c9ES<\/p><p>CLINICA DOCTORES LOPEZ respecte les lignes directrices de la loi organique 15\/1999 du 13 d\u00e9cembre sur la protection des donn\u00e9es personnelles, du d\u00e9cret royal 1720\/2007 du 21 d\u00e9cembre, qui approuve le r\u00e8glement pour l&#039;\u00e9laboration de la loi organique et d&#039;autres r\u00e9glementations en vigueur. fois, et garantit l&#039;utilisation et le traitement corrects des donn\u00e9es personnelles de l&#039;utilisateur. \u00c0 cette fin, avec chaque formulaire de collecte de donn\u00e9es personnelles, dans les services que l&#039;utilisateur peut demander \u00e0 KKKKK, il informera l&#039;utilisateur de l&#039;existence et de l&#039;acceptation des conditions particuli\u00e8res de traitement de ses donn\u00e9es dans chaque cas, en l&#039;informant de la responsabilit\u00e9 du fichier cr\u00e9\u00e9, l&#039;adresse du responsable, la possibilit\u00e9 d&#039;exercer vos droits d&#039;acc\u00e8s, de rectification, annulation ou opposition, la finalit\u00e9 du traitement et les communications des donn\u00e9es \u00e0 des tiers le cas \u00e9ch\u00e9ant.<\/p><p>De m\u00eame, CLINICA DOCTORES LOPEZ informe qu&#039;elle se conforme \u00e0 la loi 34\/2002 du 11 juillet sur les services de la soci\u00e9t\u00e9 de l&#039;information et du commerce \u00e9lectronique et demandera \u00e0 tout moment votre consentement au traitement de votre courrier \u00e9lectronique \u00e0 des fins commerciales.<\/p><p>5. PROPRI\u00c9T\u00c9 INTELLECTUELLE ET INDUSTRIELLE<\/p><p>CLINICA DOCTORES LOPEZ, seule ou en tant que cessionnaire, est propri\u00e9taire de tous les droits de propri\u00e9t\u00e9 intellectuelle et industrielle de son site Internet, ainsi que des \u00e9l\u00e9ments qui y sont contenus (\u00e0 titre d&#039;exemple, images, sons, audio, vid\u00e9o, logiciels ou textes ; marques ou logos, combinaisons de couleurs, structure et design, s\u00e9lection des mat\u00e9riaux utilis\u00e9s, programmes informatiques n\u00e9cessaires \u00e0 son fonctionnement, acc\u00e8s et utilisation, etc.), propri\u00e9t\u00e9 de CLINICA DOCTORES LOPEZ ou de ses conc\u00e9dants de licence.<\/p><p>Tous droits r\u00e9serv\u00e9s. En vertu des dispositions des articles 8 et 32.1, deuxi\u00e8me alin\u00e9a, de la Loi sur la Propri\u00e9t\u00e9 Intellectuelle, la reproduction, la distribution et la communication publique, y compris le mode de mise \u00e0 disposition, de tout ou partie du contenu de ce site Web, \u00e0 des fins commerciales , sur tout support et par tout moyen technique, sans l&#039;autorisation de CLINICA DOCTORES LOPEZ. L&#039;UTILISATEUR s&#039;engage \u00e0 respecter les droits de propri\u00e9t\u00e9 intellectuelle et industrielle d\u00e9tenus par CLINICA DOCTORES LOPEZ. Vous pouvez visualiser les \u00e9l\u00e9ments du portail et m\u00eame les imprimer, les copier et les stocker sur le disque dur de votre ordinateur ou sur tout autre support physique \u00e0 condition que ce soit, uniquement et exclusivement, pour votre usage personnel et priv\u00e9. L&#039;UTILISATEUR doit s&#039;abstenir de supprimer, alt\u00e9rer, \u00e9luder ou manipuler tout dispositif de protection ou syst\u00e8me de s\u00e9curit\u00e9 install\u00e9 sur les pages de CLINICA DOCTORES LOPEZ.<\/p><p>6.EXCLUSION DE GARANTIES ET DE RESPONSABILIT\u00c9<\/p><p>CLINICA DOCTORES LOPEZ n&#039;est en aucun cas responsable des dommages de toute nature qui pourraient \u00eatre caus\u00e9s, \u00e0 titre d&#039;exemple : des erreurs ou omissions dans le contenu, le manque de disponibilit\u00e9 du portail ou la transmission de virus ou de programmes malveillants ou nuisibles. dans le contenu, m\u00eame si nous avons adopt\u00e9 toutes les mesures technologiques n\u00e9cessaires pour l&#039;\u00e9viter.<\/p><p>7. MODIFICATIONS<\/p><p>CLINICA DOCTORES LOPEZ se r\u00e9serve le droit d&#039;apporter, sans pr\u00e9avis, toutes modifications qu&#039;elle jugera appropri\u00e9es \u00e0 son portail, et pourra changer, supprimer ou ajouter tant le contenu et les services fournis par son interm\u00e9diaire que la mani\u00e8re dont ils sont pr\u00e9sent\u00e9s ou localis\u00e9s sur votre. portail.<\/p><p>8. LIENS<\/p><p>Dans le cas o\u00f9 CLINICADOCTORESLOPEZ.COM contient des liens ou des hyperliens vers d&#039;autres sites Internet, CLINICA DOCTORES LOPEZ n&#039;exercera aucun type de contr\u00f4le sur lesdits sites et contenus. En aucun cas<br \/>CLINICA DOCTORES LOPEZ n&#039;assumera aucune responsabilit\u00e9 quant au contenu de tout lien appartenant \u00e0 un site Web tiers, ni ne garantira la disponibilit\u00e9 technique, la qualit\u00e9, la fiabilit\u00e9, l&#039;exactitude, l&#039;\u00e9tendue, la v\u00e9racit\u00e9, la validit\u00e9 et<br \/>la constitutionnalit\u00e9 de tout mat\u00e9riel ou information contenu dans de tels hyperliens ou autres sites Internet.<\/p><p>De m\u00eame, l&#039;inclusion de ces connexions externes n&#039;impliquera aucun type d&#039;association, fusion ou participation avec les entit\u00e9s connect\u00e9es.<\/p><p>9.DROIT D&#039;EXCLUSION<\/p><p>CLINICA DOCTORES LOPEZ se r\u00e9serve le droit de refuser ou de retirer l&#039;acc\u00e8s au portail et\/ou aux services offerts sans pr\u00e9avis, \u00e0 sa propre demande ou \u00e0 celle d&#039;un tiers, aux utilisateurs qui ne respecteraient pas les pr\u00e9sentes Conditions G\u00e9n\u00e9rales d&#039;Utilisation.<\/p><p>10.G\u00c9N\u00c9RALIT\u00c9S<\/p><p>CLINICA DOCTORES LOPEZ poursuivra le non-respect de ces conditions ainsi que toute utilisation abusive de son portail en exer\u00e7ant toutes les actions civiles et p\u00e9nales qui pourraient lui correspondre par la loi.<\/p><p>11. MODIFICATION DE CES CONDITIONS ET DUR\u00c9E<\/p><p>CLINICA DOCTORES LOPEZ peut modifier \u00e0 tout moment les conditions d\u00e9termin\u00e9es ici, \u00e9tant d\u00fbment publi\u00e9es telles qu&#039;elles apparaissent ici.<\/p><p>La validit\u00e9 des conditions susmentionn\u00e9es d\u00e9pendra de leur exposition et sera valable jusqu&#039;\u00e0 ce qu&#039;elles soient d\u00fbment publi\u00e9es. qui sont modifi\u00e9s par d&#039;autres.<\/p><p>12. L\u00c9GISLATION APPLICABLE ET JURIDICTION<\/p><p>La relation entre CLINICA DOCTORES LOPEZ et l&#039;UTILISATEUR sera r\u00e9gie par la r\u00e9glementation espagnole en vigueur et toute controverse sera soumise aux Cours et Tribunaux de la ville de M\u00e1laga.<\/p>\t\t\t\t\t\t\t\t<\/div>\n\t\t\t\t<\/div>\n\t\t\t\t\t<\/div>\n\t\t<\/div>\n\t\t\t\t\t<\/div>\n\t\t<\/section>\n\t\t\t\t<\/div>","protected":false},"excerpt":{"rendered":"<p>Aviso legal 1.DATOS IDENTIFICATIVOS En cumplimiento con el deber de informaci\u00f3n recogido en art\u00edculo 10 de la Ley 34\/2002, de 11 de julio, de Servicios de la Sociedad de la Informaci\u00f3n y del Comercio Electr\u00f3nico, a continuaci\u00f3n se reflejan los siguientes datos: la empresa titular de dominio web es DRA MAR\u00cdA DEL CARMEN L\u00d3PEZ MAR\u00cdN [&hellip;]<\/p>\n","protected":false},"author":1,"featured_media":0,"parent":0,"menu_order":0,"comment_status":"closed","ping_status":"closed","template":"","meta":{"site-sidebar-layout":"no-sidebar","site-content-layout":"page-builder","ast-site-content-layout":"default","site-content-style":"default","site-sidebar-style":"default","ast-global-header-display":"","ast-banner-title-visibility":"","ast-main-header-display":"","ast-hfb-above-header-display":"","ast-hfb-below-header-display":"","ast-hfb-mobile-header-display":"","site-post-title":"disabled","ast-breadcrumbs-content":"","ast-featured-img":"disabled","footer-sml-layout":"","ast-disable-related-posts":"","theme-transparent-header-meta":"","adv-header-id-meta":"","stick-header-meta":"","header-above-stick-meta":"","header-main-stick-meta":"","header-below-stick-meta":"","astra-migrate-meta-layouts":"default","ast-page-background-enabled":"default","ast-page-background-meta":{"desktop":{"background-color":"var(--ast-global-color-4)","background-image":"","background-repeat":"repeat","background-position":"center center","background-size":"auto","background-attachment":"scroll","background-type":"","background-media":"","overlay-type":"","overlay-color":"","overlay-opacity":"","overlay-gradient":""},"tablet":{"background-color":"","background-image":"","background-repeat":"repeat","background-position":"center center","background-size":"auto","background-attachment":"scroll","background-type":"","background-media":"","overlay-type":"","overlay-color":"","overlay-opacity":"","overlay-gradient":""},"mobile":{"background-color":"","background-image":"","background-repeat":"repeat","background-position":"center center","background-size":"auto","background-attachment":"scroll","background-type":"","background-media":"","overlay-type":"","overlay-color":"","overlay-opacity":"","overlay-gradient":""}},"ast-content-background-meta":{"desktop":{"background-color":"var(--ast-global-color-5)","background-image":"","background-repeat":"repeat","background-position":"center center","background-size":"auto","background-attachment":"scroll","background-type":"","background-media":"","overlay-type":"","overlay-color":"","overlay-opacity":"","overlay-gradient":""},"tablet":{"background-color":"var(--ast-global-color-5)","background-image":"","background-repeat":"repeat","background-position":"center center","background-size":"auto","background-attachment":"scroll","background-type":"","background-media":"","overlay-type":"","overlay-color":"","overlay-opacity":"","overlay-gradient":""},"mobile":{"background-color":"var(--ast-global-color-5)","background-image":"","background-repeat":"repeat","background-position":"center center","background-size":"auto","background-attachment":"scroll","background-type":"","background-media":"","overlay-type":"","overlay-color":"","overlay-opacity":"","overlay-gradient":""}},"footnotes":""},"class_list":["post-98","page","type-page","status-publish","hentry"],"_links":{"self":[{"href":"https:\/\/clinicadoctoreslopez.com\/fr\/wp-json\/wp\/v2\/pages\/98","targetHints":{"allow":["GET"]}}],"collection":[{"href":"https:\/\/clinicadoctoreslopez.com\/fr\/wp-json\/wp\/v2\/pages"}],"about":[{"href":"https:\/\/clinicadoctoreslopez.com\/fr\/wp-json\/wp\/v2\/types\/page"}],"author":[{"embeddable":true,"href":"https:\/\/clinicadoctoreslopez.com\/fr\/wp-json\/wp\/v2\/users\/1"}],"replies":[{"embeddable":true,"href":"https:\/\/clinicadoctoreslopez.com\/fr\/wp-json\/wp\/v2\/comments?post=98"}],"version-history":[{"count":0,"href":"https:\/\/clinicadoctoreslopez.com\/fr\/wp-json\/wp\/v2\/pages\/98\/revisions"}],"wp:attachment":[{"href":"https:\/\/clinicadoctoreslopez.com\/fr\/wp-json\/wp\/v2\/media?parent=98"}],"curies":[{"name":"wp","href":"https:\/\/api.w.org\/{rel}","templated":true}]}}